{"id":69216,"date":"2024-03-22T16:22:44","date_gmt":"2024-03-22T15:22:44","guid":{"rendered":"https:\/\/abinox-chr-clim.com\/index.php\/product\/fourneau-gaz-6-feux-vifs-gastro-m-700-sur-placard-ouvert-gm70-120pcg\/"},"modified":"2026-04-20T09:37:55","modified_gmt":"2026-04-20T07:37:55","slug":"fourneau-gaz-6-feux-vifs-gastro-m-700-sur-placard-ouvert-gm70-120pcg","status":"publish","type":"product","link":"https:\/\/abinox-chr-clim.com\/index.php\/product\/fourneau-gaz-6-feux-vifs-gastro-m-700-sur-placard-ouvert-gm70-120pcg\/","title":{"rendered":"Fourneau gaz 6 feux vifs Gastro M 700 sur placard ouvert GM70\/120PCG"},"content":{"rendered":"<p>Fourneau gaz 6 feux vifs avec placard ouvert, thermocouples, br\u00fbleurs laiton, plaques de d\u00e9bordement \u00e9maill\u00e9es, flamme pilote pour allumage automatique. Pieds r\u00e9glables, portes non incluses.<br \/>Placard ouvert. 4 feux vifs de 3,7kW chacun. 2 feux vif de 5,5kW chacun. R\u00e9f\u00e9rence soumise \u00e0 une Eco-participation mobilier de 0.24\u20ac par unit\u00e9 vendue.  R\u00e9f\u00e9rence soumise \u00e0 une Eco-participation DEEE de 1,42\u20ac par unit\u00e9 vendue. Placard ouvert.<\/p>\n<p>Caract\u00e9ristiques :<br \/> Dimensions : 850(H) x 1200(L) x 770(P) mm.<br \/> Mati\u00e8re : Acier inoxydable.<br \/> Sortie : 25,8kW.<br \/> Couleur : Acier inoxydable.<br \/> Puissance : 33.5 kW.<\/p>\n","protected":false},"excerpt":{"rendered":"<div><img decoding=\"async\" src=\"https:\/\/abinox-chr-clim.com\/wp-content\/uploads\/2024\/03\/abinox-garantie-1-an.webp\" width=\"150px\"\/><\/div>\n<p>Fourneau gaz 6 feux vifs Gastro M 700 sur placard ouvert GM70\/120PCG<\/p>\n","protected":false},"featured_media":102336,"comment_status":"closed","ping_status":"closed","template":"","meta":[],"product_brand":[],"product_cat":[1167,1170,1160,1296],"product_tag":[],"class_list":{"0":"post-69216","1":"product","2":"type-product","3":"status-publish","4":"has-post-thumbnail","6":"product_cat-cuisson-horizontale","7":"product_cat-gastro-m-serie-700","8":"product_cat-materiel-electrique-et-de-cuisson","9":"product_cat-palettisable","11":"first","12":"instock","13":"featured","14":"taxable","15":"shipping-taxable","16":"purchasable","17":"product-type-simple"},"_links":{"self":[{"href":"https:\/\/abinox-chr-clim.com\/index.php\/wp-json\/wp\/v2\/product\/69216","targetHints":{"allow":["GET"]}}],"collection":[{"href":"https:\/\/abinox-chr-clim.com\/index.php\/wp-json\/wp\/v2\/product"}],"about":[{"href":"https:\/\/abinox-chr-clim.com\/index.php\/wp-json\/wp\/v2\/types\/product"}],"replies":[{"embeddable":true,"href":"https:\/\/abinox-chr-clim.com\/index.php\/wp-json\/wp\/v2\/comments?post=69216"}],"wp:featuredmedia":[{"embeddable":true,"href":"https:\/\/abinox-chr-clim.com\/index.php\/wp-json\/wp\/v2\/media\/102336"}],"wp:attachment":[{"href":"https:\/\/abinox-chr-clim.com\/index.php\/wp-json\/wp\/v2\/media?parent=69216"}],"wp:term":[{"taxonomy":"product_brand","embeddable":true,"href":"https:\/\/abinox-chr-clim.com\/index.php\/wp-json\/wp\/v2\/product_brand?post=69216"},{"taxonomy":"product_cat","embeddable":true,"href":"https:\/\/abinox-chr-clim.com\/index.php\/wp-json\/wp\/v2\/product_cat?post=69216"},{"taxonomy":"product_tag","embeddable":true,"href":"https:\/\/abinox-chr-clim.com\/index.php\/wp-json\/wp\/v2\/product_tag?post=69216"}],"curies":[{"name":"wp","href":"https:\/\/api.w.org\/{rel}","templated":true}]}}