{"id":69211,"date":"2024-03-22T16:22:38","date_gmt":"2024-03-22T15:22:38","guid":{"rendered":"https:\/\/abinox-chr-clim.com\/index.php\/product\/plaque-coup-de-feu-2-feux-vifs-sur-four-gaz-gastro-m-70-80-tppcfg\/"},"modified":"2026-04-20T09:32:31","modified_gmt":"2026-04-20T07:32:31","slug":"plaque-coup-de-feu-2-feux-vifs-sur-four-gaz-gastro-m-70-80-tppcfg","status":"publish","type":"product","link":"https:\/\/abinox-chr-clim.com\/index.php\/product\/plaque-coup-de-feu-2-feux-vifs-sur-four-gaz-gastro-m-70-80-tppcfg\/","title":{"rendered":"Plaque coup de feu 2 feux vifs sur four gaz Gastro M 70\/80 TPPCFG"},"content":{"rendered":"<p>Plaque coup de feu gaz avec deux feux vifs puissants sur four. Feux vifs avec thermocouple et veilleuse. La PCF poss\u00e8de un seul br\u00fbleur situ\u00e9 au centre,  Four \u00e0 gaz avec thermostat, thermo-couple et allumage piezo. Pieds r\u00e9glables.<br \/>Construction acier inoxydable. 1 feu vif PCF de 3,7kW. 2 feux vifs de 5,5kW. R\u00e9f\u00e9rence soumise \u00e0 une Eco-participation mobilier de 0.34\u20ac par unit\u00e9 vendue.  Four : 5kW. R\u00e9f\u00e9rence soumise \u00e0 une Eco-participation DEEE de 2,00\u20ac par unit\u00e9 vendue. Construction acier inoxydable.<\/p>\n<p>Caract\u00e9ristiques :<br \/> Dimensions : Dimensions (mm): 850(H) x  800(L) x 700(P).<br \/> Mati\u00e8re : Acier inoxydable.<br \/> Couleur : Acier inoxydable.<\/p>\n","protected":false},"excerpt":{"rendered":"<div><img decoding=\"async\" src=\"https:\/\/abinox-chr-clim.com\/wp-content\/uploads\/2024\/03\/abinox-garantie-1-an.webp\" width=\"150px\"\/><\/div>\n<p>Plaque coup de feu 2 feux vifs sur four gaz Gastro M 70\/80 TPPCFG<\/p>\n","protected":false},"featured_media":102794,"comment_status":"closed","ping_status":"closed","template":"","meta":[],"product_brand":[],"product_cat":[1167,1170,1160,1296],"product_tag":[],"class_list":{"0":"post-69211","1":"product","2":"type-product","3":"status-publish","4":"has-post-thumbnail","6":"product_cat-cuisson-horizontale","7":"product_cat-gastro-m-serie-700","8":"product_cat-materiel-electrique-et-de-cuisson","9":"product_cat-palettisable","11":"first","12":"instock","13":"featured","14":"taxable","15":"shipping-taxable","16":"purchasable","17":"product-type-simple"},"_links":{"self":[{"href":"https:\/\/abinox-chr-clim.com\/index.php\/wp-json\/wp\/v2\/product\/69211","targetHints":{"allow":["GET"]}}],"collection":[{"href":"https:\/\/abinox-chr-clim.com\/index.php\/wp-json\/wp\/v2\/product"}],"about":[{"href":"https:\/\/abinox-chr-clim.com\/index.php\/wp-json\/wp\/v2\/types\/product"}],"replies":[{"embeddable":true,"href":"https:\/\/abinox-chr-clim.com\/index.php\/wp-json\/wp\/v2\/comments?post=69211"}],"wp:featuredmedia":[{"embeddable":true,"href":"https:\/\/abinox-chr-clim.com\/index.php\/wp-json\/wp\/v2\/media\/102794"}],"wp:attachment":[{"href":"https:\/\/abinox-chr-clim.com\/index.php\/wp-json\/wp\/v2\/media?parent=69211"}],"wp:term":[{"taxonomy":"product_brand","embeddable":true,"href":"https:\/\/abinox-chr-clim.com\/index.php\/wp-json\/wp\/v2\/product_brand?post=69211"},{"taxonomy":"product_cat","embeddable":true,"href":"https:\/\/abinox-chr-clim.com\/index.php\/wp-json\/wp\/v2\/product_cat?post=69211"},{"taxonomy":"product_tag","embeddable":true,"href":"https:\/\/abinox-chr-clim.com\/index.php\/wp-json\/wp\/v2\/product_tag?post=69211"}],"curies":[{"name":"wp","href":"https:\/\/api.w.org\/{rel}","templated":true}]}}