{"id":69210,"date":"2024-03-22T16:22:37","date_gmt":"2024-03-22T15:22:37","guid":{"rendered":"https:\/\/abinox-chr-clim.com\/index.php\/product\/friteuse-electrique-sur-pied-gastro-m-gm70-80fre-2x-10l\/"},"modified":"2026-04-20T09:32:02","modified_gmt":"2026-04-20T07:32:02","slug":"friteuse-electrique-sur-pied-gastro-m-gm70-80fre-2x-10l","status":"publish","type":"product","link":"https:\/\/abinox-chr-clim.com\/index.php\/product\/friteuse-electrique-sur-pied-gastro-m-gm70-80fre-2x-10l\/","title":{"rendered":"Friteuse \u00e9lectrique sur pied Gastro M GM70\/80FRE 2x 10L"},"content":{"rendered":"<p>Friteuse \u00e9lectrique sur pied avec robinet de vidange, interrupteur marche\/arr\u00eat, thermostat de s\u00e9curit\u00e9, zone froide et r\u00e9colte des r\u00e9sidus. Facile \u00e0 nettoyer. R\u00e9sistance relevable et basculante. Livr\u00e9e avec deux paniers et pieds r\u00e9glables.<br \/>Construction acier inoxydable. Capacit\u00e9 de friture max.12kg\/h. Robinet de vidange int\u00e9gr\u00e9. R\u00e9f\u00e9rence soumise \u00e0 une Eco-participation mobilier de 0.27\u20ac par unit\u00e9 vendue. Thermostat de s\u00e9curit\u00e9. Zone froide.Contr\u00f4le de temp\u00e9rature thermostatique. R\u00e9f\u00e9rence soumise \u00e0 une Eco-participation DEEE de 4,64\u20ac par unit\u00e9 vendue. Construction acier inoxydable.<\/p>\n<p>Caract\u00e9ristiques :<br \/> Capacit\u00e9 : 2 x 10L.<br \/> Dimensions : 850(H) x 800(L) x 700(P) mm.<br \/> Mati\u00e8re : Acier inoxydable.<br \/> Sortie : 18kW.<br \/> Voltage : 400V.<br \/> Couleur : Acier inoxydable.<\/p>\n","protected":false},"excerpt":{"rendered":"<div><img decoding=\"async\" src=\"https:\/\/abinox-chr-clim.com\/wp-content\/uploads\/2024\/03\/abinox-garantie-1-an.webp\" width=\"150px\"\/><\/div>\n<p>Friteuse \u00e9lectrique sur pied Gastro M GM70\/80FRE 2x 10L<\/p>\n","protected":false},"featured_media":102156,"comment_status":"closed","ping_status":"closed","template":"","meta":[],"product_brand":[],"product_cat":[1167,1170,1160,1296],"product_tag":[],"class_list":{"0":"post-69210","1":"product","2":"type-product","3":"status-publish","4":"has-post-thumbnail","6":"product_cat-cuisson-horizontale","7":"product_cat-gastro-m-serie-700","8":"product_cat-materiel-electrique-et-de-cuisson","9":"product_cat-palettisable","11":"first","12":"instock","13":"featured","14":"taxable","15":"shipping-taxable","16":"purchasable","17":"product-type-simple"},"_links":{"self":[{"href":"https:\/\/abinox-chr-clim.com\/index.php\/wp-json\/wp\/v2\/product\/69210","targetHints":{"allow":["GET"]}}],"collection":[{"href":"https:\/\/abinox-chr-clim.com\/index.php\/wp-json\/wp\/v2\/product"}],"about":[{"href":"https:\/\/abinox-chr-clim.com\/index.php\/wp-json\/wp\/v2\/types\/product"}],"replies":[{"embeddable":true,"href":"https:\/\/abinox-chr-clim.com\/index.php\/wp-json\/wp\/v2\/comments?post=69210"}],"wp:featuredmedia":[{"embeddable":true,"href":"https:\/\/abinox-chr-clim.com\/index.php\/wp-json\/wp\/v2\/media\/102156"}],"wp:attachment":[{"href":"https:\/\/abinox-chr-clim.com\/index.php\/wp-json\/wp\/v2\/media?parent=69210"}],"wp:term":[{"taxonomy":"product_brand","embeddable":true,"href":"https:\/\/abinox-chr-clim.com\/index.php\/wp-json\/wp\/v2\/product_brand?post=69210"},{"taxonomy":"product_cat","embeddable":true,"href":"https:\/\/abinox-chr-clim.com\/index.php\/wp-json\/wp\/v2\/product_cat?post=69210"},{"taxonomy":"product_tag","embeddable":true,"href":"https:\/\/abinox-chr-clim.com\/index.php\/wp-json\/wp\/v2\/product_tag?post=69210"}],"curies":[{"name":"wp","href":"https:\/\/api.w.org\/{rel}","templated":true}]}}