{"id":69209,"date":"2024-03-22T16:22:37","date_gmt":"2024-03-22T15:22:37","guid":{"rendered":"https:\/\/abinox-chr-clim.com\/index.php\/product\/friteuse-gaz-sur-pied-gastro-m-70-80frgs13-2x-13l\/"},"modified":"2026-04-20T09:32:01","modified_gmt":"2026-04-20T07:32:01","slug":"friteuse-gaz-sur-pied-gastro-m-70-80frgs13-2x-13l","status":"publish","type":"product","link":"https:\/\/abinox-chr-clim.com\/index.php\/product\/friteuse-gaz-sur-pied-gastro-m-70-80frgs13-2x-13l\/","title":{"rendered":"Friteuse gaz sur pied Gastro M 70\/80FRGS13 2x 13L"},"content":{"rendered":"<p>Friteuse \u00e0 gaz 2x 13L avec allumage piezo, soupape de s\u00e9curit\u00e9 thermostatique et coupe-circuit thermique. Mont\u00e9e en temp\u00e9rature rapide gr\u00e2ce \u00e0 2 br\u00fbleurs ind\u00e9pendants. Zone froide pour la r\u00e9colte des r\u00e9sidus d&rsquo;aliments, robinet de vidange. Livr\u00e9e avec paniers. Pieds r\u00e9glables. Attention : ne pas utiliser de graisse solide.<br \/>Construction acier inoxydable. 2 x 13 litres (paniers 26x29x14cm). Robinet de vidange int\u00e9gr\u00e9. R\u00e9f\u00e9rence soumise \u00e0 une Eco-participation mobilier de 0.26\u20ac par unit\u00e9 vendue. Coupe-circuit thermique. Capacit\u00e9 de friture max.18kg\/h.Livr\u00e9e avec portes. R\u00e9f\u00e9rence soumise \u00e0 une Eco-participation DEEE de 10,00\u20ac par unit\u00e9 vendue. Construction acier inoxydable.<\/p>\n<p>Caract\u00e9ristiques :<br \/> Capacit\u00e9 : 2 x 13L.<br \/> Dimensions : 850(H) x 800(L) x 700(P) mm.<br \/> Mati\u00e8re : Acier inoxydable.<br \/> Couleur : Acier inoxydable.<br \/> Puissance : 24 kW.<\/p>\n","protected":false},"excerpt":{"rendered":"<div><img decoding=\"async\" src=\"https:\/\/abinox-chr-clim.com\/wp-content\/uploads\/2024\/03\/abinox-garantie-1-an.webp\" width=\"150px\"\/><\/div>\n<p>Friteuse gaz sur pied Gastro M 70\/80FRGS13 2x 13L<\/p>\n","protected":false},"featured_media":102155,"comment_status":"closed","ping_status":"closed","template":"","meta":[],"product_brand":[],"product_cat":[1167,1170,1160,1296],"product_tag":[],"class_list":{"0":"post-69209","1":"product","2":"type-product","3":"status-publish","4":"has-post-thumbnail","6":"product_cat-cuisson-horizontale","7":"product_cat-gastro-m-serie-700","8":"product_cat-materiel-electrique-et-de-cuisson","9":"product_cat-palettisable","11":"first","12":"instock","13":"featured","14":"taxable","15":"shipping-taxable","16":"purchasable","17":"product-type-simple"},"_links":{"self":[{"href":"https:\/\/abinox-chr-clim.com\/index.php\/wp-json\/wp\/v2\/product\/69209","targetHints":{"allow":["GET"]}}],"collection":[{"href":"https:\/\/abinox-chr-clim.com\/index.php\/wp-json\/wp\/v2\/product"}],"about":[{"href":"https:\/\/abinox-chr-clim.com\/index.php\/wp-json\/wp\/v2\/types\/product"}],"replies":[{"embeddable":true,"href":"https:\/\/abinox-chr-clim.com\/index.php\/wp-json\/wp\/v2\/comments?post=69209"}],"wp:featuredmedia":[{"embeddable":true,"href":"https:\/\/abinox-chr-clim.com\/index.php\/wp-json\/wp\/v2\/media\/102155"}],"wp:attachment":[{"href":"https:\/\/abinox-chr-clim.com\/index.php\/wp-json\/wp\/v2\/media?parent=69209"}],"wp:term":[{"taxonomy":"product_brand","embeddable":true,"href":"https:\/\/abinox-chr-clim.com\/index.php\/wp-json\/wp\/v2\/product_brand?post=69209"},{"taxonomy":"product_cat","embeddable":true,"href":"https:\/\/abinox-chr-clim.com\/index.php\/wp-json\/wp\/v2\/product_cat?post=69209"},{"taxonomy":"product_tag","embeddable":true,"href":"https:\/\/abinox-chr-clim.com\/index.php\/wp-json\/wp\/v2\/product_tag?post=69209"}],"curies":[{"name":"wp","href":"https:\/\/api.w.org\/{rel}","templated":true}]}}