{"id":69208,"date":"2024-03-22T16:22:37","date_gmt":"2024-03-22T15:22:37","guid":{"rendered":"https:\/\/abinox-chr-clim.com\/index.php\/product\/grillade-pierre-de-lave-gaz-gastro-m-70-80-grl\/"},"modified":"2026-04-24T09:36:20","modified_gmt":"2026-04-24T07:36:20","slug":"grillade-pierre-de-lave-gaz-gastro-m-70-80-grl","status":"publish","type":"product","link":"https:\/\/abinox-chr-clim.com\/index.php\/product\/grillade-pierre-de-lave-gaz-gastro-m-70-80-grl\/","title":{"rendered":"Grillade pierre de lave gaz Gastro M 70\/80 GRL"},"content":{"rendered":"<p>Grillades pierre de lave \u00e0 gaz avec grille en \u00ab\u00a0V\u00a0\u00bb, allumage piezo, br\u00fbleurs en acier inoxydable, bac de r\u00e9cup\u00e9ration et thermo-couple. Robinets \u00e0 gaz ind\u00e9pendants pour chacune des deux zones de chauffe. Fournie avec les pierres de laves. Pieds r\u00e9glables.<br \/>Construction en acier inoxydable. Grille viande type \u00ab\u00a0V\u00a0\u00bb. R\u00e9cup\u00e9rateur de graisse int\u00e9gr\u00e9. R\u00e9f\u00e9rence soumise \u00e0 une Eco-participation mobilier de 0.28\u20ac par unit\u00e9 vendue. Placard ouvert. Livr\u00e9e avec injecteurs butane\/propane (Produit n\u00e9cessitant obligatoirement une installation par un professionnel pour b\u00e9n\u00e9ficier de la garantie). Thermocouple. R\u00e9f\u00e9rence soumise \u00e0 une Eco-participation DEEE de 1,84\u20ac par unit\u00e9 vendue. Construction en acier inoxydable.<\/p>\n<p>Caract\u00e9ristiques :<br \/> Dimensions : 850(H) x 800(L) x 700(P) mm.<br \/> Mati\u00e8re : Acier inoxydable.<br \/> Sortie : 15kW.<br \/> Couleur : .<br \/> Puissance : 15 kW.<\/p>\n","protected":false},"excerpt":{"rendered":"<div><img decoding=\"async\" src=\"https:\/\/abinox-chr-clim.com\/wp-content\/uploads\/2024\/03\/abinox-garantie-1-an.webp\" width=\"150px\"\/><\/div>\n<p>Grillade pierre de lave gaz Gastro M 70\/80 GRL<\/p>\n","protected":false},"featured_media":102154,"comment_status":"closed","ping_status":"closed","template":"","meta":[],"product_brand":[],"product_cat":[1167,1170,1160,1296],"product_tag":[],"class_list":{"0":"post-69208","1":"product","2":"type-product","3":"status-publish","4":"has-post-thumbnail","6":"product_cat-cuisson-horizontale","7":"product_cat-gastro-m-serie-700","8":"product_cat-materiel-electrique-et-de-cuisson","9":"product_cat-palettisable","11":"first","12":"instock","13":"featured","14":"taxable","15":"shipping-taxable","16":"purchasable","17":"product-type-simple"},"_links":{"self":[{"href":"https:\/\/abinox-chr-clim.com\/index.php\/wp-json\/wp\/v2\/product\/69208","targetHints":{"allow":["GET"]}}],"collection":[{"href":"https:\/\/abinox-chr-clim.com\/index.php\/wp-json\/wp\/v2\/product"}],"about":[{"href":"https:\/\/abinox-chr-clim.com\/index.php\/wp-json\/wp\/v2\/types\/product"}],"replies":[{"embeddable":true,"href":"https:\/\/abinox-chr-clim.com\/index.php\/wp-json\/wp\/v2\/comments?post=69208"}],"wp:featuredmedia":[{"embeddable":true,"href":"https:\/\/abinox-chr-clim.com\/index.php\/wp-json\/wp\/v2\/media\/102154"}],"wp:attachment":[{"href":"https:\/\/abinox-chr-clim.com\/index.php\/wp-json\/wp\/v2\/media?parent=69208"}],"wp:term":[{"taxonomy":"product_brand","embeddable":true,"href":"https:\/\/abinox-chr-clim.com\/index.php\/wp-json\/wp\/v2\/product_brand?post=69208"},{"taxonomy":"product_cat","embeddable":true,"href":"https:\/\/abinox-chr-clim.com\/index.php\/wp-json\/wp\/v2\/product_cat?post=69208"},{"taxonomy":"product_tag","embeddable":true,"href":"https:\/\/abinox-chr-clim.com\/index.php\/wp-json\/wp\/v2\/product_tag?post=69208"}],"curies":[{"name":"wp","href":"https:\/\/api.w.org\/{rel}","templated":true}]}}