{"id":69207,"date":"2024-03-22T16:22:36","date_gmt":"2024-03-22T15:22:36","guid":{"rendered":"https:\/\/abinox-chr-clim.com\/index.php\/product\/fourneau-electrique-4-plaques-sur-four-electrique-statique-gastro-m-70-80-cfe\/"},"modified":"2026-04-24T09:36:18","modified_gmt":"2026-04-24T07:36:18","slug":"fourneau-electrique-4-plaques-sur-four-electrique-statique-gastro-m-70-80-cfe","status":"publish","type":"product","link":"https:\/\/abinox-chr-clim.com\/index.php\/product\/fourneau-electrique-4-plaques-sur-four-electrique-statique-gastro-m-70-80-cfe\/","title":{"rendered":"Fourneau \u00e9lectrique 4 plaques sur four \u00e9lectrique statique Gastro M 70\/80 CFE"},"content":{"rendered":"<p>Fourneau \u00e9lectrique avec 4 plaques de cuisson sur four \u00e9lectrique statique, avec voyant. Four \u00e9lectrique avec thermostat 6 positions et voyant. Pieds r\u00e9glables pour un positionnement de niveau en cas de sol irr\u00e9gulier.<br \/>Acier inoxydable. Commutateur ind\u00e9pendant pour chaque plaque de cuisson. 4 plaques de cuisson 2,6 kW. R\u00e9f\u00e9rence soumise \u00e0 une Eco-participation mobilier de 0.3\u20ac par unit\u00e9 vendue.  R\u00e9f\u00e9rence soumise \u00e0 une Eco-participation DEEE de 5,64\u20ac par unit\u00e9 vendue. Acier inoxydable.<\/p>\n<p>Caract\u00e9ristiques :<br \/> Dimensions : 850(H) x 800(L) x 700(P)mm.<br \/> Mati\u00e8re : Acier inoxydable.<br \/> Sortie : 10.4kW.<br \/> Voltage : 400V.<br \/> Couleur : Acier inoxydable.<\/p>\n","protected":false},"excerpt":{"rendered":"<div><img decoding=\"async\" src=\"https:\/\/abinox-chr-clim.com\/wp-content\/uploads\/2024\/03\/abinox-garantie-1-an.webp\" width=\"150px\"\/><\/div>\n<p>Fourneau \u00e9lectrique 4 plaques sur four \u00e9lectrique statique Gastro M 70\/80 CFE<\/p>\n","protected":false},"featured_media":102690,"comment_status":"closed","ping_status":"closed","template":"","meta":[],"product_brand":[],"product_cat":[1167,1170,1160,1296],"product_tag":[],"class_list":{"0":"post-69207","1":"product","2":"type-product","3":"status-publish","4":"has-post-thumbnail","6":"product_cat-cuisson-horizontale","7":"product_cat-gastro-m-serie-700","8":"product_cat-materiel-electrique-et-de-cuisson","9":"product_cat-palettisable","11":"first","12":"instock","13":"featured","14":"taxable","15":"shipping-taxable","16":"purchasable","17":"product-type-simple"},"_links":{"self":[{"href":"https:\/\/abinox-chr-clim.com\/index.php\/wp-json\/wp\/v2\/product\/69207","targetHints":{"allow":["GET"]}}],"collection":[{"href":"https:\/\/abinox-chr-clim.com\/index.php\/wp-json\/wp\/v2\/product"}],"about":[{"href":"https:\/\/abinox-chr-clim.com\/index.php\/wp-json\/wp\/v2\/types\/product"}],"replies":[{"embeddable":true,"href":"https:\/\/abinox-chr-clim.com\/index.php\/wp-json\/wp\/v2\/comments?post=69207"}],"wp:featuredmedia":[{"embeddable":true,"href":"https:\/\/abinox-chr-clim.com\/index.php\/wp-json\/wp\/v2\/media\/102690"}],"wp:attachment":[{"href":"https:\/\/abinox-chr-clim.com\/index.php\/wp-json\/wp\/v2\/media?parent=69207"}],"wp:term":[{"taxonomy":"product_brand","embeddable":true,"href":"https:\/\/abinox-chr-clim.com\/index.php\/wp-json\/wp\/v2\/product_brand?post=69207"},{"taxonomy":"product_cat","embeddable":true,"href":"https:\/\/abinox-chr-clim.com\/index.php\/wp-json\/wp\/v2\/product_cat?post=69207"},{"taxonomy":"product_tag","embeddable":true,"href":"https:\/\/abinox-chr-clim.com\/index.php\/wp-json\/wp\/v2\/product_tag?post=69207"}],"curies":[{"name":"wp","href":"https:\/\/api.w.org\/{rel}","templated":true}]}}