{"id":69206,"date":"2024-03-22T16:22:36","date_gmt":"2024-03-22T15:22:36","guid":{"rendered":"https:\/\/abinox-chr-clim.com\/index.php\/product\/fourneau-gaz-sur-four-a-gaz-gastro-m-70-80-cfgb\/"},"modified":"2026-04-20T09:32:27","modified_gmt":"2026-04-20T07:32:27","slug":"fourneau-gaz-sur-four-a-gaz-gastro-m-70-80-cfgb","status":"publish","type":"product","link":"https:\/\/abinox-chr-clim.com\/index.php\/product\/fourneau-gaz-sur-four-a-gaz-gastro-m-70-80-cfgb\/","title":{"rendered":"Fourneau gaz sur four \u00e0 gaz Gastro M 70\/80 CFGB"},"content":{"rendered":"<p>Fourneau 4 feux vifs en cuivre sur four \u00e0 gaz, avec thermocouples, plaques de d\u00e9bordement \u00e9maill\u00e9es et allumage automatique. Le four \u00e0 gaz puissant poss\u00e8de thermostat, allumage piezo, flamme pilote et rails amovibles.<br \/>Construction acier inoxydable. Efficacit\u00e9 \u00e9nerg\u00e9tique, br\u00fbleurs haute performance. 2 feux vifs 3,7 kW. R\u00e9f\u00e9rence soumise \u00e0 une Eco-participation mobilier de 0.34\u20ac par unit\u00e9 vendue. Puissance four 8kW.2 feux vifs 5,5 kW. R\u00e9f\u00e9rence soumise \u00e0 une Eco-participation DEEE de 2,00\u20ac par unit\u00e9 vendue. Construction acier inoxydable.<\/p>\n<p>Caract\u00e9ristiques :<br \/> Dimensions : 870(H) x 800(L) x 730(P) mm.<br \/> Mati\u00e8re : Acier inoxydable.<br \/> Couleur : Acier inoxydable.<\/p>\n","protected":false},"excerpt":{"rendered":"<div><img decoding=\"async\" src=\"https:\/\/abinox-chr-clim.com\/wp-content\/uploads\/2024\/03\/abinox-garantie-1-an.webp\" width=\"150px\"\/><\/div>\n<p>Fourneau gaz sur four \u00e0 gaz Gastro M 70\/80 CFGB<\/p>\n","protected":false},"featured_media":102793,"comment_status":"closed","ping_status":"closed","template":"","meta":[],"product_brand":[],"product_cat":[1167,1170,1160,1296],"product_tag":[],"class_list":{"0":"post-69206","1":"product","2":"type-product","3":"status-publish","4":"has-post-thumbnail","6":"product_cat-cuisson-horizontale","7":"product_cat-gastro-m-serie-700","8":"product_cat-materiel-electrique-et-de-cuisson","9":"product_cat-palettisable","11":"first","12":"outofstock","13":"featured","14":"taxable","15":"shipping-taxable","16":"purchasable","17":"product-type-simple"},"_links":{"self":[{"href":"https:\/\/abinox-chr-clim.com\/index.php\/wp-json\/wp\/v2\/product\/69206","targetHints":{"allow":["GET"]}}],"collection":[{"href":"https:\/\/abinox-chr-clim.com\/index.php\/wp-json\/wp\/v2\/product"}],"about":[{"href":"https:\/\/abinox-chr-clim.com\/index.php\/wp-json\/wp\/v2\/types\/product"}],"replies":[{"embeddable":true,"href":"https:\/\/abinox-chr-clim.com\/index.php\/wp-json\/wp\/v2\/comments?post=69206"}],"wp:featuredmedia":[{"embeddable":true,"href":"https:\/\/abinox-chr-clim.com\/index.php\/wp-json\/wp\/v2\/media\/102793"}],"wp:attachment":[{"href":"https:\/\/abinox-chr-clim.com\/index.php\/wp-json\/wp\/v2\/media?parent=69206"}],"wp:term":[{"taxonomy":"product_brand","embeddable":true,"href":"https:\/\/abinox-chr-clim.com\/index.php\/wp-json\/wp\/v2\/product_brand?post=69206"},{"taxonomy":"product_cat","embeddable":true,"href":"https:\/\/abinox-chr-clim.com\/index.php\/wp-json\/wp\/v2\/product_cat?post=69206"},{"taxonomy":"product_tag","embeddable":true,"href":"https:\/\/abinox-chr-clim.com\/index.php\/wp-json\/wp\/v2\/product_tag?post=69206"}],"curies":[{"name":"wp","href":"https:\/\/api.w.org\/{rel}","templated":true}]}}