{"id":69204,"date":"2024-03-22T16:22:35","date_gmt":"2024-03-22T15:22:35","guid":{"rendered":"https:\/\/abinox-chr-clim.com\/index.php\/product\/cuiseur-a-pates-electrique-20l-gastro-m-650-sans-panier-65-40cpe\/"},"modified":"2026-04-15T09:32:38","modified_gmt":"2026-04-15T07:32:38","slug":"cuiseur-a-pates-electrique-20l-gastro-m-650-sans-panier-65-40cpe","status":"publish","type":"product","link":"https:\/\/abinox-chr-clim.com\/index.php\/product\/cuiseur-a-pates-electrique-20l-gastro-m-650-sans-panier-65-40cpe\/","title":{"rendered":"Cuiseur \u00e0 p\u00e2tes \u00e9lectrique 20L Gastro M 650 sans panier 65\/40CPE"},"content":{"rendered":"<p>Cuiseur \u00e0 p\u00e2tes \u00e9lectrique avec robinet d&rsquo;eau pour un remplissage rapide et facile, thermostat r\u00e9glable, t\u00e9moin lumineux et robinet de vidange. Paniers non inclus.<br \/>20 litres. Robinet de remplissage. Robinet de vidange. R\u00e9f\u00e9rence soumise \u00e0 une Eco-participation mobilier de 0.08\u20ac par unit\u00e9 vendue.  Thermostat r\u00e9glable. R\u00e9f\u00e9rence soumise \u00e0 une Eco-participation DEEE de 0,48\u20ac par unit\u00e9 vendue. 20 litres.<\/p>\n<p>Caract\u00e9ristiques :<br \/> Capacit\u00e9 : 20 L.<br \/> Dimensions : 280(H) x 400(L) x 650(P) mm.<br \/> Mati\u00e8re : Ext\u00e9rieur acier inoxydable.<br \/> Voltage : 400V.<br \/> Couleur : Acier inoxydable.<\/p>\n","protected":false},"excerpt":{"rendered":"<div><img decoding=\"async\" src=\"https:\/\/abinox-chr-clim.com\/wp-content\/uploads\/2024\/03\/abinox-garantie-1-an.webp\" width=\"150px\"\/><\/div>\n<p>Cuiseur \u00e0 p\u00e2tes \u00e9lectrique 20L Gastro M 650 sans panier 65\/40CPE<\/p>\n","protected":false},"featured_media":102331,"comment_status":"closed","ping_status":"closed","template":"","meta":[],"product_brand":[],"product_cat":[1167,1169,1160,1296],"product_tag":[],"class_list":{"0":"post-69204","1":"product","2":"type-product","3":"status-publish","4":"has-post-thumbnail","6":"product_cat-cuisson-horizontale","7":"product_cat-gastro-m-serie-650","8":"product_cat-materiel-electrique-et-de-cuisson","9":"product_cat-palettisable","11":"first","12":"instock","13":"featured","14":"taxable","15":"shipping-taxable","16":"purchasable","17":"product-type-simple"},"_links":{"self":[{"href":"https:\/\/abinox-chr-clim.com\/index.php\/wp-json\/wp\/v2\/product\/69204","targetHints":{"allow":["GET"]}}],"collection":[{"href":"https:\/\/abinox-chr-clim.com\/index.php\/wp-json\/wp\/v2\/product"}],"about":[{"href":"https:\/\/abinox-chr-clim.com\/index.php\/wp-json\/wp\/v2\/types\/product"}],"replies":[{"embeddable":true,"href":"https:\/\/abinox-chr-clim.com\/index.php\/wp-json\/wp\/v2\/comments?post=69204"}],"wp:featuredmedia":[{"embeddable":true,"href":"https:\/\/abinox-chr-clim.com\/index.php\/wp-json\/wp\/v2\/media\/102331"}],"wp:attachment":[{"href":"https:\/\/abinox-chr-clim.com\/index.php\/wp-json\/wp\/v2\/media?parent=69204"}],"wp:term":[{"taxonomy":"product_brand","embeddable":true,"href":"https:\/\/abinox-chr-clim.com\/index.php\/wp-json\/wp\/v2\/product_brand?post=69204"},{"taxonomy":"product_cat","embeddable":true,"href":"https:\/\/abinox-chr-clim.com\/index.php\/wp-json\/wp\/v2\/product_cat?post=69204"},{"taxonomy":"product_tag","embeddable":true,"href":"https:\/\/abinox-chr-clim.com\/index.php\/wp-json\/wp\/v2\/product_tag?post=69204"}],"curies":[{"name":"wp","href":"https:\/\/api.w.org\/{rel}","templated":true}]}}