{"id":69203,"date":"2024-03-22T16:22:35","date_gmt":"2024-03-22T15:22:35","guid":{"rendered":"https:\/\/abinox-chr-clim.com\/index.php\/product\/grillade-pierre-de-lave-gaz-gastro-m-650-65-70grl\/"},"modified":"2026-04-15T09:32:35","modified_gmt":"2026-04-15T07:32:35","slug":"grillade-pierre-de-lave-gaz-gastro-m-650-65-70grl","status":"publish","type":"product","link":"https:\/\/abinox-chr-clim.com\/index.php\/product\/grillade-pierre-de-lave-gaz-gastro-m-650-65-70grl\/","title":{"rendered":"Grillade pierre de lave gaz Gastro M 650 65\/70GRL"},"content":{"rendered":"<p>Grillade pierre de lave gaz avec plaque en fonte, allumage piezo, br\u00fbleur en acier inoxydable, bac \u00e0 eau et thermo-couple. Fournie avec les pierres de laves.<br \/>Grille en fonte. Bac \u00e0 eau. Thermostat r\u00e9glable. R\u00e9f\u00e9rence soumise \u00e0 une Eco-participation mobilier de 0.2\u20ac par unit\u00e9 vendue. Livr\u00e9e avec injecteurs butane\/propane (Produit n\u00e9cessitant obligatoirement une installation par un professionnel pour b\u00e9n\u00e9ficier de la garantie). Pierres de lave inclues. R\u00e9f\u00e9rence soumise \u00e0 une Eco-participation DEEE de 1,18\u20ac par unit\u00e9 vendue. Grille en fonte.<\/p>\n<p>Caract\u00e9ristiques :<br \/> Dimensions : 280(H) x 700(L) x 650(P) mm.<br \/> Mati\u00e8re : Ext\u00e9rieur acier inoxydable.<br \/> Couleur : Acier inoxydable.<br \/> Puissance : 11 kW.<\/p>\n","protected":false},"excerpt":{"rendered":"<div><img decoding=\"async\" src=\"https:\/\/abinox-chr-clim.com\/wp-content\/uploads\/2024\/03\/abinox-garantie-1-an.webp\" width=\"150px\"\/><\/div>\n<p>Grillade pierre de lave gaz Gastro M 650 65\/70GRL<\/p>\n","protected":false},"featured_media":102328,"comment_status":"closed","ping_status":"closed","template":"","meta":[],"product_brand":[],"product_cat":[1167,1169,1160,1296],"product_tag":[],"class_list":{"0":"post-69203","1":"product","2":"type-product","3":"status-publish","4":"has-post-thumbnail","6":"product_cat-cuisson-horizontale","7":"product_cat-gastro-m-serie-650","8":"product_cat-materiel-electrique-et-de-cuisson","9":"product_cat-palettisable","11":"first","12":"instock","13":"featured","14":"taxable","15":"shipping-taxable","16":"purchasable","17":"product-type-simple"},"_links":{"self":[{"href":"https:\/\/abinox-chr-clim.com\/index.php\/wp-json\/wp\/v2\/product\/69203","targetHints":{"allow":["GET"]}}],"collection":[{"href":"https:\/\/abinox-chr-clim.com\/index.php\/wp-json\/wp\/v2\/product"}],"about":[{"href":"https:\/\/abinox-chr-clim.com\/index.php\/wp-json\/wp\/v2\/types\/product"}],"replies":[{"embeddable":true,"href":"https:\/\/abinox-chr-clim.com\/index.php\/wp-json\/wp\/v2\/comments?post=69203"}],"wp:featuredmedia":[{"embeddable":true,"href":"https:\/\/abinox-chr-clim.com\/index.php\/wp-json\/wp\/v2\/media\/102328"}],"wp:attachment":[{"href":"https:\/\/abinox-chr-clim.com\/index.php\/wp-json\/wp\/v2\/media?parent=69203"}],"wp:term":[{"taxonomy":"product_brand","embeddable":true,"href":"https:\/\/abinox-chr-clim.com\/index.php\/wp-json\/wp\/v2\/product_brand?post=69203"},{"taxonomy":"product_cat","embeddable":true,"href":"https:\/\/abinox-chr-clim.com\/index.php\/wp-json\/wp\/v2\/product_cat?post=69203"},{"taxonomy":"product_tag","embeddable":true,"href":"https:\/\/abinox-chr-clim.com\/index.php\/wp-json\/wp\/v2\/product_tag?post=69203"}],"curies":[{"name":"wp","href":"https:\/\/api.w.org\/{rel}","templated":true}]}}