{"id":69202,"date":"2024-03-22T16:22:35","date_gmt":"2024-03-22T15:22:35","guid":{"rendered":"https:\/\/abinox-chr-clim.com\/index.php\/product\/fourneau-gaz-a-poser-4-feux-gastro-m-650-65-70pcg\/"},"modified":"2026-04-15T09:32:29","modified_gmt":"2026-04-15T07:32:29","slug":"fourneau-gaz-a-poser-4-feux-gastro-m-650-65-70pcg","status":"publish","type":"product","link":"https:\/\/abinox-chr-clim.com\/index.php\/product\/fourneau-gaz-a-poser-4-feux-gastro-m-650-65-70pcg\/","title":{"rendered":"Fourneau gaz \u00e0 poser 4 feux Gastro M 650 65\/70PCG"},"content":{"rendered":"<p>4 feux vifs \u00e0 poser avec thermo-couples, plaques de d\u00e9bordement \u00e9maill\u00e9es, allumage piezo \u00e9lectrique. Gaz naturel de s\u00e9rie, injecteurs butane\/propane fournis.<br \/>Econome en \u00e9nergie, br\u00fbleurs haute performance. 2 burners of 3,6 kW. 2 burners of 5 kW. R\u00e9f\u00e9rence soumise \u00e0 une Eco-participation mobilier de 0.15\u20ac par unit\u00e9 vendue.  R\u00e9f\u00e9rence soumise \u00e0 une Eco-participation DEEE de 1,08\u20ac par unit\u00e9 vendue. Econome en \u00e9nergie, br\u00fbleurs haute performance.<\/p>\n<p>Caract\u00e9ristiques :<br \/> Dimensions : 650x400x280mm.<br \/> Mati\u00e8re : Acier inoxydable.<br \/> Sortie : 17,2kW.<br \/> Couleur : Acier inoxydable.<\/p>\n","protected":false},"excerpt":{"rendered":"<div><img decoding=\"async\" src=\"https:\/\/abinox-chr-clim.com\/wp-content\/uploads\/2024\/03\/abinox-garantie-1-an.webp\" width=\"150px\"\/><\/div>\n<p>Fourneau gaz \u00e0 poser 4 feux Gastro M 650 65\/70PCG<\/p>\n","protected":false},"featured_media":102322,"comment_status":"closed","ping_status":"closed","template":"","meta":[],"product_brand":[],"product_cat":[1167,1169,1160,1296],"product_tag":[],"class_list":{"0":"post-69202","1":"product","2":"type-product","3":"status-publish","4":"has-post-thumbnail","6":"product_cat-cuisson-horizontale","7":"product_cat-gastro-m-serie-650","8":"product_cat-materiel-electrique-et-de-cuisson","9":"product_cat-palettisable","11":"first","12":"instock","13":"featured","14":"taxable","15":"shipping-taxable","16":"purchasable","17":"product-type-simple"},"_links":{"self":[{"href":"https:\/\/abinox-chr-clim.com\/index.php\/wp-json\/wp\/v2\/product\/69202","targetHints":{"allow":["GET"]}}],"collection":[{"href":"https:\/\/abinox-chr-clim.com\/index.php\/wp-json\/wp\/v2\/product"}],"about":[{"href":"https:\/\/abinox-chr-clim.com\/index.php\/wp-json\/wp\/v2\/types\/product"}],"replies":[{"embeddable":true,"href":"https:\/\/abinox-chr-clim.com\/index.php\/wp-json\/wp\/v2\/comments?post=69202"}],"wp:featuredmedia":[{"embeddable":true,"href":"https:\/\/abinox-chr-clim.com\/index.php\/wp-json\/wp\/v2\/media\/102322"}],"wp:attachment":[{"href":"https:\/\/abinox-chr-clim.com\/index.php\/wp-json\/wp\/v2\/media?parent=69202"}],"wp:term":[{"taxonomy":"product_brand","embeddable":true,"href":"https:\/\/abinox-chr-clim.com\/index.php\/wp-json\/wp\/v2\/product_brand?post=69202"},{"taxonomy":"product_cat","embeddable":true,"href":"https:\/\/abinox-chr-clim.com\/index.php\/wp-json\/wp\/v2\/product_cat?post=69202"},{"taxonomy":"product_tag","embeddable":true,"href":"https:\/\/abinox-chr-clim.com\/index.php\/wp-json\/wp\/v2\/product_tag?post=69202"}],"curies":[{"name":"wp","href":"https:\/\/api.w.org\/{rel}","templated":true}]}}