{"id":69201,"date":"2024-03-22T16:22:34","date_gmt":"2024-03-22T15:22:34","guid":{"rendered":"https:\/\/abinox-chr-clim.com\/index.php\/product\/fourneau-gaz-a-poser-1-feu-gastro-m-650-pg-40p\/"},"modified":"2026-04-15T09:32:28","modified_gmt":"2026-04-15T07:32:28","slug":"fourneau-gaz-a-poser-1-feu-gastro-m-650-pg-40p","status":"publish","type":"product","link":"https:\/\/abinox-chr-clim.com\/index.php\/product\/fourneau-gaz-a-poser-1-feu-gastro-m-650-pg-40p\/","title":{"rendered":"Fourneau gaz \u00e0 poser 1 feu Gastro M 650 PG\/40P"},"content":{"rendered":"<p>Feux vifs gaz, mod\u00e8le \u00e0 poser et mod\u00e8les monoblocs sur baie ouverte, en acier inoxydable, nombre de feux vifs variable selon les mod\u00e8les. Tous les mod\u00e8les poss\u00e8dent des thermo-couples et plaques de d\u00e9bordement \u00e9maill\u00e9es. Gaz naturel de s\u00e9rie et injecteurs butane\/propane fournis.<br \/>1 feu vif 7,5kW. 1 feu vif 7,5kW.<\/p>\n<p>Caract\u00e9ristiques :<br \/> Dimensions : 280(H) x 400(L) x 650(P) mm.<br \/> Mati\u00e8re : Acier inoxydable.<br \/> Couleur : Acier inoxydable.<\/p>\n","protected":false},"excerpt":{"rendered":"<div><img decoding=\"async\" src=\"https:\/\/abinox-chr-clim.com\/wp-content\/uploads\/2024\/03\/abinox-garantie-1-an.webp\" width=\"150px\"\/><\/div>\n<p>Fourneau gaz \u00e0 poser 1 feu Gastro M 650 PG\/40P<\/p>\n","protected":false},"featured_media":102321,"comment_status":"closed","ping_status":"closed","template":"","meta":[],"product_brand":[],"product_cat":[1167,1169,1160,1296],"product_tag":[],"class_list":{"0":"post-69201","1":"product","2":"type-product","3":"status-publish","4":"has-post-thumbnail","6":"product_cat-cuisson-horizontale","7":"product_cat-gastro-m-serie-650","8":"product_cat-materiel-electrique-et-de-cuisson","9":"product_cat-palettisable","11":"first","12":"instock","13":"featured","14":"taxable","15":"shipping-taxable","16":"purchasable","17":"product-type-simple"},"_links":{"self":[{"href":"https:\/\/abinox-chr-clim.com\/index.php\/wp-json\/wp\/v2\/product\/69201","targetHints":{"allow":["GET"]}}],"collection":[{"href":"https:\/\/abinox-chr-clim.com\/index.php\/wp-json\/wp\/v2\/product"}],"about":[{"href":"https:\/\/abinox-chr-clim.com\/index.php\/wp-json\/wp\/v2\/types\/product"}],"replies":[{"embeddable":true,"href":"https:\/\/abinox-chr-clim.com\/index.php\/wp-json\/wp\/v2\/comments?post=69201"}],"wp:featuredmedia":[{"embeddable":true,"href":"https:\/\/abinox-chr-clim.com\/index.php\/wp-json\/wp\/v2\/media\/102321"}],"wp:attachment":[{"href":"https:\/\/abinox-chr-clim.com\/index.php\/wp-json\/wp\/v2\/media?parent=69201"}],"wp:term":[{"taxonomy":"product_brand","embeddable":true,"href":"https:\/\/abinox-chr-clim.com\/index.php\/wp-json\/wp\/v2\/product_brand?post=69201"},{"taxonomy":"product_cat","embeddable":true,"href":"https:\/\/abinox-chr-clim.com\/index.php\/wp-json\/wp\/v2\/product_cat?post=69201"},{"taxonomy":"product_tag","embeddable":true,"href":"https:\/\/abinox-chr-clim.com\/index.php\/wp-json\/wp\/v2\/product_tag?post=69201"}],"curies":[{"name":"wp","href":"https:\/\/api.w.org\/{rel}","templated":true}]}}