{"id":69199,"date":"2024-03-22T16:22:34","date_gmt":"2024-03-22T15:22:34","guid":{"rendered":"https:\/\/abinox-chr-clim.com\/index.php\/product\/plaque-coup-de-feu-gaz-gastro-m-650-et-2-feux-vifs-sur-four-a-gaz-et-placard-ferme-65-110tpg\/"},"modified":"2026-04-15T09:32:26","modified_gmt":"2026-04-15T07:32:26","slug":"plaque-coup-de-feu-gaz-gastro-m-650-et-2-feux-vifs-sur-four-a-gaz-et-placard-ferme-65-110tpg","status":"publish","type":"product","link":"https:\/\/abinox-chr-clim.com\/index.php\/product\/plaque-coup-de-feu-gaz-gastro-m-650-et-2-feux-vifs-sur-four-a-gaz-et-placard-ferme-65-110tpg\/","title":{"rendered":"Plaque coup de feu gaz Gastro M 650 et 2 feux vifs sur four \u00e0 gaz et placard ferm\u00e9 65\/110TPG"},"content":{"rendered":"<p>Plaque coup de feu gaz et 2 feux vifs sur four et placard ferm\u00e9. La PCF poss\u00e8de un br\u00fbleur central. 2 feux vifs avec thermocouple et veilleuse. Four gaz avec thermostat, thermocouple et allumage piezo. Pieds r\u00e9glables.<br \/>Econome en \u00e9nergie, br\u00fbleurs haute performance. 1 feu 8,2 kW. 2 feux vifs de 3,6 kW et 5 kW. R\u00e9f\u00e9rence soumise \u00e0 une Eco-participation mobilier de 0.43\u20ac par unit\u00e9 vendue.  Puissance du four 5kW. R\u00e9f\u00e9rence soumise \u00e0 une Eco-participation DEEE de 2,50\u20ac par unit\u00e9 vendue. Econome en \u00e9nergie, br\u00fbleurs haute performance.<\/p>\n<p>Caract\u00e9ristiques :<br \/> Dimensions : 650x1100x850mm.<br \/> Mati\u00e8re : Acier inoxydable.<br \/> Sortie : 21,8kW.<br \/> Couleur : Acier inoxydable.<br \/> Puissance : 21.8 kW.<\/p>\n","protected":false},"excerpt":{"rendered":"<div><img decoding=\"async\" src=\"https:\/\/abinox-chr-clim.com\/wp-content\/uploads\/2024\/03\/abinox-garantie-1-an.webp\" width=\"150px\"\/><\/div>\n<p>Plaque coup de feu gaz Gastro M 650 et 2 feux vifs sur four \u00e0 gaz et placard ferm\u00e9 65\/110TPG<\/p>\n","protected":false},"featured_media":102319,"comment_status":"closed","ping_status":"closed","template":"","meta":[],"product_brand":[],"product_cat":[1167,1169,1160,1296],"product_tag":[],"class_list":{"0":"post-69199","1":"product","2":"type-product","3":"status-publish","4":"has-post-thumbnail","6":"product_cat-cuisson-horizontale","7":"product_cat-gastro-m-serie-650","8":"product_cat-materiel-electrique-et-de-cuisson","9":"product_cat-palettisable","11":"first","12":"instock","13":"featured","14":"taxable","15":"shipping-taxable","16":"purchasable","17":"product-type-simple"},"_links":{"self":[{"href":"https:\/\/abinox-chr-clim.com\/index.php\/wp-json\/wp\/v2\/product\/69199","targetHints":{"allow":["GET"]}}],"collection":[{"href":"https:\/\/abinox-chr-clim.com\/index.php\/wp-json\/wp\/v2\/product"}],"about":[{"href":"https:\/\/abinox-chr-clim.com\/index.php\/wp-json\/wp\/v2\/types\/product"}],"replies":[{"embeddable":true,"href":"https:\/\/abinox-chr-clim.com\/index.php\/wp-json\/wp\/v2\/comments?post=69199"}],"wp:featuredmedia":[{"embeddable":true,"href":"https:\/\/abinox-chr-clim.com\/index.php\/wp-json\/wp\/v2\/media\/102319"}],"wp:attachment":[{"href":"https:\/\/abinox-chr-clim.com\/index.php\/wp-json\/wp\/v2\/media?parent=69199"}],"wp:term":[{"taxonomy":"product_brand","embeddable":true,"href":"https:\/\/abinox-chr-clim.com\/index.php\/wp-json\/wp\/v2\/product_brand?post=69199"},{"taxonomy":"product_cat","embeddable":true,"href":"https:\/\/abinox-chr-clim.com\/index.php\/wp-json\/wp\/v2\/product_cat?post=69199"},{"taxonomy":"product_tag","embeddable":true,"href":"https:\/\/abinox-chr-clim.com\/index.php\/wp-json\/wp\/v2\/product_tag?post=69199"}],"curies":[{"name":"wp","href":"https:\/\/api.w.org\/{rel}","templated":true}]}}