{"id":69196,"date":"2024-03-22T16:22:33","date_gmt":"2024-03-22T15:22:33","guid":{"rendered":"https:\/\/abinox-chr-clim.com\/index.php\/product\/fourneau-4-feux-sur-four-gaz-gastro-m-650-65-70cfg\/"},"modified":"2026-04-15T09:32:24","modified_gmt":"2026-04-15T07:32:24","slug":"fourneau-4-feux-sur-four-gaz-gastro-m-650-65-70cfg","status":"publish","type":"product","link":"https:\/\/abinox-chr-clim.com\/index.php\/product\/fourneau-4-feux-sur-four-gaz-gastro-m-650-65-70cfg\/","title":{"rendered":"Fourneau 4 feux sur four gaz Gastro M 650 65\/70CFG"},"content":{"rendered":"<p>Fourneau gaz 4 feux sur four gaz avec thermocouples, br\u00fbleurs laiton, plaques de d\u00e9bordement \u00e9maill\u00e9es et allumage automatique. Four avec thermostat, allumage piezo, flamme pilote et rails amovibles. Dimensions internes du four : 530x530x280(h)mm. Gaz naturel. Pieds r\u00e9glables.<br \/>Econome en \u00e9nergie, br\u00fbleurs haute performance. Raccords pour tous types de gaz fournis. 2 feux vifs de 5 kW et 2 feux vifs de 3,6 kW. R\u00e9f\u00e9rence soumise \u00e0 une Eco-participation mobilier de 0.31\u20ac par unit\u00e9 vendue.  Puissance four 5kW. R\u00e9f\u00e9rence soumise \u00e0 une Eco-participation DEEE de 2,25\u20ac par unit\u00e9 vendue. Econome en \u00e9nergie, br\u00fbleurs haute performance.<\/p>\n<p>Caract\u00e9ristiques :<br \/> Dimensions : 850(H) x 700(L) x 650(P) mm.<br \/> Mati\u00e8re : Acier inoxydable.<br \/> Sortie : 22,2kW.<br \/> Couleur : Acier inoxydable.<br \/> Puissance : 22 kW.<\/p>\n","protected":false},"excerpt":{"rendered":"<div><img decoding=\"async\" src=\"https:\/\/abinox-chr-clim.com\/wp-content\/uploads\/2024\/03\/abinox-garantie-1-an.webp\" width=\"150px\"\/><\/div>\n<p>Fourneau 4 feux sur four gaz Gastro M 650 65\/70CFG<\/p>\n","protected":false},"featured_media":102316,"comment_status":"closed","ping_status":"closed","template":"","meta":[],"product_brand":[],"product_cat":[1167,1169,1160,1296],"product_tag":[],"class_list":{"0":"post-69196","1":"product","2":"type-product","3":"status-publish","4":"has-post-thumbnail","6":"product_cat-cuisson-horizontale","7":"product_cat-gastro-m-serie-650","8":"product_cat-materiel-electrique-et-de-cuisson","9":"product_cat-palettisable","11":"first","12":"instock","13":"featured","14":"taxable","15":"shipping-taxable","16":"purchasable","17":"product-type-simple"},"_links":{"self":[{"href":"https:\/\/abinox-chr-clim.com\/index.php\/wp-json\/wp\/v2\/product\/69196","targetHints":{"allow":["GET"]}}],"collection":[{"href":"https:\/\/abinox-chr-clim.com\/index.php\/wp-json\/wp\/v2\/product"}],"about":[{"href":"https:\/\/abinox-chr-clim.com\/index.php\/wp-json\/wp\/v2\/types\/product"}],"replies":[{"embeddable":true,"href":"https:\/\/abinox-chr-clim.com\/index.php\/wp-json\/wp\/v2\/comments?post=69196"}],"wp:featuredmedia":[{"embeddable":true,"href":"https:\/\/abinox-chr-clim.com\/index.php\/wp-json\/wp\/v2\/media\/102316"}],"wp:attachment":[{"href":"https:\/\/abinox-chr-clim.com\/index.php\/wp-json\/wp\/v2\/media?parent=69196"}],"wp:term":[{"taxonomy":"product_brand","embeddable":true,"href":"https:\/\/abinox-chr-clim.com\/index.php\/wp-json\/wp\/v2\/product_brand?post=69196"},{"taxonomy":"product_cat","embeddable":true,"href":"https:\/\/abinox-chr-clim.com\/index.php\/wp-json\/wp\/v2\/product_cat?post=69196"},{"taxonomy":"product_tag","embeddable":true,"href":"https:\/\/abinox-chr-clim.com\/index.php\/wp-json\/wp\/v2\/product_tag?post=69196"}],"curies":[{"name":"wp","href":"https:\/\/api.w.org\/{rel}","templated":true}]}}