{"id":69194,"date":"2024-03-22T16:22:32","date_gmt":"2024-03-22T15:22:32","guid":{"rendered":"https:\/\/abinox-chr-clim.com\/index.php\/product\/2-feux-vifs-gaz-a-poser-gastro-m-65-40-pcg\/"},"modified":"2026-04-15T09:27:22","modified_gmt":"2026-04-15T07:27:22","slug":"2-feux-vifs-gaz-a-poser-gastro-m-65-40-pcg","status":"publish","type":"product","link":"https:\/\/abinox-chr-clim.com\/index.php\/product\/2-feux-vifs-gaz-a-poser-gastro-m-65-40-pcg\/","title":{"rendered":"2 feux vifs gaz \u00e0 poser Gastro M 65\/40 PCG"},"content":{"rendered":"<p>Feux vifs gaz, mod\u00e8le \u00e0 poser et mod\u00e8les monoblocs sur baie ouverte, en acier inoxydable, nombre de feux vifs variable selon les mod\u00e8les. Tous les mod\u00e8les poss\u00e8dent des thermo-couples et plaques de d\u00e9bordement \u00e9maill\u00e9es. Gaz naturel de s\u00e9rie et injecteurs butane\/propane fournis.<br \/>Acier inoxydable. Produit n\u00e9cessitant obligatoirement une installation par un professionnel pour b\u00e9n\u00e9ficier de la garantie.Plaque de d\u00e9bordement \u00e9maill\u00e9e. R\u00e9f\u00e9rence soumise \u00e0 une Eco-participation mobilier de 0.09\u20ac par unit\u00e9 vendue. 1 feu vif  5 kW.1 feu vif 3,6 kW. R\u00e9f\u00e9rence soumise \u00e0 une Eco-participation DEEE de 0,80\u20ac par unit\u00e9 vendue. Acier inoxydable.<\/p>\n<p>Caract\u00e9ristiques :<br \/> Dimensions : 400(L)x 650(P)x 280(H)mm.<br \/> Mati\u00e8re : Acier inoxydable.<br \/> Couleur : Acier inoxydable.<\/p>\n","protected":false},"excerpt":{"rendered":"<div><img decoding=\"async\" src=\"https:\/\/abinox-chr-clim.com\/wp-content\/uploads\/2024\/03\/abinox-garantie-1-an.webp\" width=\"150px\"\/><\/div>\n<p>2 feux vifs gaz \u00e0 poser Gastro M 65\/40 PCG<\/p>\n","protected":false},"featured_media":102143,"comment_status":"closed","ping_status":"closed","template":"","meta":[],"product_brand":[],"product_cat":[1167,1169,1160,1296],"product_tag":[],"class_list":{"0":"post-69194","1":"product","2":"type-product","3":"status-publish","4":"has-post-thumbnail","6":"product_cat-cuisson-horizontale","7":"product_cat-gastro-m-serie-650","8":"product_cat-materiel-electrique-et-de-cuisson","9":"product_cat-palettisable","11":"first","12":"outofstock","13":"featured","14":"taxable","15":"shipping-taxable","16":"purchasable","17":"product-type-simple"},"_links":{"self":[{"href":"https:\/\/abinox-chr-clim.com\/index.php\/wp-json\/wp\/v2\/product\/69194","targetHints":{"allow":["GET"]}}],"collection":[{"href":"https:\/\/abinox-chr-clim.com\/index.php\/wp-json\/wp\/v2\/product"}],"about":[{"href":"https:\/\/abinox-chr-clim.com\/index.php\/wp-json\/wp\/v2\/types\/product"}],"replies":[{"embeddable":true,"href":"https:\/\/abinox-chr-clim.com\/index.php\/wp-json\/wp\/v2\/comments?post=69194"}],"wp:featuredmedia":[{"embeddable":true,"href":"https:\/\/abinox-chr-clim.com\/index.php\/wp-json\/wp\/v2\/media\/102143"}],"wp:attachment":[{"href":"https:\/\/abinox-chr-clim.com\/index.php\/wp-json\/wp\/v2\/media?parent=69194"}],"wp:term":[{"taxonomy":"product_brand","embeddable":true,"href":"https:\/\/abinox-chr-clim.com\/index.php\/wp-json\/wp\/v2\/product_brand?post=69194"},{"taxonomy":"product_cat","embeddable":true,"href":"https:\/\/abinox-chr-clim.com\/index.php\/wp-json\/wp\/v2\/product_cat?post=69194"},{"taxonomy":"product_tag","embeddable":true,"href":"https:\/\/abinox-chr-clim.com\/index.php\/wp-json\/wp\/v2\/product_tag?post=69194"}],"curies":[{"name":"wp","href":"https:\/\/api.w.org\/{rel}","templated":true}]}}