{"id":69193,"date":"2024-03-22T16:22:32","date_gmt":"2024-03-22T15:22:32","guid":{"rendered":"https:\/\/abinox-chr-clim.com\/index.php\/product\/6-feux-vifs-gaz-eco-gastro-m-ceg-110\/"},"modified":"2026-04-15T09:27:20","modified_gmt":"2026-04-15T07:27:20","slug":"6-feux-vifs-gaz-eco-gastro-m-ceg-110","status":"publish","type":"product","link":"https:\/\/abinox-chr-clim.com\/index.php\/product\/6-feux-vifs-gaz-eco-gastro-m-ceg-110\/","title":{"rendered":"6 feux vifs gaz \u00e9co Gastro M CEG 110"},"content":{"rendered":"<p>Feux vifs gaz, mod\u00e8le \u00e0 poser et mod\u00e8les monoblocs sur baie ouverte, en acier inoxydable, nombre de feux vifs variable selon les mod\u00e8les. Tous les mod\u00e8les poss\u00e8dent des thermo-couples et plaques de d\u00e9bordement \u00e9maill\u00e9es. Gaz naturel de s\u00e9rie et injecteurs butane\/propane fournis.<br \/>Acier inoxydable. Baie ouverte. Plaque de d\u00e9bordement \u00e9maill\u00e9e. R\u00e9f\u00e9rence soumise \u00e0 une Eco-participation mobilier de 0.22\u20ac par unit\u00e9 vendue. 3 feux vifs de 5kW.3 feux vifs de 3,6kW. R\u00e9f\u00e9rence soumise \u00e0 une Eco-participation DEEE de 2,40\u20ac par unit\u00e9 vendue. Acier inoxydable.<\/p>\n<p>Caract\u00e9ristiques :<br \/> Dimensions : 1100(l)x650(p)x850(h)mm.<br \/> Mati\u00e8re : Acier inoxydable.<br \/> Couleur : Acier inoxydable.<\/p>\n","protected":false},"excerpt":{"rendered":"<div><img decoding=\"async\" src=\"https:\/\/abinox-chr-clim.com\/wp-content\/uploads\/2024\/03\/abinox-garantie-1-an.webp\" width=\"150px\"\/><\/div>\n<p>6 feux vifs gaz \u00e9co Gastro M CEG 110<\/p>\n","protected":false},"featured_media":102758,"comment_status":"closed","ping_status":"closed","template":"","meta":[],"product_brand":[],"product_cat":[1167,1169,1160,1296],"product_tag":[],"class_list":{"0":"post-69193","1":"product","2":"type-product","3":"status-publish","4":"has-post-thumbnail","6":"product_cat-cuisson-horizontale","7":"product_cat-gastro-m-serie-650","8":"product_cat-materiel-electrique-et-de-cuisson","9":"product_cat-palettisable","11":"first","12":"outofstock","13":"featured","14":"taxable","15":"shipping-taxable","16":"purchasable","17":"product-type-simple"},"_links":{"self":[{"href":"https:\/\/abinox-chr-clim.com\/index.php\/wp-json\/wp\/v2\/product\/69193","targetHints":{"allow":["GET"]}}],"collection":[{"href":"https:\/\/abinox-chr-clim.com\/index.php\/wp-json\/wp\/v2\/product"}],"about":[{"href":"https:\/\/abinox-chr-clim.com\/index.php\/wp-json\/wp\/v2\/types\/product"}],"replies":[{"embeddable":true,"href":"https:\/\/abinox-chr-clim.com\/index.php\/wp-json\/wp\/v2\/comments?post=69193"}],"wp:featuredmedia":[{"embeddable":true,"href":"https:\/\/abinox-chr-clim.com\/index.php\/wp-json\/wp\/v2\/media\/102758"}],"wp:attachment":[{"href":"https:\/\/abinox-chr-clim.com\/index.php\/wp-json\/wp\/v2\/media?parent=69193"}],"wp:term":[{"taxonomy":"product_brand","embeddable":true,"href":"https:\/\/abinox-chr-clim.com\/index.php\/wp-json\/wp\/v2\/product_brand?post=69193"},{"taxonomy":"product_cat","embeddable":true,"href":"https:\/\/abinox-chr-clim.com\/index.php\/wp-json\/wp\/v2\/product_cat?post=69193"},{"taxonomy":"product_tag","embeddable":true,"href":"https:\/\/abinox-chr-clim.com\/index.php\/wp-json\/wp\/v2\/product_tag?post=69193"}],"curies":[{"name":"wp","href":"https:\/\/api.w.org\/{rel}","templated":true}]}}