{"id":69191,"date":"2024-03-22T16:22:31","date_gmt":"2024-03-22T15:22:31","guid":{"rendered":"https:\/\/abinox-chr-clim.com\/index.php\/product\/hotte-inox-complete-gastro-m-3000-x-900-x-450mm\/"},"modified":"2026-04-02T09:56:46","modified_gmt":"2026-04-02T07:56:46","slug":"hotte-inox-complete-gastro-m-3000-x-900-x-450mm","status":"publish","type":"product","link":"https:\/\/abinox-chr-clim.com\/index.php\/product\/hotte-inox-complete-gastro-m-3000-x-900-x-450mm\/","title":{"rendered":"Hotte inox compl\u00e8te Gastro M 3000 x 900 x 450mm"},"content":{"rendered":"<p>Hottes compl\u00e8tes Gastro M fabriqu\u00e9es en inox AISI 441 avec dessus et partie arri\u00e8re en acier galvanis\u00e9. Filtres labyrinthes inox, intercalaires, turbine d&rsquo;extraction, variateur et luminaire sont inclus et mont\u00e9s.<br \/>5 filtres labyrinthe \u00e0 lames en acier inoxydable. Contr\u00f4le de vitesse num\u00e9rique. 2500m\u00b3 \/ h. R\u00e9f\u00e9rence soumise \u00e0 une Eco-participation mobilier de 0.12\u20ac par unit\u00e9 vendue. \u00c9clairage fluorescent r\u00e9sistant \u00e0 la chaleur. 925 tr\/mn. Veuillez noter que la plaque de connexion O6078 (une plaque carr\u00e9e en aluminium avec point de connexion de 300 mm) peut \u00eatre n\u00e9cessaire pour l&rsquo;installation et n&rsquo;est pas incluse de s\u00e9rie. Contactez le service client pour la commander. Moteur int\u00e9gr\u00e9. R\u00e9f\u00e9rence soumise \u00e0 une Eco-participation DEEE de 4,81\u20ac par unit\u00e9 vendue. 5 filtres labyrinthe \u00e0 lames en acier inoxydable.<\/p>\n<p>Caract\u00e9ristiques :<br \/> Dimensions : 450(H) x 3000(L) x 900(P) mm.<br \/> Mati\u00e8re : Inox 430.<br \/> Sortie : 2500m\u00b3 \/ h.<br \/> Couleur : Acier inoxydable.<\/p>\n","protected":false},"excerpt":{"rendered":"<div><img decoding=\"async\" src=\"https:\/\/abinox-chr-clim.com\/wp-content\/uploads\/2024\/03\/abinox-garantie-1-an.webp\" width=\"150px\"\/><\/div>\n<p>Hotte inox compl\u00e8te Gastro M 3000 x 900 x 450mm<\/p>\n","protected":false},"featured_media":0,"comment_status":"closed","ping_status":"closed","template":"","meta":[],"product_brand":[],"product_cat":[1167,1168,1160,1296],"product_tag":[],"class_list":{"0":"post-69191","1":"product","2":"type-product","3":"status-publish","5":"product_cat-cuisson-horizontale","6":"product_cat-gastro-m-serie-600","7":"product_cat-materiel-electrique-et-de-cuisson","8":"product_cat-palettisable","10":"first","11":"instock","12":"featured","13":"taxable","14":"shipping-taxable","15":"purchasable","16":"product-type-simple"},"_links":{"self":[{"href":"https:\/\/abinox-chr-clim.com\/index.php\/wp-json\/wp\/v2\/product\/69191","targetHints":{"allow":["GET"]}}],"collection":[{"href":"https:\/\/abinox-chr-clim.com\/index.php\/wp-json\/wp\/v2\/product"}],"about":[{"href":"https:\/\/abinox-chr-clim.com\/index.php\/wp-json\/wp\/v2\/types\/product"}],"replies":[{"embeddable":true,"href":"https:\/\/abinox-chr-clim.com\/index.php\/wp-json\/wp\/v2\/comments?post=69191"}],"wp:attachment":[{"href":"https:\/\/abinox-chr-clim.com\/index.php\/wp-json\/wp\/v2\/media?parent=69191"}],"wp:term":[{"taxonomy":"product_brand","embeddable":true,"href":"https:\/\/abinox-chr-clim.com\/index.php\/wp-json\/wp\/v2\/product_brand?post=69191"},{"taxonomy":"product_cat","embeddable":true,"href":"https:\/\/abinox-chr-clim.com\/index.php\/wp-json\/wp\/v2\/product_cat?post=69191"},{"taxonomy":"product_tag","embeddable":true,"href":"https:\/\/abinox-chr-clim.com\/index.php\/wp-json\/wp\/v2\/product_tag?post=69191"}],"curies":[{"name":"wp","href":"https:\/\/api.w.org\/{rel}","templated":true}]}}