{"id":69187,"date":"2024-03-22T16:22:30","date_gmt":"2024-03-22T15:22:30","guid":{"rendered":"https:\/\/abinox-chr-clim.com\/index.php\/product\/fourneau-2-plaques-electriques-a-poser-gastro-m-60-30pce\/"},"modified":"2026-04-02T09:20:13","modified_gmt":"2026-04-02T07:20:13","slug":"fourneau-2-plaques-electriques-a-poser-gastro-m-60-30pce","status":"publish","type":"product","link":"https:\/\/abinox-chr-clim.com\/index.php\/product\/fourneau-2-plaques-electriques-a-poser-gastro-m-60-30pce\/","title":{"rendered":"Fourneau 2 plaques \u00e9lectriques \u00e0 poser Gastro M 60\/30PCE"},"content":{"rendered":"<p>Fourneaux 2 ou 4 plaques \u00e9lectriques \u00e0 poser de 22cm. Ext\u00e9rieur en acier inoxydable. Pour chaque plaque, thermostat 6 positions et t\u00e9moin lumineux.<br \/>Ext\u00e9rieur en acier inoxydable. commutable en 230V 3 50\/60 HZ. Plaques de cuisson 18,5(\u00d8)cm. R\u00e9f\u00e9rence soumise \u00e0 une Eco-participation mobilier de 0.05\u20ac par unit\u00e9 vendue.  Thermostat 6 positions. R\u00e9f\u00e9rence soumise \u00e0 une Eco-participation DEEE de 0,40\u20ac par unit\u00e9 vendue. Ext\u00e9rieur en acier inoxydable.<\/p>\n<p>Caract\u00e9ristiques :<br \/> Dimensions : 280(H) x 300(L) x 600(P) mm.<br \/> Mati\u00e8re : Ext\u00e9rieur en acier inoxydable.<br \/> Sortie : 3kW.<br \/> Voltage : 400V.<br \/> Couleur : Acier inoxydable.<br \/> Puissance : 3 kW.<\/p>\n","protected":false},"excerpt":{"rendered":"<div><img decoding=\"async\" src=\"https:\/\/abinox-chr-clim.com\/wp-content\/uploads\/2024\/03\/abinox-garantie-1-an.webp\" width=\"150px\"\/><\/div>\n<p>Fourneau 2 plaques \u00e9lectriques \u00e0 poser Gastro M 60\/30PCE<\/p>\n","protected":false},"featured_media":102304,"comment_status":"closed","ping_status":"closed","template":"","meta":[],"product_brand":[],"product_cat":[1167,1168,1160,1296],"product_tag":[],"class_list":{"0":"post-69187","1":"product","2":"type-product","3":"status-publish","4":"has-post-thumbnail","6":"product_cat-cuisson-horizontale","7":"product_cat-gastro-m-serie-600","8":"product_cat-materiel-electrique-et-de-cuisson","9":"product_cat-palettisable","11":"first","12":"instock","13":"featured","14":"taxable","15":"shipping-taxable","16":"purchasable","17":"product-type-simple"},"_links":{"self":[{"href":"https:\/\/abinox-chr-clim.com\/index.php\/wp-json\/wp\/v2\/product\/69187","targetHints":{"allow":["GET"]}}],"collection":[{"href":"https:\/\/abinox-chr-clim.com\/index.php\/wp-json\/wp\/v2\/product"}],"about":[{"href":"https:\/\/abinox-chr-clim.com\/index.php\/wp-json\/wp\/v2\/types\/product"}],"replies":[{"embeddable":true,"href":"https:\/\/abinox-chr-clim.com\/index.php\/wp-json\/wp\/v2\/comments?post=69187"}],"wp:featuredmedia":[{"embeddable":true,"href":"https:\/\/abinox-chr-clim.com\/index.php\/wp-json\/wp\/v2\/media\/102304"}],"wp:attachment":[{"href":"https:\/\/abinox-chr-clim.com\/index.php\/wp-json\/wp\/v2\/media?parent=69187"}],"wp:term":[{"taxonomy":"product_brand","embeddable":true,"href":"https:\/\/abinox-chr-clim.com\/index.php\/wp-json\/wp\/v2\/product_brand?post=69187"},{"taxonomy":"product_cat","embeddable":true,"href":"https:\/\/abinox-chr-clim.com\/index.php\/wp-json\/wp\/v2\/product_cat?post=69187"},{"taxonomy":"product_tag","embeddable":true,"href":"https:\/\/abinox-chr-clim.com\/index.php\/wp-json\/wp\/v2\/product_tag?post=69187"}],"curies":[{"name":"wp","href":"https:\/\/api.w.org\/{rel}","templated":true}]}}