{"id":69185,"date":"2024-03-22T16:22:26","date_gmt":"2024-03-22T15:22:26","guid":{"rendered":"https:\/\/abinox-chr-clim.com\/index.php\/product\/fourneau-gaz-sur-four-a-convection-gn1-1-gastro-m-600-60-90cfge\/"},"modified":"2026-04-02T09:20:11","modified_gmt":"2026-04-02T07:20:11","slug":"fourneau-gaz-sur-four-a-convection-gn1-1-gastro-m-600-60-90cfge","status":"publish","type":"product","link":"https:\/\/abinox-chr-clim.com\/index.php\/product\/fourneau-gaz-sur-four-a-convection-gn1-1-gastro-m-600-60-90cfge\/","title":{"rendered":"Fourneau gaz sur four \u00e0 convection GN1\/1 Gastro M 600 60\/90CFGE"},"content":{"rendered":"<p>Fourneau 5 feux gaz puissant et efficace sur four \u00e0 convection compatible GN 1\/1. Flamme pilote pour un allumage automatique rapide. Pieds r\u00e9glables pour la stabilit\u00e9 parfaite m\u00eame sur sols irr\u00e9guliers.<br \/>. Gril \u00e9lectrique 1,3kW. 2 feux vifs de 2,8 kW. R\u00e9f\u00e9rence soumise \u00e0 une Eco-participation mobilier de 0.24\u20ac par unit\u00e9 vendue. Four \u00e0 convection 3kW.3 feux vifs de 3,3 kW. R\u00e9f\u00e9rence soumise \u00e0 une Eco-participation DEEE de 1,75\u20ac par unit\u00e9 vendue. .<\/p>\n<p>Caract\u00e9ristiques :<br \/> Dimensions : 850(H)x 900(L)x 600(P)mm.<br \/> Mati\u00e8re : Acier inoxydable.<br \/> Voltage : 220-240V.<br \/> Couleur : Acier inoxydable.<br \/> Puissance : 1.3 kW.<\/p>\n","protected":false},"excerpt":{"rendered":"<div><img decoding=\"async\" src=\"https:\/\/abinox-chr-clim.com\/wp-content\/uploads\/2024\/03\/abinox-garantie-1-an.webp\" width=\"150px\"\/><\/div>\n<p>Fourneau gaz sur four \u00e0 convection GN1\/1 Gastro M 600 60\/90CFGE<\/p>\n","protected":false},"featured_media":102302,"comment_status":"closed","ping_status":"closed","template":"","meta":[],"product_brand":[],"product_cat":[1167,1168,1160,1296],"product_tag":[],"class_list":{"0":"post-69185","1":"product","2":"type-product","3":"status-publish","4":"has-post-thumbnail","6":"product_cat-cuisson-horizontale","7":"product_cat-gastro-m-serie-600","8":"product_cat-materiel-electrique-et-de-cuisson","9":"product_cat-palettisable","11":"first","12":"outofstock","13":"featured","14":"taxable","15":"shipping-taxable","16":"purchasable","17":"product-type-simple"},"_links":{"self":[{"href":"https:\/\/abinox-chr-clim.com\/index.php\/wp-json\/wp\/v2\/product\/69185","targetHints":{"allow":["GET"]}}],"collection":[{"href":"https:\/\/abinox-chr-clim.com\/index.php\/wp-json\/wp\/v2\/product"}],"about":[{"href":"https:\/\/abinox-chr-clim.com\/index.php\/wp-json\/wp\/v2\/types\/product"}],"replies":[{"embeddable":true,"href":"https:\/\/abinox-chr-clim.com\/index.php\/wp-json\/wp\/v2\/comments?post=69185"}],"wp:featuredmedia":[{"embeddable":true,"href":"https:\/\/abinox-chr-clim.com\/index.php\/wp-json\/wp\/v2\/media\/102302"}],"wp:attachment":[{"href":"https:\/\/abinox-chr-clim.com\/index.php\/wp-json\/wp\/v2\/media?parent=69185"}],"wp:term":[{"taxonomy":"product_brand","embeddable":true,"href":"https:\/\/abinox-chr-clim.com\/index.php\/wp-json\/wp\/v2\/product_brand?post=69185"},{"taxonomy":"product_cat","embeddable":true,"href":"https:\/\/abinox-chr-clim.com\/index.php\/wp-json\/wp\/v2\/product_cat?post=69185"},{"taxonomy":"product_tag","embeddable":true,"href":"https:\/\/abinox-chr-clim.com\/index.php\/wp-json\/wp\/v2\/product_tag?post=69185"}],"curies":[{"name":"wp","href":"https:\/\/api.w.org\/{rel}","templated":true}]}}