{"id":69183,"date":"2024-03-22T16:22:26","date_gmt":"2024-03-22T15:22:26","guid":{"rendered":"https:\/\/abinox-chr-clim.com\/index.php\/product\/cuiseur-a-pates-gastro-m-14l\/"},"modified":"2026-04-02T09:15:09","modified_gmt":"2026-04-02T07:15:09","slug":"cuiseur-a-pates-gastro-m-14l","status":"publish","type":"product","link":"https:\/\/abinox-chr-clim.com\/index.php\/product\/cuiseur-a-pates-gastro-m-14l\/","title":{"rendered":"Cuiseur \u00e0 p\u00e2tes Gastro M 14L"},"content":{"rendered":"<p>Cuiseur \u00e0 p\u00e2tes grande capacit\u00e9 de 14 litres en acier inoxydable durable avec thermostat r\u00e9glable, t\u00e9moin lumineux et robinet de vidange. Avec commutateur 3 positions : Maintien en temp\u00e9rature, cuisson finale et pr\u00e9-cuisson.<br \/>Construction acier inoxydable. Cuve capacit\u00e9 14L. Fourni sans panier. R\u00e9f\u00e9rence soumise \u00e0 une Eco-participation mobilier de 0.06\u20ac par unit\u00e9 vendue.  R\u00e9f\u00e9rence soumise \u00e0 une Eco-participation DEEE de 0,33\u20ac par unit\u00e9 vendue. Construction acier inoxydable.<\/p>\n<p>Caract\u00e9ristiques :<br \/> Capacit\u00e9 : 14 L.<br \/> Dimensions : 280(H) x 300(L) x 600(P) mm.<br \/> Mati\u00e8re : Acier inoxydable.<br \/> Voltage : 230V.<br \/> Couleur : Acier inoxydable.<br \/> Puissance : 3 kW.<\/p>\n","protected":false},"excerpt":{"rendered":"<div><img decoding=\"async\" src=\"https:\/\/abinox-chr-clim.com\/wp-content\/uploads\/2024\/03\/abinox-garantie-1-an.webp\" width=\"150px\"\/><\/div>\n<p>Cuiseur \u00e0 p\u00e2tes Gastro M 14L<\/p>\n","protected":false},"featured_media":102136,"comment_status":"closed","ping_status":"closed","template":"","meta":[],"product_brand":[],"product_cat":[1167,1168,1160,1297],"product_tag":[],"class_list":{"0":"post-69183","1":"product","2":"type-product","3":"status-publish","4":"has-post-thumbnail","6":"product_cat-cuisson-horizontale","7":"product_cat-gastro-m-serie-600","8":"product_cat-materiel-electrique-et-de-cuisson","9":"product_cat-non-palettisable","10":"product_shipping_class-free-shipping","12":"first","13":"outofstock","14":"featured","15":"taxable","16":"shipping-taxable","17":"purchasable","18":"product-type-simple"},"_links":{"self":[{"href":"https:\/\/abinox-chr-clim.com\/index.php\/wp-json\/wp\/v2\/product\/69183","targetHints":{"allow":["GET"]}}],"collection":[{"href":"https:\/\/abinox-chr-clim.com\/index.php\/wp-json\/wp\/v2\/product"}],"about":[{"href":"https:\/\/abinox-chr-clim.com\/index.php\/wp-json\/wp\/v2\/types\/product"}],"replies":[{"embeddable":true,"href":"https:\/\/abinox-chr-clim.com\/index.php\/wp-json\/wp\/v2\/comments?post=69183"}],"wp:featuredmedia":[{"embeddable":true,"href":"https:\/\/abinox-chr-clim.com\/index.php\/wp-json\/wp\/v2\/media\/102136"}],"wp:attachment":[{"href":"https:\/\/abinox-chr-clim.com\/index.php\/wp-json\/wp\/v2\/media?parent=69183"}],"wp:term":[{"taxonomy":"product_brand","embeddable":true,"href":"https:\/\/abinox-chr-clim.com\/index.php\/wp-json\/wp\/v2\/product_brand?post=69183"},{"taxonomy":"product_cat","embeddable":true,"href":"https:\/\/abinox-chr-clim.com\/index.php\/wp-json\/wp\/v2\/product_cat?post=69183"},{"taxonomy":"product_tag","embeddable":true,"href":"https:\/\/abinox-chr-clim.com\/index.php\/wp-json\/wp\/v2\/product_tag?post=69183"}],"curies":[{"name":"wp","href":"https:\/\/api.w.org\/{rel}","templated":true}]}}