{"id":69182,"date":"2024-03-22T16:22:25","date_gmt":"2024-03-22T15:22:25","guid":{"rendered":"https:\/\/abinox-chr-clim.com\/index.php\/product\/dessus-4-feux-vifs-gaz-a-poser-gastro-m-60-60pcg\/"},"modified":"2025-11-11T08:19:51","modified_gmt":"2025-11-11T07:19:51","slug":"dessus-4-feux-vifs-gaz-a-poser-gastro-m-60-60pcg","status":"publish","type":"product","link":"https:\/\/abinox-chr-clim.com\/index.php\/product\/dessus-4-feux-vifs-gaz-a-poser-gastro-m-60-60pcg\/","title":{"rendered":"Dessus 4 feux vifs gaz \u00e0 poser Gastro M 60\/60PCG"},"content":{"rendered":"<p>Dessus feux vifs gaz avec thermo-couples, bord anti-ruissellement et allumage piezo. Gaz naturel de s\u00e9rie, injecteurs butane\/propane fournis.<br \/>Construction acier inoxydable. Allumage piezo. Top embouti. R\u00e9f\u00e9rence soumise \u00e0 une Eco-participation mobilier de 0.09\u20ac par unit\u00e9 vendue. 2 feux vifs  3,3 kW.2 feux vifs 2,8 kW. R\u00e9f\u00e9rence soumise \u00e0 une Eco-participation DEEE de 1,50\u20ac par unit\u00e9 vendue. Construction acier inoxydable.<\/p>\n<p>Caract\u00e9ristiques :<br \/> Dimensions : 280(H) x 600(L) x 600(P) mm.<br \/> Mati\u00e8re : Acier inoxydable.<br \/> Couleur : Acier inoxydable.<\/p>\n","protected":false},"excerpt":{"rendered":"<div><img decoding=\"async\" src=\"https:\/\/abinox-chr-clim.com\/wp-content\/uploads\/2024\/03\/abinox-garantie-1-an.webp\" width=\"150px\"\/><\/div>\n<p>Dessus 4 feux vifs gaz \u00e0 poser Gastro M 60\/60PCG<\/p>\n","protected":false},"featured_media":102135,"comment_status":"closed","ping_status":"closed","template":"","meta":[],"product_brand":[],"product_cat":[1167,1168,1160,1296],"product_tag":[],"class_list":{"0":"post-69182","1":"product","2":"type-product","3":"status-publish","4":"has-post-thumbnail","6":"product_cat-cuisson-horizontale","7":"product_cat-gastro-m-serie-600","8":"product_cat-materiel-electrique-et-de-cuisson","9":"product_cat-palettisable","11":"first","12":"outofstock","13":"featured","14":"taxable","15":"shipping-taxable","16":"purchasable","17":"product-type-simple"},"_links":{"self":[{"href":"https:\/\/abinox-chr-clim.com\/index.php\/wp-json\/wp\/v2\/product\/69182","targetHints":{"allow":["GET"]}}],"collection":[{"href":"https:\/\/abinox-chr-clim.com\/index.php\/wp-json\/wp\/v2\/product"}],"about":[{"href":"https:\/\/abinox-chr-clim.com\/index.php\/wp-json\/wp\/v2\/types\/product"}],"replies":[{"embeddable":true,"href":"https:\/\/abinox-chr-clim.com\/index.php\/wp-json\/wp\/v2\/comments?post=69182"}],"wp:featuredmedia":[{"embeddable":true,"href":"https:\/\/abinox-chr-clim.com\/index.php\/wp-json\/wp\/v2\/media\/102135"}],"wp:attachment":[{"href":"https:\/\/abinox-chr-clim.com\/index.php\/wp-json\/wp\/v2\/media?parent=69182"}],"wp:term":[{"taxonomy":"product_brand","embeddable":true,"href":"https:\/\/abinox-chr-clim.com\/index.php\/wp-json\/wp\/v2\/product_brand?post=69182"},{"taxonomy":"product_cat","embeddable":true,"href":"https:\/\/abinox-chr-clim.com\/index.php\/wp-json\/wp\/v2\/product_cat?post=69182"},{"taxonomy":"product_tag","embeddable":true,"href":"https:\/\/abinox-chr-clim.com\/index.php\/wp-json\/wp\/v2\/product_tag?post=69182"}],"curies":[{"name":"wp","href":"https:\/\/api.w.org\/{rel}","templated":true}]}}