{"id":69167,"date":"2024-03-22T16:22:20","date_gmt":"2024-03-22T15:22:20","guid":{"rendered":"https:\/\/abinox-chr-clim.com\/index.php\/product\/chauffe-eau-et-vapeur-bravilor-rlx4\/"},"modified":"2026-04-14T10:21:35","modified_gmt":"2026-04-14T08:21:35","slug":"chauffe-eau-et-vapeur-bravilor-rlx4","status":"publish","type":"product","link":"https:\/\/abinox-chr-clim.com\/index.php\/product\/chauffe-eau-et-vapeur-bravilor-rlx4\/","title":{"rendered":"Chauffe-eau et vapeur Bravilor RLX4"},"content":{"rendered":"<p>Chauffe-eau facile d&rsquo;entretien avec robinets d&rsquo;eau et de vapeur s\u00e9par\u00e9s fournissant de l&rsquo;eau chaude pour les boissons et de la vapeur pour chauffer et faire mousser le lait. Le bras pivotant permet d&rsquo;utiliser le chauffe-eau pour remplir les pichets isothermes et pichets \u00e0 pompe. Raccordement au secteur et livr\u00e9 avec un \u00e9gouttoir avec grille inox.<br \/>N\u00e9cessite un raccordement permanent \u00e0 l&rsquo;eau. R\u00e9f\u00e9rence soumise \u00e0 une Eco-participation mobilier de 0.6\u20ac par unit\u00e9 vendue. Bras pivotant pour le remplissage des pichets avec de l&rsquo;eau chaude. Voyant d&rsquo;entartrage.  N\u00e9cessite un raccordement permanent \u00e0 l&rsquo;eau.<\/p>\n<p>Caract\u00e9ristiques :<br \/> Capacit\u00e9 : 1,5 L.<br \/> Dimensions : 448(H) x 245(L) x 509(P) mm.<br \/> Mati\u00e8re : .<br \/> Sortie : 25L \/ h.<br \/> Voltage : 230V.<br \/> Couleur : Noir.<\/p>\n","protected":false},"excerpt":{"rendered":"<div><img decoding=\"async\" src=\"https:\/\/abinox-chr-clim.com\/wp-content\/uploads\/2024\/03\/abinox-garantie-1-an.webp\" width=\"150px\"\/><\/div>\n<p>Chauffe-eau et vapeur Bravilor RLX4<\/p>\n","protected":false},"featured_media":96070,"comment_status":"closed","ping_status":"closed","template":"","meta":[],"product_brand":[],"product_cat":[1164,1166,1160,1297],"product_tag":[],"class_list":{"0":"post-69167","1":"product","2":"type-product","3":"status-publish","4":"has-post-thumbnail","6":"product_cat-cafeterie","7":"product_cat-chauffe-eau","8":"product_cat-materiel-electrique-et-de-cuisson","9":"product_cat-non-palettisable","10":"product_shipping_class-free-shipping","12":"first","13":"instock","14":"featured","15":"taxable","16":"shipping-taxable","17":"purchasable","18":"product-type-simple"},"_links":{"self":[{"href":"https:\/\/abinox-chr-clim.com\/index.php\/wp-json\/wp\/v2\/product\/69167","targetHints":{"allow":["GET"]}}],"collection":[{"href":"https:\/\/abinox-chr-clim.com\/index.php\/wp-json\/wp\/v2\/product"}],"about":[{"href":"https:\/\/abinox-chr-clim.com\/index.php\/wp-json\/wp\/v2\/types\/product"}],"replies":[{"embeddable":true,"href":"https:\/\/abinox-chr-clim.com\/index.php\/wp-json\/wp\/v2\/comments?post=69167"}],"wp:featuredmedia":[{"embeddable":true,"href":"https:\/\/abinox-chr-clim.com\/index.php\/wp-json\/wp\/v2\/media\/96070"}],"wp:attachment":[{"href":"https:\/\/abinox-chr-clim.com\/index.php\/wp-json\/wp\/v2\/media?parent=69167"}],"wp:term":[{"taxonomy":"product_brand","embeddable":true,"href":"https:\/\/abinox-chr-clim.com\/index.php\/wp-json\/wp\/v2\/product_brand?post=69167"},{"taxonomy":"product_cat","embeddable":true,"href":"https:\/\/abinox-chr-clim.com\/index.php\/wp-json\/wp\/v2\/product_cat?post=69167"},{"taxonomy":"product_tag","embeddable":true,"href":"https:\/\/abinox-chr-clim.com\/index.php\/wp-json\/wp\/v2\/product_tag?post=69167"}],"curies":[{"name":"wp","href":"https:\/\/api.w.org\/{rel}","templated":true}]}}