{"id":69166,"date":"2024-03-22T16:22:20","date_gmt":"2024-03-22T15:22:20","guid":{"rendered":"https:\/\/abinox-chr-clim.com\/index.php\/product\/chauffe-eau-a-remplissage-automatique-lincat-eb3fx-modele-haut\/"},"modified":"2026-04-14T10:25:54","modified_gmt":"2026-04-14T08:25:54","slug":"chauffe-eau-a-remplissage-automatique-lincat-eb3fx-modele-haut","status":"publish","type":"product","link":"https:\/\/abinox-chr-clim.com\/index.php\/product\/chauffe-eau-a-remplissage-automatique-lincat-eb3fx-modele-haut\/","title":{"rendered":"Chauffe-eau \u00e0 remplissage automatique Lincat EB3FX mod\u00e8le haut"},"content":{"rendered":"<p>Go\u00fbtez \u00e0 la diff\u00e9rence qu&rsquo;apporte le filtre au th\u00e9 et au caf\u00e9. Fournit une eau filtr\u00e9e de qualit\u00e9 \u00e0 la demande, 24 heures sur 24.<br \/>Remplissage rapide \u00e0 haut volume de 17\u00a0litres. Installation facile &#8211; Prise. Encombrement r\u00e9duit de 250\u00a0mm de large. Commandes intuitives sur \u00e9cran tactile num\u00e9rique en couleur. Le syst\u00e8me de filtration d&rsquo;eau int\u00e9gr\u00e9 am\u00e9liore la qualit\u00e9 de l&rsquo;eau et r\u00e9duit l&rsquo;accumulation de calcaire. Utilise des filtres \u00e0 grand volume et faciles \u00e0 changer. Le r\u00e9glage Eco intelligent r\u00e9duit le volume d&rsquo;eau bouillante de 50\u00a0% pendant les p\u00e9riodes plus calmes. La minuterie de 7\u00a0jours permet de programmer le chauffe-eau pour qu&rsquo;il s&rsquo;\u00e9teigne la nuit ou le week-end afin d&rsquo;\u00e9conomiser davantage d&rsquo;\u00e9nergie. Des diagnostics am\u00e9lior\u00e9s \u00e0 plusieurs niveaux permettent de r\u00e9duire les temps d&rsquo;arr\u00eat.Remplissage rapide \u00e0 haut volume de 17\u00a0litres.<\/p>\n<p>Caract\u00e9ristiques :<br \/> Capacit\u00e9 : 17 L.<br \/> Dimensions : 685(H) x 250(L) x 525(P) mm.<br \/> Mati\u00e8re : Inox et plastique.<br \/> Temp\u00e9rature : 70 \u00b0C \u00e0 96 \u00b0C.<br \/> Voltage : 240V.<br \/> Couleur : Noir et argent\u00e9.<\/p>\n","protected":false},"excerpt":{"rendered":"<div><img decoding=\"async\" src=\"https:\/\/abinox-chr-clim.com\/wp-content\/uploads\/2024\/03\/abinox-garantie-1-an.webp\" width=\"150px\"\/><\/div>\n<p>Chauffe-eau \u00e0 remplissage automatique Lincat EB3FX mod\u00e8le haut<\/p>\n","protected":false},"featured_media":87464,"comment_status":"closed","ping_status":"closed","template":"","meta":[],"product_brand":[],"product_cat":[1164,1166,1160,1297],"product_tag":[],"class_list":{"0":"post-69166","1":"product","2":"type-product","3":"status-publish","4":"has-post-thumbnail","6":"product_cat-cafeterie","7":"product_cat-chauffe-eau","8":"product_cat-materiel-electrique-et-de-cuisson","9":"product_cat-non-palettisable","10":"product_shipping_class-free-shipping","12":"first","13":"instock","14":"featured","15":"taxable","16":"shipping-taxable","17":"purchasable","18":"product-type-simple"},"_links":{"self":[{"href":"https:\/\/abinox-chr-clim.com\/index.php\/wp-json\/wp\/v2\/product\/69166","targetHints":{"allow":["GET"]}}],"collection":[{"href":"https:\/\/abinox-chr-clim.com\/index.php\/wp-json\/wp\/v2\/product"}],"about":[{"href":"https:\/\/abinox-chr-clim.com\/index.php\/wp-json\/wp\/v2\/types\/product"}],"replies":[{"embeddable":true,"href":"https:\/\/abinox-chr-clim.com\/index.php\/wp-json\/wp\/v2\/comments?post=69166"}],"wp:featuredmedia":[{"embeddable":true,"href":"https:\/\/abinox-chr-clim.com\/index.php\/wp-json\/wp\/v2\/media\/87464"}],"wp:attachment":[{"href":"https:\/\/abinox-chr-clim.com\/index.php\/wp-json\/wp\/v2\/media?parent=69166"}],"wp:term":[{"taxonomy":"product_brand","embeddable":true,"href":"https:\/\/abinox-chr-clim.com\/index.php\/wp-json\/wp\/v2\/product_brand?post=69166"},{"taxonomy":"product_cat","embeddable":true,"href":"https:\/\/abinox-chr-clim.com\/index.php\/wp-json\/wp\/v2\/product_cat?post=69166"},{"taxonomy":"product_tag","embeddable":true,"href":"https:\/\/abinox-chr-clim.com\/index.php\/wp-json\/wp\/v2\/product_tag?post=69166"}],"curies":[{"name":"wp","href":"https:\/\/api.w.org\/{rel}","templated":true}]}}