{"id":69165,"date":"2024-03-22T16:22:20","date_gmt":"2024-03-22T15:22:20","guid":{"rendered":"https:\/\/abinox-chr-clim.com\/index.php\/product\/couteaux-doffice-pointus-victorinox-8cm-noirs-lot-de-2\/"},"modified":"2026-04-14T10:44:17","modified_gmt":"2026-04-14T08:44:17","slug":"couteaux-doffice-pointus-victorinox-8cm-noirs-lot-de-2","status":"publish","type":"product","link":"https:\/\/abinox-chr-clim.com\/index.php\/product\/couteaux-doffice-pointus-victorinox-8cm-noirs-lot-de-2\/","title":{"rendered":"Couteaux d&rsquo;office pointus Victorinox 8cm noirs (lot de 2)"},"content":{"rendered":"<p>Parfait pour d\u00e9couper et pr\u00e9parer les fruits et l\u00e9gumes, et tous les autres aliments. Couteau d&rsquo;office au tranchant lisse fabriqu\u00e9 en Suisse. Lame au tranchant lisse ultra aiguis\u00e9 et manche ergonomique. Parfait pour d\u00e9couper et pr\u00e9parer les fruits et l\u00e9gumes, et tous les autres aliments.<\/p>\n<p>Caract\u00e9ristiques :<br \/>Lot : 2.<br \/> Dimensions : 189(L) mm.<br \/> Mati\u00e8re : Lame en inox \u00e0 haute teneur en carbone.<br \/> Couleur : Noir.<\/p>\n","protected":false},"excerpt":{"rendered":"<div><img decoding=\"async\" src=\"https:\/\/abinox-chr-clim.com\/wp-content\/uploads\/2024\/03\/abinox-garantie-1-an.webp\" width=\"150px\"\/><\/div>\n<p>Couteaux d&rsquo;office pointus Victorinox 8cm noirs (lot de 2)<\/p>\n","protected":false},"featured_media":86874,"comment_status":"closed","ping_status":"closed","template":"","meta":[],"product_brand":[],"product_cat":[1164,1166,1160,1297],"product_tag":[],"class_list":{"0":"post-69165","1":"product","2":"type-product","3":"status-publish","4":"has-post-thumbnail","6":"product_cat-cafeterie","7":"product_cat-chauffe-eau","8":"product_cat-materiel-electrique-et-de-cuisson","9":"product_cat-non-palettisable","10":"product_shipping_class-free-shipping","12":"first","13":"outofstock","14":"featured","15":"taxable","16":"shipping-taxable","17":"purchasable","18":"product-type-simple"},"_links":{"self":[{"href":"https:\/\/abinox-chr-clim.com\/index.php\/wp-json\/wp\/v2\/product\/69165","targetHints":{"allow":["GET"]}}],"collection":[{"href":"https:\/\/abinox-chr-clim.com\/index.php\/wp-json\/wp\/v2\/product"}],"about":[{"href":"https:\/\/abinox-chr-clim.com\/index.php\/wp-json\/wp\/v2\/types\/product"}],"replies":[{"embeddable":true,"href":"https:\/\/abinox-chr-clim.com\/index.php\/wp-json\/wp\/v2\/comments?post=69165"}],"wp:featuredmedia":[{"embeddable":true,"href":"https:\/\/abinox-chr-clim.com\/index.php\/wp-json\/wp\/v2\/media\/86874"}],"wp:attachment":[{"href":"https:\/\/abinox-chr-clim.com\/index.php\/wp-json\/wp\/v2\/media?parent=69165"}],"wp:term":[{"taxonomy":"product_brand","embeddable":true,"href":"https:\/\/abinox-chr-clim.com\/index.php\/wp-json\/wp\/v2\/product_brand?post=69165"},{"taxonomy":"product_cat","embeddable":true,"href":"https:\/\/abinox-chr-clim.com\/index.php\/wp-json\/wp\/v2\/product_cat?post=69165"},{"taxonomy":"product_tag","embeddable":true,"href":"https:\/\/abinox-chr-clim.com\/index.php\/wp-json\/wp\/v2\/product_tag?post=69165"}],"curies":[{"name":"wp","href":"https:\/\/api.w.org\/{rel}","templated":true}]}}