{"id":69164,"date":"2024-03-22T16:22:19","date_gmt":"2024-03-22T15:22:19","guid":{"rendered":"https:\/\/abinox-chr-clim.com\/index.php\/product\/chauffe-eau-ecoenergetique-remplissage-manuel-buffalo-40l\/"},"modified":"2026-04-14T10:44:16","modified_gmt":"2026-04-14T08:44:16","slug":"chauffe-eau-ecoenergetique-remplissage-manuel-buffalo-40l","status":"publish","type":"product","link":"https:\/\/abinox-chr-clim.com\/index.php\/product\/chauffe-eau-ecoenergetique-remplissage-manuel-buffalo-40l\/","title":{"rendered":"Chauffe-eau \u00e9co\u00e9nerg\u00e9tique remplissage manuel Buffalo 40L"},"content":{"rendered":"<p>Construction en acier inoxydable double paroi isolante permettant d&rsquo;\u00e9conomiser jusqu&rsquo;\u00e0 60 % d&rsquo;\u00e9nergie par rapport aux chauffe-eau traditionnels simple paroi. R\u00e9sultat : \u00e9conomies et r\u00e9duction de l&rsquo;impact sur l&rsquo;environnement. Temp\u00e9rature de service atteinte rapidement. Maintien au chaud automatique. Pieds antid\u00e9rapants.<br \/>Le corps en acier inoxydable double paroi avec isolation suppl\u00e9mentaire r\u00e9duit consid\u00e9rablement les co\u00fbts de fonctionnement. Peut \u00e9conomiser jusqu&rsquo;\u00e0 60 % sur les co\u00fbts \u00e9nerg\u00e9tiques par rapport aux chauffe-eau traditionnels \u00e0 simple paroi. Con\u00e7u pour l&rsquo;efficacit\u00e9 et la durabilit\u00e9. R\u00e9f\u00e9rence soumise \u00e0 une Eco-participation mobilier de 0.51\u20ac par unit\u00e9 vendue. Construction robuste de qualit\u00e9 commerciale &#8211; id\u00e9ale pour les \u00e9tablissements \u00e0 forte fr\u00e9quentation. Conception facile \u00e0 nettoyer &#8211; la r\u00e9sistance dissimul\u00e9e simplifie le processus de d\u00e9tartrage. Robinet de distribution durable. Les pieds antid\u00e9rapants am\u00e9liorent la s\u00e9curit\u00e9. Bouton de r\u00e9initialisation de s\u00e9curit\u00e9 thermique externe &#8211; r\u00e9duit l&rsquo;usure de l&rsquo;appareil si on le laisse bouillir \u00e0 sec. Plage de temp\u00e9rature\u00a030\u00a0\u00b0C \u00e0 100\u00a0\u00b0C. Hauteur du robinet\u00a0: 154\u00a0mm. Mode maintien au chaud automatique. Le corps en acier inoxydable double paroi avec isolation suppl\u00e9mentaire r\u00e9duit consid\u00e9rablement les co\u00fbts de fonctionnement.<\/p>\n<p>Caract\u00e9ristiques :<br \/> Capacit\u00e9 : 40 L.<br \/> Dimensions : 644(H) x 490(L) mm.<br \/> Mati\u00e8re : Inox et plastique.<br \/> Temp\u00e9rature : 32 \u00b0C \u00e0 100 \u00b0C.<br \/> Voltage : 230-240V.<br \/> Couleur : Argent.<\/p>\n","protected":false},"excerpt":{"rendered":"<div><img decoding=\"async\" src=\"https:\/\/abinox-chr-clim.com\/wp-content\/uploads\/2024\/03\/abinox-garantie-1-an.webp\" width=\"150px\"\/><\/div>\n<p>Chauffe-eau \u00e9co\u00e9nerg\u00e9tique remplissage manuel Buffalo 40L<\/p>\n","protected":false},"featured_media":86868,"comment_status":"closed","ping_status":"closed","template":"","meta":[],"product_brand":[],"product_cat":[1164,1166,1160,1297],"product_tag":[],"class_list":{"0":"post-69164","1":"product","2":"type-product","3":"status-publish","4":"has-post-thumbnail","6":"product_cat-cafeterie","7":"product_cat-chauffe-eau","8":"product_cat-materiel-electrique-et-de-cuisson","9":"product_cat-non-palettisable","10":"product_shipping_class-free-shipping","12":"first","13":"instock","14":"featured","15":"taxable","16":"shipping-taxable","17":"purchasable","18":"product-type-simple"},"_links":{"self":[{"href":"https:\/\/abinox-chr-clim.com\/index.php\/wp-json\/wp\/v2\/product\/69164","targetHints":{"allow":["GET"]}}],"collection":[{"href":"https:\/\/abinox-chr-clim.com\/index.php\/wp-json\/wp\/v2\/product"}],"about":[{"href":"https:\/\/abinox-chr-clim.com\/index.php\/wp-json\/wp\/v2\/types\/product"}],"replies":[{"embeddable":true,"href":"https:\/\/abinox-chr-clim.com\/index.php\/wp-json\/wp\/v2\/comments?post=69164"}],"wp:featuredmedia":[{"embeddable":true,"href":"https:\/\/abinox-chr-clim.com\/index.php\/wp-json\/wp\/v2\/media\/86868"}],"wp:attachment":[{"href":"https:\/\/abinox-chr-clim.com\/index.php\/wp-json\/wp\/v2\/media?parent=69164"}],"wp:term":[{"taxonomy":"product_brand","embeddable":true,"href":"https:\/\/abinox-chr-clim.com\/index.php\/wp-json\/wp\/v2\/product_brand?post=69164"},{"taxonomy":"product_cat","embeddable":true,"href":"https:\/\/abinox-chr-clim.com\/index.php\/wp-json\/wp\/v2\/product_cat?post=69164"},{"taxonomy":"product_tag","embeddable":true,"href":"https:\/\/abinox-chr-clim.com\/index.php\/wp-json\/wp\/v2\/product_tag?post=69164"}],"curies":[{"name":"wp","href":"https:\/\/api.w.org\/{rel}","templated":true}]}}