{"id":69162,"date":"2024-03-22T16:22:19","date_gmt":"2024-03-22T15:22:19","guid":{"rendered":"https:\/\/abinox-chr-clim.com\/index.php\/product\/chauffe-eau-automatique-lincat-eb3fx\/"},"modified":"2026-04-14T10:21:16","modified_gmt":"2026-04-14T08:21:16","slug":"chauffe-eau-automatique-lincat-eb3fx","status":"publish","type":"product","link":"https:\/\/abinox-chr-clim.com\/index.php\/product\/chauffe-eau-automatique-lincat-eb3fx\/","title":{"rendered":"Chauffe-eau automatique Lincat EB3FX"},"content":{"rendered":"<p>Go\u00fbtez \u00e0 la diff\u00e9rence qu&rsquo;apporte le filtre au th\u00e9 et au caf\u00e9. Fournit une eau filtr\u00e9e de qualit\u00e9 \u00e0 la demande, 24 heures sur 24.<br \/>Fournit de l&rsquo;eau bouillante filtr\u00e9e de qualit\u00e9 \u00e0 la demande &#8211; 24 heures par jour. D\u00e9bit impressionnant de 31L \/ h avec remplissage rapide de 11L pour les pics de demande. Commande intuitive par \u00e9cran tactile num\u00e9rique avec r\u00e9glage pr\u00e9cis de la temp\u00e9rature pour les boissons sp\u00e9cifiques. R\u00e9f\u00e9rence soumise \u00e0 une Eco-participation mobilier de 0.54\u20ac par unit\u00e9 vendue. Le r\u00e9glage Eco r\u00e9duit le volume d&rsquo;eau bouillante de 50% pendant les p\u00e9riodes plus calmes. Fonction minuterie \u00e9teignant la machine pendant la nuit pour \u00e9conomiser l&rsquo;\u00e9nergie et les co\u00fbts de fonctionnement. Bouchon \u00e0 vis facile d&rsquo;acc\u00e8s pour surveiller l&rsquo;accumulation de calcaire. Fonction de d\u00e9tartrage simple &#8211; pas besoin de d\u00e9monter les composants. Le syst\u00e8me de filtration int\u00e9gr\u00e9 \u00e0 grand volume et facile \u00e0 changer am\u00e9liore la qualit\u00e9 de l&rsquo;eau et r\u00e9duit l&rsquo;accumulation de calcaire. Des diagnostics am\u00e9lior\u00e9s identifient rapidement les probl\u00e8mes, r\u00e9duisant le besoin (et le co\u00fbt) d&rsquo;une r\u00e9paration par un professionnel. Certifi\u00e9 WRAS. Fabriqu\u00e9 au Royaume-Uni. La largeur \u00e9troite de 250 mm \u00e9conomise de l&rsquo;espace sans compromettre la capacit\u00e9 ou les performances. Fournit de l&rsquo;eau bouillante filtr\u00e9e de qualit\u00e9 \u00e0 la demande &#8211; 24 heures par jour.<\/p>\n<p>Caract\u00e9ristiques :<br \/> Capacit\u00e9 : 11 L.<br \/> Dimensions : 596(H) x 250(L) x 525(P) mm.<br \/> Mati\u00e8re : Inox.<br \/> Sortie : 31L\/h.<br \/> Temp\u00e9rature : 70 \u00b0C \u00e0 98 \u00b0C.<br \/> Voltage : 230V.<br \/> Couleur : Argent.<br \/> Temp\u00e9rature ambiante : 30 \u00b0C.<\/p>\n","protected":false},"excerpt":{"rendered":"<div><img decoding=\"async\" src=\"https:\/\/abinox-chr-clim.com\/wp-content\/uploads\/2024\/03\/abinox-garantie-1-an.webp\" width=\"150px\"\/><\/div>\n<p>Chauffe-eau automatique Lincat EB3FX<\/p>\n","protected":false},"featured_media":85915,"comment_status":"closed","ping_status":"closed","template":"","meta":[],"product_brand":[],"product_cat":[1164,1166,1160,1297],"product_tag":[],"class_list":{"0":"post-69162","1":"product","2":"type-product","3":"status-publish","4":"has-post-thumbnail","6":"product_cat-cafeterie","7":"product_cat-chauffe-eau","8":"product_cat-materiel-electrique-et-de-cuisson","9":"product_cat-non-palettisable","10":"product_shipping_class-free-shipping","12":"first","13":"instock","14":"featured","15":"taxable","16":"shipping-taxable","17":"purchasable","18":"product-type-simple"},"_links":{"self":[{"href":"https:\/\/abinox-chr-clim.com\/index.php\/wp-json\/wp\/v2\/product\/69162","targetHints":{"allow":["GET"]}}],"collection":[{"href":"https:\/\/abinox-chr-clim.com\/index.php\/wp-json\/wp\/v2\/product"}],"about":[{"href":"https:\/\/abinox-chr-clim.com\/index.php\/wp-json\/wp\/v2\/types\/product"}],"replies":[{"embeddable":true,"href":"https:\/\/abinox-chr-clim.com\/index.php\/wp-json\/wp\/v2\/comments?post=69162"}],"wp:featuredmedia":[{"embeddable":true,"href":"https:\/\/abinox-chr-clim.com\/index.php\/wp-json\/wp\/v2\/media\/85915"}],"wp:attachment":[{"href":"https:\/\/abinox-chr-clim.com\/index.php\/wp-json\/wp\/v2\/media?parent=69162"}],"wp:term":[{"taxonomy":"product_brand","embeddable":true,"href":"https:\/\/abinox-chr-clim.com\/index.php\/wp-json\/wp\/v2\/product_brand?post=69162"},{"taxonomy":"product_cat","embeddable":true,"href":"https:\/\/abinox-chr-clim.com\/index.php\/wp-json\/wp\/v2\/product_cat?post=69162"},{"taxonomy":"product_tag","embeddable":true,"href":"https:\/\/abinox-chr-clim.com\/index.php\/wp-json\/wp\/v2\/product_tag?post=69162"}],"curies":[{"name":"wp","href":"https:\/\/api.w.org\/{rel}","templated":true}]}}