{"id":69161,"date":"2024-03-22T16:22:18","date_gmt":"2024-03-22T15:22:18","guid":{"rendered":"https:\/\/abinox-chr-clim.com\/index.php\/product\/chauffe-eau-remplissage-automatique-buffalo-10l\/"},"modified":"2026-04-14T10:21:15","modified_gmt":"2026-04-14T08:21:15","slug":"chauffe-eau-remplissage-automatique-buffalo-10l","status":"publish","type":"product","link":"https:\/\/abinox-chr-clim.com\/index.php\/product\/chauffe-eau-remplissage-automatique-buffalo-10l\/","title":{"rendered":"Chauffe-eau remplissage automatique Buffalo 10L"},"content":{"rendered":"<p>Chauffe-eau de comptoir de haute qualit\u00e9 avec un d\u00e9bit constant de 30 litres par heure. Id\u00e9al pour les caf\u00e9s et les h\u00f4tels o\u00f9 un approvisionnement en eau chaude est tout le temps n\u00e9cessaire. Le panneau de commande num\u00e9rique simple \u00e0 utiliser fournit des informations de diagnostic constantes et facilite la maintenance. La construction en acier inoxydable et le bac anti-gouttes amovible rendent le nettoyage rapide et facile, et le robinet robuste permet un d\u00e9bit contr\u00f4l\u00e9 ou constant.<br \/>Contr\u00f4leur \u00e9lectronique pr\u00e9cis avec diagnostic de la machine pour une maintenance facile. Temp\u00e9rature de l&rsquo;eau r\u00e9glable de 70 \u00e0 96\u00b0C &#8211; id\u00e9ale pour les boissons sp\u00e9ciales. R\u00e9sistance puissante de 3 kW longue dur\u00e9e de vie &#8211; eau pr\u00eate en 31 minutes. R\u00e9f\u00e9rence soumise \u00e0 une Eco-participation mobilier de 0.75\u20ac par unit\u00e9 vendue. Corps et r\u00e9servoir en acier inoxydable faciles \u00e0 nettoyer. Rendement : 30 litres par heure avec pr\u00e9l\u00e8vement rapide de 10 litres. Le robinet double fonction permet \u00e0 l&rsquo;utilisateur de basculer entre un d\u00e9bit constant et contr\u00f4l\u00e9. Bac anti-gouttes en inox amovible et lavable au lave-vaisselle. Fabriqu\u00e9 au Royaume-Uni. Hauteur du robinet 220 mm : permet de positionner des grands mod\u00e8les de tasses. Contr\u00f4leur \u00e9lectronique pr\u00e9cis avec diagnostic de la machine pour une maintenance facile.<\/p>\n<p>Caract\u00e9ristiques :<br \/> Capacit\u00e9 : 10 L.<br \/> Dimensions : 560(H) x 255(L) x 446(P) mm.<br \/> Mati\u00e8re : Inox.<br \/> Sortie : 3kW.<br \/> Temp\u00e9rature : 70 \u00b0C \u00e0 96 \u00b0C.<br \/> Voltage : 230V.<br \/> Couleur : Argent.<\/p>\n","protected":false},"excerpt":{"rendered":"<div><img decoding=\"async\" src=\"https:\/\/abinox-chr-clim.com\/wp-content\/uploads\/2024\/03\/abinox-garantie-1-an.webp\" width=\"150px\"\/><\/div>\n<p>Chauffe-eau remplissage automatique Buffalo 10L<\/p>\n","protected":false},"featured_media":102922,"comment_status":"closed","ping_status":"closed","template":"","meta":[],"product_brand":[],"product_cat":[1164,1166,1160,1297],"product_tag":[],"class_list":{"0":"post-69161","1":"product","2":"type-product","3":"status-publish","4":"has-post-thumbnail","6":"product_cat-cafeterie","7":"product_cat-chauffe-eau","8":"product_cat-materiel-electrique-et-de-cuisson","9":"product_cat-non-palettisable","10":"product_shipping_class-free-shipping","12":"first","13":"instock","14":"featured","15":"taxable","16":"shipping-taxable","17":"purchasable","18":"product-type-simple"},"_links":{"self":[{"href":"https:\/\/abinox-chr-clim.com\/index.php\/wp-json\/wp\/v2\/product\/69161","targetHints":{"allow":["GET"]}}],"collection":[{"href":"https:\/\/abinox-chr-clim.com\/index.php\/wp-json\/wp\/v2\/product"}],"about":[{"href":"https:\/\/abinox-chr-clim.com\/index.php\/wp-json\/wp\/v2\/types\/product"}],"replies":[{"embeddable":true,"href":"https:\/\/abinox-chr-clim.com\/index.php\/wp-json\/wp\/v2\/comments?post=69161"}],"wp:featuredmedia":[{"embeddable":true,"href":"https:\/\/abinox-chr-clim.com\/index.php\/wp-json\/wp\/v2\/media\/102922"}],"wp:attachment":[{"href":"https:\/\/abinox-chr-clim.com\/index.php\/wp-json\/wp\/v2\/media?parent=69161"}],"wp:term":[{"taxonomy":"product_brand","embeddable":true,"href":"https:\/\/abinox-chr-clim.com\/index.php\/wp-json\/wp\/v2\/product_brand?post=69161"},{"taxonomy":"product_cat","embeddable":true,"href":"https:\/\/abinox-chr-clim.com\/index.php\/wp-json\/wp\/v2\/product_cat?post=69161"},{"taxonomy":"product_tag","embeddable":true,"href":"https:\/\/abinox-chr-clim.com\/index.php\/wp-json\/wp\/v2\/product_tag?post=69161"}],"curies":[{"name":"wp","href":"https:\/\/api.w.org\/{rel}","templated":true}]}}