{"id":69157,"date":"2024-03-22T16:22:17","date_gmt":"2024-03-22T15:22:17","guid":{"rendered":"https:\/\/abinox-chr-clim.com\/index.php\/product\/machine-a-cafe-bravilor-th\/"},"modified":"2026-04-02T09:52:04","modified_gmt":"2026-04-02T07:52:04","slug":"machine-a-cafe-bravilor-th","status":"publish","type":"product","link":"https:\/\/abinox-chr-clim.com\/index.php\/product\/machine-a-cafe-bravilor-th\/","title":{"rendered":"Machine \u00e0 caf\u00e9 Bravilor TH"},"content":{"rendered":"<p>Pr\u00e9parez du caf\u00e9 frais directement dans des pichets isothermes et \u00e0 pompe. Machine \u00e0 remplissage manuel avec protection des r\u00e9sistances et rangement du cordon. Convient pour une utilisation avec les pichets \u00e0 pompe Furento uniquement (vendus s\u00e9par\u00e9ment, conservant le caf\u00e9 chaud pendant environ six heures).<br \/>Remplissage manuel &#8211; installation facile et aucun raccordement de plomberie n&rsquo;est n\u00e9cessaire. R\u00e9f\u00e9rence soumise \u00e0 une Eco-participation mobilier de 0.28\u20ac par unit\u00e9 vendue. Bac de filtration en acier inoxydable solide et durable. Rendement jusqu&rsquo;\u00e0 19 litres\/heure. Rendement \u00e9lev\u00e9 &#8211; pr\u00e9pare jusqu&rsquo;\u00e0 2,2 litres en 6-7 minutes. Con\u00e7ue pour \u00eatre utilis\u00e9e avec les pichets \u00e0 pompe Bravilor Furento de 2,2 litres, vendus s\u00e9par\u00e9ment (U900).Remplissage manuel &#8211; installation facile et aucun raccordement de plomberie n&rsquo;est n\u00e9cessaire.<\/p>\n<p>Caract\u00e9ristiques :<br \/> Capacit\u00e9 : 2,2 L.<br \/> Dimensions : 545(H) x 235(L) x 406(P) mm.<br \/> Mati\u00e8re : .<br \/> Sortie : 19 L (approx 152 tasses\/h).<br \/> Voltage : 230V.<br \/> Couleur : Argent.<br \/> Puissance : 2.31 kW.<\/p>\n","protected":false},"excerpt":{"rendered":"<div><img decoding=\"async\" src=\"https:\/\/abinox-chr-clim.com\/wp-content\/uploads\/2024\/03\/abinox-garantie-1-an.webp\" width=\"150px\"\/><\/div>\n<p>Machine \u00e0 caf\u00e9 Bravilor TH<\/p>\n","protected":false},"featured_media":99412,"comment_status":"closed","ping_status":"closed","template":"","meta":[],"product_brand":[],"product_cat":[1165,1164,1160,1297],"product_tag":[],"class_list":{"0":"post-69157","1":"product","2":"type-product","3":"status-publish","4":"has-post-thumbnail","6":"product_cat-cafe-cafeterie","7":"product_cat-cafeterie","8":"product_cat-materiel-electrique-et-de-cuisson","9":"product_cat-non-palettisable","10":"product_shipping_class-free-shipping","12":"first","13":"instock","14":"featured","15":"taxable","16":"shipping-taxable","17":"purchasable","18":"product-type-simple"},"_links":{"self":[{"href":"https:\/\/abinox-chr-clim.com\/index.php\/wp-json\/wp\/v2\/product\/69157","targetHints":{"allow":["GET"]}}],"collection":[{"href":"https:\/\/abinox-chr-clim.com\/index.php\/wp-json\/wp\/v2\/product"}],"about":[{"href":"https:\/\/abinox-chr-clim.com\/index.php\/wp-json\/wp\/v2\/types\/product"}],"replies":[{"embeddable":true,"href":"https:\/\/abinox-chr-clim.com\/index.php\/wp-json\/wp\/v2\/comments?post=69157"}],"wp:featuredmedia":[{"embeddable":true,"href":"https:\/\/abinox-chr-clim.com\/index.php\/wp-json\/wp\/v2\/media\/99412"}],"wp:attachment":[{"href":"https:\/\/abinox-chr-clim.com\/index.php\/wp-json\/wp\/v2\/media?parent=69157"}],"wp:term":[{"taxonomy":"product_brand","embeddable":true,"href":"https:\/\/abinox-chr-clim.com\/index.php\/wp-json\/wp\/v2\/product_brand?post=69157"},{"taxonomy":"product_cat","embeddable":true,"href":"https:\/\/abinox-chr-clim.com\/index.php\/wp-json\/wp\/v2\/product_cat?post=69157"},{"taxonomy":"product_tag","embeddable":true,"href":"https:\/\/abinox-chr-clim.com\/index.php\/wp-json\/wp\/v2\/product_tag?post=69157"}],"curies":[{"name":"wp","href":"https:\/\/api.w.org\/{rel}","templated":true}]}}