{"id":69154,"date":"2024-03-22T16:22:14","date_gmt":"2024-03-22T15:22:14","guid":{"rendered":"https:\/\/abinox-chr-clim.com\/index.php\/product\/machine-a-cafe-bravilor-bonamat-mondo\/"},"modified":"2026-04-02T08:55:19","modified_gmt":"2026-04-02T06:55:19","slug":"machine-a-cafe-bravilor-bonamat-mondo","status":"publish","type":"product","link":"https:\/\/abinox-chr-clim.com\/index.php\/product\/machine-a-cafe-bravilor-bonamat-mondo\/","title":{"rendered":"Machine \u00e0 caf\u00e9 Bravilor Bonamat Mondo"},"content":{"rendered":"<p>Machine \u00e0 caf\u00e9 avec remplissage d&rsquo;eau manuel, munie de deux plaques chauffantes pour maintenir un deuxi\u00e8me r\u00e9cipient de caf\u00e9 au chaud. Voyants caract\u00e9ristiques pour le caf\u00e9  pr\u00eat et le d\u00e9tartrage, et porte-filtre en inox. Livr\u00e9e avec filtres et deux pichets en verre r\u00e9sistant au lave-vaisselle.<br \/>Livr\u00e9 avec 2 pichets et 50 filtres en papier. Livr\u00e9 avec 2 pichets en verre. R\u00e9f\u00e9rence soumise \u00e0 une Eco-participation mobilier de 0.43\u20ac par unit\u00e9 vendue. Caf\u00e9 pr\u00eat en 5 min. Contenance de 24 tasses.R\u00e9f\u00e9rence soumise \u00e0 une Eco-participation DEEE de 0,33\u20ac par unit\u00e9 vendue. Livr\u00e9 avec 2 pichets et 50 filtres en papier.<\/p>\n<p>Caract\u00e9ristiques :<br \/> Capacit\u00e9 : 2 pichets de 1.7 L.<br \/> Dimensions : 618(H) x 215(L) x 355(P) mm.<br \/> Mati\u00e8re : .<br \/> Sortie : 18 L\/h (environ 144 tasses\/h).<br \/> Voltage : 230V.<br \/> Couleur : Argent.<br \/> Puissance : 2.1 kW.<\/p>\n","protected":false},"excerpt":{"rendered":"<div><img decoding=\"async\" src=\"https:\/\/abinox-chr-clim.com\/wp-content\/uploads\/2024\/03\/abinox-garantie-1-an.webp\" width=\"150px\"\/><\/div>\n<p>Machine \u00e0 caf\u00e9 Bravilor Bonamat Mondo<\/p>\n","protected":false},"featured_media":104310,"comment_status":"closed","ping_status":"closed","template":"","meta":[],"product_brand":[],"product_cat":[1165,1164,1160,1297],"product_tag":[],"class_list":{"0":"post-69154","1":"product","2":"type-product","3":"status-publish","4":"has-post-thumbnail","6":"product_cat-cafe-cafeterie","7":"product_cat-cafeterie","8":"product_cat-materiel-electrique-et-de-cuisson","9":"product_cat-non-palettisable","10":"product_shipping_class-free-shipping","12":"first","13":"instock","14":"featured","15":"taxable","16":"shipping-taxable","17":"purchasable","18":"product-type-simple"},"_links":{"self":[{"href":"https:\/\/abinox-chr-clim.com\/index.php\/wp-json\/wp\/v2\/product\/69154","targetHints":{"allow":["GET"]}}],"collection":[{"href":"https:\/\/abinox-chr-clim.com\/index.php\/wp-json\/wp\/v2\/product"}],"about":[{"href":"https:\/\/abinox-chr-clim.com\/index.php\/wp-json\/wp\/v2\/types\/product"}],"replies":[{"embeddable":true,"href":"https:\/\/abinox-chr-clim.com\/index.php\/wp-json\/wp\/v2\/comments?post=69154"}],"wp:featuredmedia":[{"embeddable":true,"href":"https:\/\/abinox-chr-clim.com\/index.php\/wp-json\/wp\/v2\/media\/104310"}],"wp:attachment":[{"href":"https:\/\/abinox-chr-clim.com\/index.php\/wp-json\/wp\/v2\/media?parent=69154"}],"wp:term":[{"taxonomy":"product_brand","embeddable":true,"href":"https:\/\/abinox-chr-clim.com\/index.php\/wp-json\/wp\/v2\/product_brand?post=69154"},{"taxonomy":"product_cat","embeddable":true,"href":"https:\/\/abinox-chr-clim.com\/index.php\/wp-json\/wp\/v2\/product_cat?post=69154"},{"taxonomy":"product_tag","embeddable":true,"href":"https:\/\/abinox-chr-clim.com\/index.php\/wp-json\/wp\/v2\/product_tag?post=69154"}],"curies":[{"name":"wp","href":"https:\/\/api.w.org\/{rel}","templated":true}]}}