{"id":69152,"date":"2024-03-22T16:22:13","date_gmt":"2024-03-22T15:22:13","guid":{"rendered":"https:\/\/abinox-chr-clim.com\/index.php\/product\/machine-a-cafe-a-filtration-rapide-bravilor-mondo-twin\/"},"modified":"2026-04-02T09:51:51","modified_gmt":"2026-04-02T07:51:51","slug":"machine-a-cafe-a-filtration-rapide-bravilor-mondo-twin","status":"publish","type":"product","link":"https:\/\/abinox-chr-clim.com\/index.php\/product\/machine-a-cafe-a-filtration-rapide-bravilor-mondo-twin\/","title":{"rendered":"Machine \u00e0 caf\u00e9 \u00e0 filtration rapide Bravilor Mondo Twin"},"content":{"rendered":"<p>Id\u00e9ale pour les sites d\u00e9pourvus d&rsquo;une alimentation en eau gr\u00e2ce \u00e0 son remplissage manuel pratique. Utilise la technologie de filtration rapide et permet d&rsquo;obtenir simultan\u00e9ment deux pichets de caf\u00e9 de 1,7 litre en 5 minutes.<br \/>Remplissage manuel &#8211; pas de raccordement \u00e0 l&rsquo;eau. Livr\u00e9e de s\u00e9rie avec 4 pichets en verre. Plaques chauffantes autor\u00e9gul\u00e9es. R\u00e9f\u00e9rence soumise \u00e0 une Eco-participation mobilier de 0.76\u20ac par unit\u00e9 vendue. Signal sonore de fin de cycle. Voyant d&rsquo;entartrage pr\u00e9venant de la n\u00e9cessit\u00e9 de d\u00e9tartrer la machine. Alimentation \u00e9lectrique : 230V ~ 50\/60 HZ 3460W.Indicateur de niveau d&rsquo;eau, syst\u00e8me de s\u00e9curit\u00e9 contre la chauffe \u00e0 sec. Remplissage manuel &#8211; pas de raccordement \u00e0 l&rsquo;eau.<\/p>\n<p>Caract\u00e9ristiques :<br \/> Dimensions : 446(H) x 404(L) x 406(P) mm.<br \/> Mati\u00e8re : .<br \/> Voltage : 230V<\/p>\n","protected":false},"excerpt":{"rendered":"<div><img decoding=\"async\" src=\"https:\/\/abinox-chr-clim.com\/wp-content\/uploads\/2024\/03\/abinox-garantie-1-an.webp\" width=\"150px\"\/><\/div>\n<p>Machine \u00e0 caf\u00e9 \u00e0 filtration rapide Bravilor Mondo Twin<\/p>\n","protected":false},"featured_media":100730,"comment_status":"closed","ping_status":"closed","template":"","meta":[],"product_brand":[],"product_cat":[1165,1164,1160,1297],"product_tag":[],"class_list":{"0":"post-69152","1":"product","2":"type-product","3":"status-publish","4":"has-post-thumbnail","6":"product_cat-cafe-cafeterie","7":"product_cat-cafeterie","8":"product_cat-materiel-electrique-et-de-cuisson","9":"product_cat-non-palettisable","10":"product_shipping_class-free-shipping","12":"first","13":"outofstock","14":"featured","15":"taxable","16":"shipping-taxable","17":"purchasable","18":"product-type-simple"},"_links":{"self":[{"href":"https:\/\/abinox-chr-clim.com\/index.php\/wp-json\/wp\/v2\/product\/69152","targetHints":{"allow":["GET"]}}],"collection":[{"href":"https:\/\/abinox-chr-clim.com\/index.php\/wp-json\/wp\/v2\/product"}],"about":[{"href":"https:\/\/abinox-chr-clim.com\/index.php\/wp-json\/wp\/v2\/types\/product"}],"replies":[{"embeddable":true,"href":"https:\/\/abinox-chr-clim.com\/index.php\/wp-json\/wp\/v2\/comments?post=69152"}],"wp:featuredmedia":[{"embeddable":true,"href":"https:\/\/abinox-chr-clim.com\/index.php\/wp-json\/wp\/v2\/media\/100730"}],"wp:attachment":[{"href":"https:\/\/abinox-chr-clim.com\/index.php\/wp-json\/wp\/v2\/media?parent=69152"}],"wp:term":[{"taxonomy":"product_brand","embeddable":true,"href":"https:\/\/abinox-chr-clim.com\/index.php\/wp-json\/wp\/v2\/product_brand?post=69152"},{"taxonomy":"product_cat","embeddable":true,"href":"https:\/\/abinox-chr-clim.com\/index.php\/wp-json\/wp\/v2\/product_cat?post=69152"},{"taxonomy":"product_tag","embeddable":true,"href":"https:\/\/abinox-chr-clim.com\/index.php\/wp-json\/wp\/v2\/product_tag?post=69152"}],"curies":[{"name":"wp","href":"https:\/\/api.w.org\/{rel}","templated":true}]}}