{"id":69149,"date":"2024-03-22T16:22:12","date_gmt":"2024-03-22T15:22:12","guid":{"rendered":"https:\/\/abinox-chr-clim.com\/index.php\/product\/machine-a-cafe-filtre-remplissage-manuel-bravilor-iso\/"},"modified":"2026-04-02T09:51:38","modified_gmt":"2026-04-02T07:51:38","slug":"machine-a-cafe-filtre-remplissage-manuel-bravilor-iso","status":"publish","type":"product","link":"https:\/\/abinox-chr-clim.com\/index.php\/product\/machine-a-cafe-filtre-remplissage-manuel-bravilor-iso\/","title":{"rendered":"Machine \u00e0 caf\u00e9 filtre remplissage manuel Bravilor Iso"},"content":{"rendered":"<p>Une cafeti\u00e8re en inox solide et robuste permettant de pr\u00e9parer rapidement (environ six minutes) le caf\u00e9 directement dans le pichet isotherme de deux litres fourni. Le pichet est con\u00e7u pour pr\u00e9server les ar\u00f4mes du caf\u00e9 et le maintenir au chaud. Syst\u00e8me de remplissage manuel pour que le caf\u00e9 puisse \u00eatre pr\u00e9par\u00e9 dans tous les espaces.<br \/>18L\/h. R\u00e9f mod\u00e8le 801009181002. Remplissage manuel. R\u00e9f\u00e9rence soumise \u00e0 une Eco-participation mobilier de 0.34\u20ac par unit\u00e9 vendue. Facile \u00e0 utiliser et entretenir. Le pichet n\u00e9cessite un nettoyage quotidien. Un d\u00e9tartrage r\u00e9gulier est n\u00e9cessaire en cas d&rsquo;utilisation dans des zones o\u00f9 l&rsquo;eau est tr\u00e8s calcaire. Alimentation \u00e9lectrique : 230V~ 50\/60Hz 2kW. Temps de pr\u00e9paration rapide : env. 6 minutes pour 2 litres (12 tasses). Livr\u00e9e avec un pichet isotherme de 2 litres et un porte-filtre en plastique. Le pichet pr\u00e9serve les ar\u00f4mes du caf\u00e9. 18L\/h.<\/p>\n<p>Caract\u00e9ristiques :<br \/> Capacit\u00e9 : 18 L.<br \/> Dimensions : 465(H) x 214(L) x 391(P) mm.<br \/> Mati\u00e8re : .<br \/> Sortie : Jusqu&rsquo;\u00e0 18L\/h (jusqu&rsquo;\u00e0 144 tasses\/h).<br \/> Temp\u00e9rature : 3 \u00b0C \u00e0 40 \u00b0C.<br \/> Voltage : 230V.<br \/> Couleur : Acier inoxydable et noir.<br \/> Puissance : 2 kW.<\/p>\n","protected":false},"excerpt":{"rendered":"<div><img decoding=\"async\" src=\"https:\/\/abinox-chr-clim.com\/wp-content\/uploads\/2024\/03\/abinox-garantie-1-an.webp\" width=\"150px\"\/><\/div>\n<p>Machine \u00e0 caf\u00e9 filtre remplissage manuel Bravilor Iso<\/p>\n","protected":false},"featured_media":89697,"comment_status":"closed","ping_status":"closed","template":"","meta":[],"product_brand":[],"product_cat":[1165,1164,1160,1297],"product_tag":[],"class_list":{"0":"post-69149","1":"product","2":"type-product","3":"status-publish","4":"has-post-thumbnail","6":"product_cat-cafe-cafeterie","7":"product_cat-cafeterie","8":"product_cat-materiel-electrique-et-de-cuisson","9":"product_cat-non-palettisable","10":"product_shipping_class-free-shipping","12":"first","13":"instock","14":"featured","15":"taxable","16":"shipping-taxable","17":"purchasable","18":"product-type-simple"},"_links":{"self":[{"href":"https:\/\/abinox-chr-clim.com\/index.php\/wp-json\/wp\/v2\/product\/69149","targetHints":{"allow":["GET"]}}],"collection":[{"href":"https:\/\/abinox-chr-clim.com\/index.php\/wp-json\/wp\/v2\/product"}],"about":[{"href":"https:\/\/abinox-chr-clim.com\/index.php\/wp-json\/wp\/v2\/types\/product"}],"replies":[{"embeddable":true,"href":"https:\/\/abinox-chr-clim.com\/index.php\/wp-json\/wp\/v2\/comments?post=69149"}],"wp:featuredmedia":[{"embeddable":true,"href":"https:\/\/abinox-chr-clim.com\/index.php\/wp-json\/wp\/v2\/media\/89697"}],"wp:attachment":[{"href":"https:\/\/abinox-chr-clim.com\/index.php\/wp-json\/wp\/v2\/media?parent=69149"}],"wp:term":[{"taxonomy":"product_brand","embeddable":true,"href":"https:\/\/abinox-chr-clim.com\/index.php\/wp-json\/wp\/v2\/product_brand?post=69149"},{"taxonomy":"product_cat","embeddable":true,"href":"https:\/\/abinox-chr-clim.com\/index.php\/wp-json\/wp\/v2\/product_cat?post=69149"},{"taxonomy":"product_tag","embeddable":true,"href":"https:\/\/abinox-chr-clim.com\/index.php\/wp-json\/wp\/v2\/product_tag?post=69149"}],"curies":[{"name":"wp","href":"https:\/\/api.w.org\/{rel}","templated":true}]}}