{"id":69148,"date":"2024-03-22T16:22:12","date_gmt":"2024-03-22T15:22:12","guid":{"rendered":"https:\/\/abinox-chr-clim.com\/index.php\/product\/cafetiere-a-capsules-nespresso-rowlett\/"},"modified":"2025-08-26T13:45:20","modified_gmt":"2025-08-26T11:45:20","slug":"cafetiere-a-capsules-nespresso-rowlett","status":"publish","type":"product","link":"https:\/\/abinox-chr-clim.com\/index.php\/product\/cafetiere-a-capsules-nespresso-rowlett\/","title":{"rendered":"Cafeti\u00e8re \u00e0 capsules Nespresso Rowlett"},"content":{"rendered":"<p>Machine \u00e9l\u00e9gante et pratique pour pr\u00e9parer caf\u00e9s et th\u00e9s. Exceptionnellement simple \u00e0 utiliser, chauffe en quelques secondes et compatible avec les capsules Nespresso. Avec une largeur de seulement 11 cm, son design compact prend peu de place sur le comptoir.<br \/>Compatible avec les capsules Nespresso &#8211; permet de pr\u00e9parer toutes les boissons Nespresso, y compris le th\u00e9. Temps de chauffe rapide de 40 secondes. Mode veille automatique pour r\u00e9duire davantage les co\u00fbts de fonctionnement. R\u00e9f\u00e9rence soumise \u00e0 une Eco-participation mobilier de 0.23\u20ac par unit\u00e9 vendue. La fonction de dosage automatique assure la consistance de la boisson.  R\u00e9servoir d&rsquo;eau transparent facile \u00e0 remplir &#8211; permet de surveiller le niveau d&rsquo;eau. Compatible avec les capsules Nespresso &#8211; permet de pr\u00e9parer toutes les boissons Nespresso, y compris le th\u00e9.<\/p>\n<p>Caract\u00e9ristiques :<br \/> Dimensions : 250(H) x 109(L) x 370(P) mm.<br \/> Mati\u00e8re : Plastique.<br \/> Voltage : 230V.<br \/> Couleur : Noir.<\/p>\n","protected":false},"excerpt":{"rendered":"<div><img decoding=\"async\" src=\"https:\/\/abinox-chr-clim.com\/wp-content\/uploads\/2024\/03\/abinox-garantie-1-an.webp\" width=\"150px\"\/><\/div>\n<p>Cafeti\u00e8re \u00e0 capsules Nespresso Rowlett<\/p>\n","protected":false},"featured_media":90479,"comment_status":"closed","ping_status":"closed","template":"","meta":[],"product_brand":[],"product_cat":[1165,1164,1160,1297],"product_tag":[],"class_list":{"0":"post-69148","1":"product","2":"type-product","3":"status-publish","4":"has-post-thumbnail","6":"product_cat-cafe-cafeterie","7":"product_cat-cafeterie","8":"product_cat-materiel-electrique-et-de-cuisson","9":"product_cat-non-palettisable","10":"product_shipping_class-free-shipping","12":"first","13":"outofstock","14":"featured","15":"taxable","16":"shipping-taxable","17":"purchasable","18":"product-type-simple"},"_links":{"self":[{"href":"https:\/\/abinox-chr-clim.com\/index.php\/wp-json\/wp\/v2\/product\/69148","targetHints":{"allow":["GET"]}}],"collection":[{"href":"https:\/\/abinox-chr-clim.com\/index.php\/wp-json\/wp\/v2\/product"}],"about":[{"href":"https:\/\/abinox-chr-clim.com\/index.php\/wp-json\/wp\/v2\/types\/product"}],"replies":[{"embeddable":true,"href":"https:\/\/abinox-chr-clim.com\/index.php\/wp-json\/wp\/v2\/comments?post=69148"}],"wp:featuredmedia":[{"embeddable":true,"href":"https:\/\/abinox-chr-clim.com\/index.php\/wp-json\/wp\/v2\/media\/90479"}],"wp:attachment":[{"href":"https:\/\/abinox-chr-clim.com\/index.php\/wp-json\/wp\/v2\/media?parent=69148"}],"wp:term":[{"taxonomy":"product_brand","embeddable":true,"href":"https:\/\/abinox-chr-clim.com\/index.php\/wp-json\/wp\/v2\/product_brand?post=69148"},{"taxonomy":"product_cat","embeddable":true,"href":"https:\/\/abinox-chr-clim.com\/index.php\/wp-json\/wp\/v2\/product_cat?post=69148"},{"taxonomy":"product_tag","embeddable":true,"href":"https:\/\/abinox-chr-clim.com\/index.php\/wp-json\/wp\/v2\/product_tag?post=69148"}],"curies":[{"name":"wp","href":"https:\/\/api.w.org\/{rel}","templated":true}]}}