{"id":69147,"date":"2024-03-22T16:22:11","date_gmt":"2024-03-22T15:22:11","guid":{"rendered":"https:\/\/abinox-chr-clim.com\/index.php\/product\/machine-a-cafe-filtre-pichet-isotherme-buffalo\/"},"modified":"2026-04-02T09:46:58","modified_gmt":"2026-04-02T07:46:58","slug":"machine-a-cafe-filtre-pichet-isotherme-buffalo","status":"publish","type":"product","link":"https:\/\/abinox-chr-clim.com\/index.php\/product\/machine-a-cafe-filtre-pichet-isotherme-buffalo\/","title":{"rendered":"Machine \u00e0 caf\u00e9 filtre pichet isotherme Buffalo"},"content":{"rendered":"<p>Pr\u00e9parez du caf\u00e9 frais en quelques minutes. Con\u00e7ues par des experts pour une utilisation fiable et durable. Disponibles avec verseuse en verre ou pichet isotherme. Le pichet isotherme offre une meilleure r\u00e9tention de la chaleur; perd moins de 2\u00b0C par heure. Le mod\u00e8le avec verseuse en verre poss\u00e8de deux plaques chauffantes pour garder le caf\u00e9 au chaud.<br \/>Design \u00e9l\u00e9gant. Remplissage automatique ou manuelle. Fourni avec un pichet isotherme haute performance en verre et en acier inoxydable de 2,3 litres. R\u00e9f\u00e9rence soumise \u00e0 une Eco-participation mobilier de 0.52\u20ac par unit\u00e9 vendue. Id\u00e9al pour les \u00e9tablissements o\u00f9 le service est \u00e9loign\u00e9 de la zone de restauration principale. Ecoulement de 2 litres de caf\u00e9 en moins de 6 minutes. Indicateur de progression de l&rsquo;\u00e9coulement. Construction solide en acier inoxydable facile \u00e0\u00a0nettoyer.Le pichet isotherme en verre conserve la chaleur maximale et perd moins de 2\u00b0C par heure. Design \u00e9l\u00e9gant.<\/p>\n<p>Caract\u00e9ristiques :<br \/> Capacit\u00e9 : 2,3 L.<br \/> Dimensions : 565(H) x 205(L) x 205(P) mm.<br \/> Mati\u00e8re : Inox.<br \/> Voltage : 230V.<br \/> Couleur : Noir et argent.<\/p>\n","protected":false},"excerpt":{"rendered":"<div><img decoding=\"async\" src=\"https:\/\/abinox-chr-clim.com\/wp-content\/uploads\/2024\/03\/abinox-garantie-1-an.webp\" width=\"150px\"\/><\/div>\n<p>Machine \u00e0 caf\u00e9 filtre pichet isotherme Buffalo<\/p>\n","protected":false},"featured_media":87279,"comment_status":"closed","ping_status":"closed","template":"","meta":[],"product_brand":[],"product_cat":[1165,1164,1160,1297],"product_tag":[],"class_list":{"0":"post-69147","1":"product","2":"type-product","3":"status-publish","4":"has-post-thumbnail","6":"product_cat-cafe-cafeterie","7":"product_cat-cafeterie","8":"product_cat-materiel-electrique-et-de-cuisson","9":"product_cat-non-palettisable","10":"product_shipping_class-free-shipping","12":"first","13":"outofstock","14":"featured","15":"taxable","16":"shipping-taxable","17":"purchasable","18":"product-type-simple"},"_links":{"self":[{"href":"https:\/\/abinox-chr-clim.com\/index.php\/wp-json\/wp\/v2\/product\/69147","targetHints":{"allow":["GET"]}}],"collection":[{"href":"https:\/\/abinox-chr-clim.com\/index.php\/wp-json\/wp\/v2\/product"}],"about":[{"href":"https:\/\/abinox-chr-clim.com\/index.php\/wp-json\/wp\/v2\/types\/product"}],"replies":[{"embeddable":true,"href":"https:\/\/abinox-chr-clim.com\/index.php\/wp-json\/wp\/v2\/comments?post=69147"}],"wp:featuredmedia":[{"embeddable":true,"href":"https:\/\/abinox-chr-clim.com\/index.php\/wp-json\/wp\/v2\/media\/87279"}],"wp:attachment":[{"href":"https:\/\/abinox-chr-clim.com\/index.php\/wp-json\/wp\/v2\/media?parent=69147"}],"wp:term":[{"taxonomy":"product_brand","embeddable":true,"href":"https:\/\/abinox-chr-clim.com\/index.php\/wp-json\/wp\/v2\/product_brand?post=69147"},{"taxonomy":"product_cat","embeddable":true,"href":"https:\/\/abinox-chr-clim.com\/index.php\/wp-json\/wp\/v2\/product_cat?post=69147"},{"taxonomy":"product_tag","embeddable":true,"href":"https:\/\/abinox-chr-clim.com\/index.php\/wp-json\/wp\/v2\/product_tag?post=69147"}],"curies":[{"name":"wp","href":"https:\/\/api.w.org\/{rel}","templated":true}]}}