{"id":69146,"date":"2024-03-22T16:22:11","date_gmt":"2024-03-22T15:22:11","guid":{"rendered":"https:\/\/abinox-chr-clim.com\/index.php\/product\/machine-a-cafe-filtre-buffalo\/"},"modified":"2026-04-02T09:46:57","modified_gmt":"2026-04-02T07:46:57","slug":"machine-a-cafe-filtre-buffalo","status":"publish","type":"product","link":"https:\/\/abinox-chr-clim.com\/index.php\/product\/machine-a-cafe-filtre-buffalo\/","title":{"rendered":"Machine \u00e0 caf\u00e9 filtre Buffalo"},"content":{"rendered":"<p>Pr\u00e9parez du caf\u00e9 frais en quelques minutes. Con\u00e7ues par des experts pour une utilisation fiable et durable. Disponibles avec verseuse en verre ou pichet isotherme. Le pichet isotherme offre une meilleure r\u00e9tention de la chaleur; perd moins de 2\u00b0C par heure. Le mod\u00e8le avec verseuse en verre poss\u00e8de deux plaques chauffantes pour garder le caf\u00e9 au chaud.<br \/>Design \u00e9l\u00e9gant. Remplissage manuel : pas de raccord \u00e0 l&rsquo;eau n\u00e9cessaire et facilement d\u00e9pla\u00e7able. S&rsquo;\u00e9coule \u00e0 temp\u00e9rature optimale pour un caf\u00e9 au go\u00fbt exquis. R\u00e9f\u00e9rence soumise \u00e0 une Eco-participation mobilier de 0.41\u20ac par unit\u00e9 vendue. Deux plaques chauffantes commut\u00e9es individuellement pour garder le caf\u00e9 bien chaud et pr\u00eat \u00e0 servir. Indicateur de progression de l&rsquo;\u00e9coulement. Construction solide en acier inoxydable facile \u00e0\u00a0nettoyer.Ecoulement de 1,7 litre de caf\u00e9 en moins de 6 minutes. Design \u00e9l\u00e9gant.<\/p>\n<p>Caract\u00e9ristiques :<br \/> Capacit\u00e9 : 1,7 L.<br \/> Dimensions : 435(H) x 205(L) x 380(P) mm.<br \/> Mati\u00e8re : Inox.<br \/> Voltage : 230V.<br \/> Couleur : Noir et argent.<\/p>\n","protected":false},"excerpt":{"rendered":"<div><img decoding=\"async\" src=\"https:\/\/abinox-chr-clim.com\/wp-content\/uploads\/2024\/03\/abinox-garantie-1-an.webp\" width=\"150px\"\/><\/div>\n<p>Machine \u00e0 caf\u00e9 filtre Buffalo<\/p>\n","protected":false},"featured_media":87263,"comment_status":"closed","ping_status":"closed","template":"","meta":[],"product_brand":[],"product_cat":[1165,1164,1160,1297],"product_tag":[],"class_list":{"0":"post-69146","1":"product","2":"type-product","3":"status-publish","4":"has-post-thumbnail","6":"product_cat-cafe-cafeterie","7":"product_cat-cafeterie","8":"product_cat-materiel-electrique-et-de-cuisson","9":"product_cat-non-palettisable","10":"product_shipping_class-free-shipping","12":"first","13":"instock","14":"featured","15":"taxable","16":"shipping-taxable","17":"purchasable","18":"product-type-simple"},"_links":{"self":[{"href":"https:\/\/abinox-chr-clim.com\/index.php\/wp-json\/wp\/v2\/product\/69146","targetHints":{"allow":["GET"]}}],"collection":[{"href":"https:\/\/abinox-chr-clim.com\/index.php\/wp-json\/wp\/v2\/product"}],"about":[{"href":"https:\/\/abinox-chr-clim.com\/index.php\/wp-json\/wp\/v2\/types\/product"}],"replies":[{"embeddable":true,"href":"https:\/\/abinox-chr-clim.com\/index.php\/wp-json\/wp\/v2\/comments?post=69146"}],"wp:featuredmedia":[{"embeddable":true,"href":"https:\/\/abinox-chr-clim.com\/index.php\/wp-json\/wp\/v2\/media\/87263"}],"wp:attachment":[{"href":"https:\/\/abinox-chr-clim.com\/index.php\/wp-json\/wp\/v2\/media?parent=69146"}],"wp:term":[{"taxonomy":"product_brand","embeddable":true,"href":"https:\/\/abinox-chr-clim.com\/index.php\/wp-json\/wp\/v2\/product_brand?post=69146"},{"taxonomy":"product_cat","embeddable":true,"href":"https:\/\/abinox-chr-clim.com\/index.php\/wp-json\/wp\/v2\/product_cat?post=69146"},{"taxonomy":"product_tag","embeddable":true,"href":"https:\/\/abinox-chr-clim.com\/index.php\/wp-json\/wp\/v2\/product_tag?post=69146"}],"curies":[{"name":"wp","href":"https:\/\/api.w.org\/{rel}","templated":true}]}}