{"id":69145,"date":"2024-03-22T16:22:10","date_gmt":"2024-03-22T15:22:10","guid":{"rendered":"https:\/\/abinox-chr-clim.com\/index.php\/product\/machine-a-cafe-filtre-a-remplissage-manuel-buffalo\/"},"modified":"2026-04-02T09:54:29","modified_gmt":"2026-04-02T07:54:29","slug":"machine-a-cafe-filtre-a-remplissage-manuel-buffalo","status":"publish","type":"product","link":"https:\/\/abinox-chr-clim.com\/index.php\/product\/machine-a-cafe-filtre-a-remplissage-manuel-buffalo\/","title":{"rendered":"Machine \u00e0 caf\u00e9 filtre \u00e0 remplissage manuel Buffalo"},"content":{"rendered":"<p>Machine \u00e0 caf\u00e9 rapide. Permet de maintenir les boissons chaudes et pr\u00eates \u00e0 servir.<br \/>Finition \u00e9l\u00e9gante et durable en acier inoxydable. Remplissage manuel &#8211; aucun raccordement permanent \u00e0 l&rsquo;eau courante n&rsquo;est n\u00e9cessaire. Conception facile \u00e0 nettoyer permettant de gagner du temps. R\u00e9f\u00e9rence soumise \u00e0 une Eco-participation mobilier de 0.39\u20ac par unit\u00e9 vendue. Interrupteur d&rsquo;alimentation de plaque chauffante ind\u00e9pendant pour r\u00e9duire les co\u00fbts de fonctionnement lorsqu&rsquo;elle n&rsquo;est pas utilis\u00e9e.  Voyant de s\u00e9curit\u00e9 pour indiquer que la machine est en service. Finition \u00e9l\u00e9gante et durable en acier inoxydable.<\/p>\n<p>Caract\u00e9ristiques :<br \/> Capacit\u00e9 : 2 L.<br \/> Dimensions : 460(H) x 215(L) x 400(P) mm.<br \/> Mati\u00e8re : Inox.<br \/> Temp\u00e9rature : 85 \u00b0C \u00e0 98 \u00b0C.<br \/> Voltage : 220-240V.<br \/> Couleur : Noir et argent.<br \/> Puissance : 2000 W.<\/p>\n","protected":false},"excerpt":{"rendered":"<div><img decoding=\"async\" src=\"https:\/\/abinox-chr-clim.com\/wp-content\/uploads\/2024\/03\/abinox-garantie-1-an.webp\" width=\"150px\"\/><\/div>\n<p>Machine \u00e0 caf\u00e9 filtre \u00e0 remplissage manuel Buffalo<\/p>\n","protected":false},"featured_media":86289,"comment_status":"closed","ping_status":"closed","template":"","meta":[],"product_brand":[],"product_cat":[1165,1164,1160,1297],"product_tag":[],"class_list":{"0":"post-69145","1":"product","2":"type-product","3":"status-publish","4":"has-post-thumbnail","6":"product_cat-cafe-cafeterie","7":"product_cat-cafeterie","8":"product_cat-materiel-electrique-et-de-cuisson","9":"product_cat-non-palettisable","10":"product_shipping_class-free-shipping","12":"first","13":"instock","14":"featured","15":"taxable","16":"shipping-taxable","17":"purchasable","18":"product-type-simple"},"_links":{"self":[{"href":"https:\/\/abinox-chr-clim.com\/index.php\/wp-json\/wp\/v2\/product\/69145","targetHints":{"allow":["GET"]}}],"collection":[{"href":"https:\/\/abinox-chr-clim.com\/index.php\/wp-json\/wp\/v2\/product"}],"about":[{"href":"https:\/\/abinox-chr-clim.com\/index.php\/wp-json\/wp\/v2\/types\/product"}],"replies":[{"embeddable":true,"href":"https:\/\/abinox-chr-clim.com\/index.php\/wp-json\/wp\/v2\/comments?post=69145"}],"wp:featuredmedia":[{"embeddable":true,"href":"https:\/\/abinox-chr-clim.com\/index.php\/wp-json\/wp\/v2\/media\/86289"}],"wp:attachment":[{"href":"https:\/\/abinox-chr-clim.com\/index.php\/wp-json\/wp\/v2\/media?parent=69145"}],"wp:term":[{"taxonomy":"product_brand","embeddable":true,"href":"https:\/\/abinox-chr-clim.com\/index.php\/wp-json\/wp\/v2\/product_brand?post=69145"},{"taxonomy":"product_cat","embeddable":true,"href":"https:\/\/abinox-chr-clim.com\/index.php\/wp-json\/wp\/v2\/product_cat?post=69145"},{"taxonomy":"product_tag","embeddable":true,"href":"https:\/\/abinox-chr-clim.com\/index.php\/wp-json\/wp\/v2\/product_tag?post=69145"}],"curies":[{"name":"wp","href":"https:\/\/api.w.org\/{rel}","templated":true}]}}