{"id":69142,"date":"2024-03-22T16:22:09","date_gmt":"2024-03-22T15:22:09","guid":{"rendered":"https:\/\/abinox-chr-clim.com\/index.php\/product\/mixeur-dynamic-dynamix-mf052\/"},"modified":"2026-04-02T09:16:02","modified_gmt":"2026-04-02T07:16:02","slug":"mixeur-dynamic-dynamix-mf052","status":"publish","type":"product","link":"https:\/\/abinox-chr-clim.com\/index.php\/product\/mixeur-dynamic-dynamix-mf052\/","title":{"rendered":"Mixeur Dynamic Dynamix MF052"},"content":{"rendered":"<p>V\u00e9ritable mini-mixeur professionnel dot\u00e9 d&rsquo;un couteau 2 lames pour m\u00e9langer et mixer jusqu&rsquo;\u00e0 4 litres de soupe, sauce et pur\u00e9e. Pied amovible pour un nettoyage facile. Le pack (GH629) comprend le bloc moteur du Dynamix avec un couteau \u00e9mulsionneur et un accessoire fouet.<br \/>Puissant, rapide et efficace avec pied d\u00e9montable pour un entretien facile. Portable &#8211; id\u00e9al pour une utilisation peu intensive. Utilisation confortable et tr\u00e8s maniable. R\u00e9f\u00e9rence soumise \u00e0 une Eco-participation mobilier de 0.11\u20ac par unit\u00e9 vendue. Tube de plong\u00e9e et cloche en acier inox durable.Variateur de vitesse pour des r\u00e9sultats pr\u00e9cis. R\u00e9f\u00e9rence soumise \u00e0 une Eco-participation DEEE de 0,09\u20ac par unit\u00e9 vendue. Puissant, rapide et efficace avec pied d\u00e9montable pour un entretien facile.<\/p>\n<p>Caract\u00e9ristiques :<br \/> Capacit\u00e9 : 1 &#8211; 4L.<br \/> Dimensions : 200(H) x 70(\u00d8) mm.<br \/> Mati\u00e8re : Plastique et acier inoxydable.<br \/> Sortie : 220W.<br \/> Vitesse : 3 000 \u00e0 13 000tr\/min.<br \/> Voltage : 220-240V.<br \/> Couleur : Orange.<\/p>\n","protected":false},"excerpt":{"rendered":"<div><img decoding=\"async\" src=\"https:\/\/abinox-chr-clim.com\/wp-content\/uploads\/2024\/03\/abinox-garantie-1-an.webp\" width=\"150px\"\/><\/div>\n<p>Mixeur Dynamic Dynamix MF052<\/p>\n","protected":false},"featured_media":101830,"comment_status":"closed","ping_status":"closed","template":"","meta":[],"product_brand":[],"product_cat":[1161,1160,1163,1297],"product_tag":[],"class_list":{"0":"post-69142","1":"product","2":"type-product","3":"status-publish","4":"has-post-thumbnail","6":"product_cat-blenders-et-mixeurs-plongeants","7":"product_cat-materiel-electrique-et-de-cuisson","8":"product_cat-mixeurs-plongeants","9":"product_cat-non-palettisable","10":"product_shipping_class-free-shipping","12":"first","13":"instock","14":"featured","15":"taxable","16":"shipping-taxable","17":"purchasable","18":"product-type-simple"},"_links":{"self":[{"href":"https:\/\/abinox-chr-clim.com\/index.php\/wp-json\/wp\/v2\/product\/69142","targetHints":{"allow":["GET"]}}],"collection":[{"href":"https:\/\/abinox-chr-clim.com\/index.php\/wp-json\/wp\/v2\/product"}],"about":[{"href":"https:\/\/abinox-chr-clim.com\/index.php\/wp-json\/wp\/v2\/types\/product"}],"replies":[{"embeddable":true,"href":"https:\/\/abinox-chr-clim.com\/index.php\/wp-json\/wp\/v2\/comments?post=69142"}],"wp:featuredmedia":[{"embeddable":true,"href":"https:\/\/abinox-chr-clim.com\/index.php\/wp-json\/wp\/v2\/media\/101830"}],"wp:attachment":[{"href":"https:\/\/abinox-chr-clim.com\/index.php\/wp-json\/wp\/v2\/media?parent=69142"}],"wp:term":[{"taxonomy":"product_brand","embeddable":true,"href":"https:\/\/abinox-chr-clim.com\/index.php\/wp-json\/wp\/v2\/product_brand?post=69142"},{"taxonomy":"product_cat","embeddable":true,"href":"https:\/\/abinox-chr-clim.com\/index.php\/wp-json\/wp\/v2\/product_cat?post=69142"},{"taxonomy":"product_tag","embeddable":true,"href":"https:\/\/abinox-chr-clim.com\/index.php\/wp-json\/wp\/v2\/product_tag?post=69142"}],"curies":[{"name":"wp","href":"https:\/\/api.w.org\/{rel}","templated":true}]}}