{"id":69141,"date":"2024-03-22T16:22:09","date_gmt":"2024-03-22T15:22:09","guid":{"rendered":"https:\/\/abinox-chr-clim.com\/index.php\/product\/blender-vitesse-variable-waring-4l-cb15v\/"},"modified":"2026-04-02T08:49:17","modified_gmt":"2026-04-02T06:49:17","slug":"blender-vitesse-variable-waring-4l-cb15v","status":"publish","type":"product","link":"https:\/\/abinox-chr-clim.com\/index.php\/product\/blender-vitesse-variable-waring-4l-cb15v\/","title":{"rendered":"Blender vitesse variable Waring 4L CB15V"},"content":{"rendered":"<p>Blender professionnel \u00e0 vitesse variable, id\u00e9al pour les caf\u00e9s, restaurants et bars servant plus de 100 boissons par jour. Pour m\u00e9langer de grandes quantit\u00e9s ou en continu. Lame, r\u00e9cipient et couplage en acier inoxydable. Ne pas utiliser pour broyer des gla\u00e7ons.<br \/>Vitesse variable de 1700 \u00e0 18000 tr\/mn. Grande capacit\u00e9 de 4 litres. Pichet inox facile \u00e0 nettoyer avec 2 anses. R\u00e9f\u00e9rence soumise \u00e0 une Eco-participation mobilier de 0.99\u20ac par unit\u00e9 vendue. Fonction impulsion pour un contr\u00f4le manuel et pr\u00e9cis. Tableau de commande \u00e9lectronique facile \u00e0 nettoyer. Pieds robustes pour un fonctionnement s\u00fbr et stable.La lame robuste en acier inoxydable traite les ingr\u00e9dients en quelques secondes. R\u00e9f\u00e9rence soumise \u00e0 une Eco-participation DEEE de 0,67\u20ac par unit\u00e9 vendue. Vitesse variable de 1700 \u00e0 18000 tr\/mn.<\/p>\n<p>Caract\u00e9ristiques :<br \/> Capacit\u00e9 : 4L.<br \/> Dimensions : 559(H) x 371(L) x 371(P) mm.<br \/> Mati\u00e8re : Pichet en acier inoxydable.<br \/> Sortie : 6,5A.<br \/> Vitesse : 1700 \u00e0 18000 tr\/mn.<br \/> Voltage : 230V.<br \/> Couleur : Gris et argent.<\/p>\n","protected":false},"excerpt":{"rendered":"<div><img decoding=\"async\" src=\"https:\/\/abinox-chr-clim.com\/wp-content\/uploads\/2024\/03\/abinox-garantie-1-an.webp\" width=\"150px\"\/><\/div>\n<p>Blender vitesse variable Waring 4L CB15V<\/p>\n","protected":false},"featured_media":101466,"comment_status":"closed","ping_status":"closed","template":"","meta":[],"product_brand":[],"product_cat":[1161,1160,1163,1297],"product_tag":[],"class_list":{"0":"post-69141","1":"product","2":"type-product","3":"status-publish","4":"has-post-thumbnail","6":"product_cat-blenders-et-mixeurs-plongeants","7":"product_cat-materiel-electrique-et-de-cuisson","8":"product_cat-mixeurs-plongeants","9":"product_cat-non-palettisable","10":"product_shipping_class-free-shipping","12":"first","13":"instock","14":"featured","15":"taxable","16":"shipping-taxable","17":"purchasable","18":"product-type-simple"},"_links":{"self":[{"href":"https:\/\/abinox-chr-clim.com\/index.php\/wp-json\/wp\/v2\/product\/69141","targetHints":{"allow":["GET"]}}],"collection":[{"href":"https:\/\/abinox-chr-clim.com\/index.php\/wp-json\/wp\/v2\/product"}],"about":[{"href":"https:\/\/abinox-chr-clim.com\/index.php\/wp-json\/wp\/v2\/types\/product"}],"replies":[{"embeddable":true,"href":"https:\/\/abinox-chr-clim.com\/index.php\/wp-json\/wp\/v2\/comments?post=69141"}],"wp:featuredmedia":[{"embeddable":true,"href":"https:\/\/abinox-chr-clim.com\/index.php\/wp-json\/wp\/v2\/media\/101466"}],"wp:attachment":[{"href":"https:\/\/abinox-chr-clim.com\/index.php\/wp-json\/wp\/v2\/media?parent=69141"}],"wp:term":[{"taxonomy":"product_brand","embeddable":true,"href":"https:\/\/abinox-chr-clim.com\/index.php\/wp-json\/wp\/v2\/product_brand?post=69141"},{"taxonomy":"product_cat","embeddable":true,"href":"https:\/\/abinox-chr-clim.com\/index.php\/wp-json\/wp\/v2\/product_cat?post=69141"},{"taxonomy":"product_tag","embeddable":true,"href":"https:\/\/abinox-chr-clim.com\/index.php\/wp-json\/wp\/v2\/product_tag?post=69141"}],"curies":[{"name":"wp","href":"https:\/\/api.w.org\/{rel}","templated":true}]}}