{"id":69140,"date":"2024-03-22T16:22:09","date_gmt":"2024-03-22T15:22:09","guid":{"rendered":"https:\/\/abinox-chr-clim.com\/index.php\/product\/mixeur-dynamic-senior-mx016\/"},"modified":"2026-04-02T09:23:29","modified_gmt":"2026-04-02T07:23:29","slug":"mixeur-dynamic-senior-mx016","status":"publish","type":"product","link":"https:\/\/abinox-chr-clim.com\/index.php\/product\/mixeur-dynamic-senior-mx016\/","title":{"rendered":"Mixeur Dynamic Senior MX016"},"content":{"rendered":"<p>Mixeur avec pied XL en acier inoxydable qui permet de travailler dans des marmites plus profondes. Robuste, puissant et tr\u00e8s maniable, facile \u00e0 nettoyer, avec couteau Ti-m\u00e9tal. Le joint \u00e0 double l\u00e8vre cr\u00e9e une meilleure \u00e9tanch\u00e9it\u00e9 au niveau de la fixation du pied.<br \/>Pied mixeur d\u00e9montable. Facile \u00e0 nettoyer. Couteau Ti-m\u00e9tal. R\u00e9f\u00e9rence soumise \u00e0 une Eco-participation mobilier de 0.22\u20ac par unit\u00e9 vendue. Double isolation.Variateur de vitesse. R\u00e9f\u00e9rence soumise \u00e0 une Eco-participation DEEE de 0,11\u20ac par unit\u00e9 vendue. Pied mixeur d\u00e9montable.<\/p>\n<p>Caract\u00e9ristiques :<br \/> Capacit\u00e9 : 20-40L.<br \/> Dimensions : 695(l)x 95(\u00d8)mm.<br \/> Mati\u00e8re : Lame et axe en inox\/ poign\u00e9e en caoutchouc.<br \/> Sortie : 350W. 1.5A.<br \/> Voltage : 230V.<br \/> Couleur : Orange.<\/p>\n","protected":false},"excerpt":{"rendered":"<div><img decoding=\"async\" src=\"https:\/\/abinox-chr-clim.com\/wp-content\/uploads\/2024\/03\/abinox-garantie-1-an.webp\" width=\"150px\"\/><\/div>\n<p>Mixeur Dynamic Senior MX016<\/p>\n","protected":false},"featured_media":101462,"comment_status":"closed","ping_status":"closed","template":"","meta":[],"product_brand":[],"product_cat":[1161,1160,1163,1297],"product_tag":[],"class_list":{"0":"post-69140","1":"product","2":"type-product","3":"status-publish","4":"has-post-thumbnail","6":"product_cat-blenders-et-mixeurs-plongeants","7":"product_cat-materiel-electrique-et-de-cuisson","8":"product_cat-mixeurs-plongeants","9":"product_cat-non-palettisable","10":"product_shipping_class-free-shipping","12":"first","13":"instock","14":"featured","15":"taxable","16":"shipping-taxable","17":"purchasable","18":"product-type-simple"},"_links":{"self":[{"href":"https:\/\/abinox-chr-clim.com\/index.php\/wp-json\/wp\/v2\/product\/69140","targetHints":{"allow":["GET"]}}],"collection":[{"href":"https:\/\/abinox-chr-clim.com\/index.php\/wp-json\/wp\/v2\/product"}],"about":[{"href":"https:\/\/abinox-chr-clim.com\/index.php\/wp-json\/wp\/v2\/types\/product"}],"replies":[{"embeddable":true,"href":"https:\/\/abinox-chr-clim.com\/index.php\/wp-json\/wp\/v2\/comments?post=69140"}],"wp:featuredmedia":[{"embeddable":true,"href":"https:\/\/abinox-chr-clim.com\/index.php\/wp-json\/wp\/v2\/media\/101462"}],"wp:attachment":[{"href":"https:\/\/abinox-chr-clim.com\/index.php\/wp-json\/wp\/v2\/media?parent=69140"}],"wp:term":[{"taxonomy":"product_brand","embeddable":true,"href":"https:\/\/abinox-chr-clim.com\/index.php\/wp-json\/wp\/v2\/product_brand?post=69140"},{"taxonomy":"product_cat","embeddable":true,"href":"https:\/\/abinox-chr-clim.com\/index.php\/wp-json\/wp\/v2\/product_cat?post=69140"},{"taxonomy":"product_tag","embeddable":true,"href":"https:\/\/abinox-chr-clim.com\/index.php\/wp-json\/wp\/v2\/product_tag?post=69140"}],"curies":[{"name":"wp","href":"https:\/\/api.w.org\/{rel}","templated":true}]}}