{"id":69139,"date":"2024-03-22T16:22:08","date_gmt":"2024-03-22T15:22:08","guid":{"rendered":"https:\/\/abinox-chr-clim.com\/index.php\/product\/mixeur-dynamic-junior-plus-xl-mx024\/"},"modified":"2026-04-02T09:23:29","modified_gmt":"2026-04-02T07:23:29","slug":"mixeur-dynamic-junior-plus-xl-mx024","status":"publish","type":"product","link":"https:\/\/abinox-chr-clim.com\/index.php\/product\/mixeur-dynamic-junior-plus-xl-mx024\/","title":{"rendered":"Mixeur Dynamic Junior Plus XL MX024"},"content":{"rendered":"<p>Mixeur plongeant avec pied d\u00e9montable, bouton de s\u00e9curit\u00e9, double isolation et variateur de vitesse. Tube de plong\u00e9e et cloche en acier inox pour une hygi\u00e8ne parfaite et un entretien facilit\u00e9. Utilisation directement dans la marmite, il pulv\u00e9rise en quelques minutes, les l\u00e9gumes cuits y compris le poireau, les oignons, etc.<br \/>Appareil l\u00e9ger, robuste et tr\u00e8s maniable. R\u00e9f\u00e9rence soumise \u00e0 une Eco-participation mobilier de 0.15\u20ac par unit\u00e9 vendue. Pied mixeur d\u00e9montable. Couteau Ti-m\u00e9tal facile \u00e0 d\u00e9monter. Facile \u00e0 nettoyer. Joint \u00e0 double l\u00e8vre. Longueur du pied 300mm. R\u00e9f\u00e9rence soumise \u00e0 une Eco-participation DEEE de 0,08\u20ac par unit\u00e9 vendue. Appareil l\u00e9ger, robuste et tr\u00e8s maniable.<\/p>\n<p>Caract\u00e9ristiques :<br \/> Capacit\u00e9 : 5-25L.<br \/> Dimensions : 575(H) x 95(\u00d8) mm.<br \/> Mati\u00e8re : Lame et axe en inox\/ poign\u00e9e en caoutchouc.<br \/> Sortie : 270W. 1.2A.<br \/> Vitesse : 0 \u00e0 11000 tr\/mn.<br \/> Voltage : 230V.<br \/> Couleur : Orange.<\/p>\n","protected":false},"excerpt":{"rendered":"<div><img decoding=\"async\" src=\"https:\/\/abinox-chr-clim.com\/wp-content\/uploads\/2024\/03\/abinox-garantie-1-an.webp\" width=\"150px\"\/><\/div>\n<p>Mixeur Dynamic Junior Plus XL MX024<\/p>\n","protected":false},"featured_media":82438,"comment_status":"closed","ping_status":"closed","template":"","meta":[],"product_brand":[],"product_cat":[1161,1160,1163,1297],"product_tag":[],"class_list":{"0":"post-69139","1":"product","2":"type-product","3":"status-publish","4":"has-post-thumbnail","6":"product_cat-blenders-et-mixeurs-plongeants","7":"product_cat-materiel-electrique-et-de-cuisson","8":"product_cat-mixeurs-plongeants","9":"product_cat-non-palettisable","10":"product_shipping_class-free-shipping","12":"first","13":"instock","14":"featured","15":"taxable","16":"shipping-taxable","17":"purchasable","18":"product-type-simple"},"_links":{"self":[{"href":"https:\/\/abinox-chr-clim.com\/index.php\/wp-json\/wp\/v2\/product\/69139","targetHints":{"allow":["GET"]}}],"collection":[{"href":"https:\/\/abinox-chr-clim.com\/index.php\/wp-json\/wp\/v2\/product"}],"about":[{"href":"https:\/\/abinox-chr-clim.com\/index.php\/wp-json\/wp\/v2\/types\/product"}],"replies":[{"embeddable":true,"href":"https:\/\/abinox-chr-clim.com\/index.php\/wp-json\/wp\/v2\/comments?post=69139"}],"wp:featuredmedia":[{"embeddable":true,"href":"https:\/\/abinox-chr-clim.com\/index.php\/wp-json\/wp\/v2\/media\/82438"}],"wp:attachment":[{"href":"https:\/\/abinox-chr-clim.com\/index.php\/wp-json\/wp\/v2\/media?parent=69139"}],"wp:term":[{"taxonomy":"product_brand","embeddable":true,"href":"https:\/\/abinox-chr-clim.com\/index.php\/wp-json\/wp\/v2\/product_brand?post=69139"},{"taxonomy":"product_cat","embeddable":true,"href":"https:\/\/abinox-chr-clim.com\/index.php\/wp-json\/wp\/v2\/product_cat?post=69139"},{"taxonomy":"product_tag","embeddable":true,"href":"https:\/\/abinox-chr-clim.com\/index.php\/wp-json\/wp\/v2\/product_tag?post=69139"}],"curies":[{"name":"wp","href":"https:\/\/api.w.org\/{rel}","templated":true}]}}