{"id":69138,"date":"2024-03-22T16:22:08","date_gmt":"2024-03-22T15:22:08","guid":{"rendered":"https:\/\/abinox-chr-clim.com\/index.php\/product\/mixeur-plongeant-vitesse-variable-buffalo-500mm\/"},"modified":"2026-04-02T09:57:24","modified_gmt":"2026-04-02T07:57:24","slug":"mixeur-plongeant-vitesse-variable-buffalo-500mm","status":"publish","type":"product","link":"https:\/\/abinox-chr-clim.com\/index.php\/product\/mixeur-plongeant-vitesse-variable-buffalo-500mm\/","title":{"rendered":"Mixeur plongeant vitesse variable Buffalo 500mm"},"content":{"rendered":"<p>Puissant et fiable, le mixeur plongeant \u00e0 vitesse variable Buffalo est la solution parfaite pour la cuisine professionnelle. Les commandes de vitesse variable peuvent \u00eatre ajust\u00e9s pendant l&rsquo;utilisation pour garantir les meilleurs r\u00e9sultats \u00e0 chaque utilisation.<br \/>Pied en acier inoxydable de 300 mm, amovible et interchangeable &#8211; facile \u00e0 nettoyer et \u00e0 entretenir.Puissant moteur de 500 W, id\u00e9al pour les grandes pr\u00e9parations.Poign\u00e9e ergonomique pour une utilisation confortable. R\u00e9f\u00e9rence soumise \u00e0 une Eco-participation mobilier de 0.28\u20ac par unit\u00e9 vendue. Livr\u00e9 de s\u00e9rie avec une lame, une lame \u00e9mulsifiante et un kit de retrait. Vitesse variable &#8211; m\u00e9langez avec pr\u00e9cision et obtenez les r\u00e9sultats voulus \u00e0 chaque fois.Design \u00e9l\u00e9gant facile \u00e0 nettoyer. Les \u00e9vents de refroidissement aident \u00e0 pr\u00e9venir la surchauffe lors d&rsquo;une utilisation prolong\u00e9e.Grande capacit\u00e9 de m\u00e9lange de 120 litres. Pied en acier inoxydable de 300 mm, amovible et interchangeable &#8211; facile \u00e0 nettoyer et \u00e0 entretenir. .<br \/> Caract\u00e9ristiques :<br \/> Capacit\u00e9 : 120 L.<br \/> Dimensions : 708(H) mm.<br \/> Mati\u00e8re : .<br \/> Voltage : 220-240V.<br \/> Couleur : Noir.<\/p>\n","protected":false},"excerpt":{"rendered":"<div><img decoding=\"async\" src=\"https:\/\/abinox-chr-clim.com\/wp-content\/uploads\/2024\/03\/abinox-garantie-1-an.webp\" width=\"150px\"\/><\/div>\n<p>Mixeur plongeant vitesse variable Buffalo 500mm<\/p>\n","protected":false},"featured_media":100885,"comment_status":"closed","ping_status":"closed","template":"","meta":[],"product_brand":[],"product_cat":[1161,1160,1163,1297],"product_tag":[],"class_list":{"0":"post-69138","1":"product","2":"type-product","3":"status-publish","4":"has-post-thumbnail","6":"product_cat-blenders-et-mixeurs-plongeants","7":"product_cat-materiel-electrique-et-de-cuisson","8":"product_cat-mixeurs-plongeants","9":"product_cat-non-palettisable","10":"product_shipping_class-free-shipping","12":"first","13":"instock","14":"featured","15":"taxable","16":"shipping-taxable","17":"purchasable","18":"product-type-simple"},"_links":{"self":[{"href":"https:\/\/abinox-chr-clim.com\/index.php\/wp-json\/wp\/v2\/product\/69138","targetHints":{"allow":["GET"]}}],"collection":[{"href":"https:\/\/abinox-chr-clim.com\/index.php\/wp-json\/wp\/v2\/product"}],"about":[{"href":"https:\/\/abinox-chr-clim.com\/index.php\/wp-json\/wp\/v2\/types\/product"}],"replies":[{"embeddable":true,"href":"https:\/\/abinox-chr-clim.com\/index.php\/wp-json\/wp\/v2\/comments?post=69138"}],"wp:featuredmedia":[{"embeddable":true,"href":"https:\/\/abinox-chr-clim.com\/index.php\/wp-json\/wp\/v2\/media\/100885"}],"wp:attachment":[{"href":"https:\/\/abinox-chr-clim.com\/index.php\/wp-json\/wp\/v2\/media?parent=69138"}],"wp:term":[{"taxonomy":"product_brand","embeddable":true,"href":"https:\/\/abinox-chr-clim.com\/index.php\/wp-json\/wp\/v2\/product_brand?post=69138"},{"taxonomy":"product_cat","embeddable":true,"href":"https:\/\/abinox-chr-clim.com\/index.php\/wp-json\/wp\/v2\/product_cat?post=69138"},{"taxonomy":"product_tag","embeddable":true,"href":"https:\/\/abinox-chr-clim.com\/index.php\/wp-json\/wp\/v2\/product_tag?post=69138"}],"curies":[{"name":"wp","href":"https:\/\/api.w.org\/{rel}","templated":true}]}}