{"id":69133,"date":"2024-03-22T16:22:06","date_gmt":"2024-03-22T15:22:06","guid":{"rendered":"https:\/\/abinox-chr-clim.com\/index.php\/product\/mixeur-plongeant-dynamic-smx-700-turbo-mx040t\/"},"modified":"2026-04-02T09:37:39","modified_gmt":"2026-04-02T07:37:39","slug":"mixeur-plongeant-dynamic-smx-700-turbo-mx040t","status":"publish","type":"product","link":"https:\/\/abinox-chr-clim.com\/index.php\/product\/mixeur-plongeant-dynamic-smx-700-turbo-mx040t\/","title":{"rendered":"Mixeur plongeant Dynamic SMX 700 Turbo MX040T"},"content":{"rendered":"<p>Vous avez demand\u00e9 de la puissance &#63; Les supers mixeurs de la gamme SMX r\u00e9pondent pr\u00e9sents. Du SMX 600 E pied fixe au dernier SMX 800 DSC, ces appareils sont destin\u00e9s aux volumes tr\u00e8s importants. Avec leurs supports sp\u00e9cifiques (CF275, vendus s\u00e9par\u00e9ment), leur maniement reste tr\u00e8s ais\u00e9. De plus, ils b\u00e9n\u00e9ficient de la nouvelle technologie de refroidissement du moteur leur assurant ainsi une long\u00e9vit\u00e9 exceptionnelle m\u00eame lors d&rsquo;un usage intensif. Les supports en acier inoxydable sont r\u00e9glables et lavables au lave-vaisselle.<br \/>Pied d\u00e9montable, facile \u00e0 d\u00e9monter. Pied : 600mm. Vient s&rsquo;intercaler au coeur de la gamme SMX. R\u00e9f\u00e9rence soumise \u00e0 une Eco-participation mobilier de 0.41\u20ac par unit\u00e9 vendue. 9500 tr\/mn. Support pour maintenir le mixeur (CF275, vendu s\u00e9par\u00e9ment).Capacit\u00e9 de 75 \u00e0 300L. Pied d\u00e9montable, facile \u00e0 d\u00e9monter.<\/p>\n<p>Caract\u00e9ristiques :<br \/> Dimensions : 870(H) x 245(L) x 125(P) mm.<br \/> Mati\u00e8re : Lame et axe en inox\/ poign\u00e9e en caoutchouc.<br \/> Vitesse : 9500 tr\/mn.<br \/> Voltage : 230V.<br \/> Couleur : Acier inoxydable et orange.<br \/> Puissance : 925 W.<\/p>\n","protected":false},"excerpt":{"rendered":"<div><img decoding=\"async\" src=\"https:\/\/abinox-chr-clim.com\/wp-content\/uploads\/2024\/03\/abinox-garantie-1-an.webp\" width=\"150px\"\/><\/div>\n<p>Mixeur plongeant Dynamic SMX 700 Turbo MX040T<\/p>\n","protected":false},"featured_media":103124,"comment_status":"closed","ping_status":"closed","template":"","meta":[],"product_brand":[],"product_cat":[1161,1160,1163,1297],"product_tag":[],"class_list":{"0":"post-69133","1":"product","2":"type-product","3":"status-publish","4":"has-post-thumbnail","6":"product_cat-blenders-et-mixeurs-plongeants","7":"product_cat-materiel-electrique-et-de-cuisson","8":"product_cat-mixeurs-plongeants","9":"product_cat-non-palettisable","10":"product_shipping_class-free-shipping","12":"first","13":"instock","14":"featured","15":"taxable","16":"shipping-taxable","17":"purchasable","18":"product-type-simple"},"_links":{"self":[{"href":"https:\/\/abinox-chr-clim.com\/index.php\/wp-json\/wp\/v2\/product\/69133","targetHints":{"allow":["GET"]}}],"collection":[{"href":"https:\/\/abinox-chr-clim.com\/index.php\/wp-json\/wp\/v2\/product"}],"about":[{"href":"https:\/\/abinox-chr-clim.com\/index.php\/wp-json\/wp\/v2\/types\/product"}],"replies":[{"embeddable":true,"href":"https:\/\/abinox-chr-clim.com\/index.php\/wp-json\/wp\/v2\/comments?post=69133"}],"wp:featuredmedia":[{"embeddable":true,"href":"https:\/\/abinox-chr-clim.com\/index.php\/wp-json\/wp\/v2\/media\/103124"}],"wp:attachment":[{"href":"https:\/\/abinox-chr-clim.com\/index.php\/wp-json\/wp\/v2\/media?parent=69133"}],"wp:term":[{"taxonomy":"product_brand","embeddable":true,"href":"https:\/\/abinox-chr-clim.com\/index.php\/wp-json\/wp\/v2\/product_brand?post=69133"},{"taxonomy":"product_cat","embeddable":true,"href":"https:\/\/abinox-chr-clim.com\/index.php\/wp-json\/wp\/v2\/product_cat?post=69133"},{"taxonomy":"product_tag","embeddable":true,"href":"https:\/\/abinox-chr-clim.com\/index.php\/wp-json\/wp\/v2\/product_tag?post=69133"}],"curies":[{"name":"wp","href":"https:\/\/api.w.org\/{rel}","templated":true}]}}