{"id":69128,"date":"2024-03-22T16:22:05","date_gmt":"2024-03-22T15:22:05","guid":{"rendered":"https:\/\/abinox-chr-clim.com\/index.php\/product\/mixeur-plongeant-waring-big-stix-wsb55ck\/"},"modified":"2026-04-02T09:37:37","modified_gmt":"2026-04-02T07:37:37","slug":"mixeur-plongeant-waring-big-stix-wsb55ck","status":"publish","type":"product","link":"https:\/\/abinox-chr-clim.com\/index.php\/product\/mixeur-plongeant-waring-big-stix-wsb55ck\/","title":{"rendered":"Mixeur plongeant Waring Big Stix WSB55CK"},"content":{"rendered":"<p>Merveilles techniques de puissance et de polyvalence. Outils incontournables pour toute cuisine professionnelle habitu\u00e9e \u00e0 la pr\u00e9paration de quantit\u00e9s importantes de sauces, soupes, p\u00e2tes \u00e0 frire et pur\u00e9es. Commandez le mixeur complet avec le tube de plong\u00e9e, et commandez s\u00e9par\u00e9ment tout autre tube de longueur diff\u00e9rente dont vous pourriez avoir besoin. Montage\/d\u00e9montage simple et rapide. Vitesse variable de 5 000 \u00e0 18 000 tr\/min.<br \/>Variateur de vitesse (5 000 \u00e0 18 000 tr\/min). La poign\u00e9e de s\u00e9curit\u00e9 robuste r\u00e9duit la fatigue de l&rsquo;utilisateur. Pied facilement d\u00e9montable \u00bf se change en quelques secondes. R\u00e9f\u00e9rence soumise \u00e0 une Eco-participation mobilier de 0.22\u20ac par unit\u00e9 vendue. Moteur \u00e0 double fr\u00e9quence 50Hz \/ 60Hz. A\u00e9rations lat\u00e9rales pour garder le moteur froid pendant l&rsquo;utilisation.Facile \u00e0 utiliser et \u00e0 nettoyer. Variateur de vitesse (5 000 \u00e0 18 000 tr\/min).<\/p>\n<p>Caract\u00e9ristiques :<br \/> Capacit\u00e9 : 56 L.<br \/> Dimensions : 762(H) x 139(L) x 203(P) mm.<br \/> Mati\u00e8re : Lame et axe en inox\/ poign\u00e9e en caoutchouc.<br \/> Sortie : 650W.<br \/> Vitesse : 5 000 \u00e0 18 000 tr\/min.<br \/> Voltage : 230V.<br \/> Couleur : Noir.<\/p>\n","protected":false},"excerpt":{"rendered":"<div><img decoding=\"async\" src=\"https:\/\/abinox-chr-clim.com\/wp-content\/uploads\/2024\/03\/abinox-garantie-1-an.webp\" width=\"150px\"\/><\/div>\n<p>Mixeur plongeant Waring Big Stix WSB55CK<\/p>\n","protected":false},"featured_media":103542,"comment_status":"closed","ping_status":"closed","template":"","meta":[],"product_brand":[],"product_cat":[1161,1160,1163,1297],"product_tag":[],"class_list":{"0":"post-69128","1":"product","2":"type-product","3":"status-publish","4":"has-post-thumbnail","6":"product_cat-blenders-et-mixeurs-plongeants","7":"product_cat-materiel-electrique-et-de-cuisson","8":"product_cat-mixeurs-plongeants","9":"product_cat-non-palettisable","10":"product_shipping_class-free-shipping","12":"first","13":"instock","14":"featured","15":"taxable","16":"shipping-taxable","17":"purchasable","18":"product-type-simple"},"_links":{"self":[{"href":"https:\/\/abinox-chr-clim.com\/index.php\/wp-json\/wp\/v2\/product\/69128","targetHints":{"allow":["GET"]}}],"collection":[{"href":"https:\/\/abinox-chr-clim.com\/index.php\/wp-json\/wp\/v2\/product"}],"about":[{"href":"https:\/\/abinox-chr-clim.com\/index.php\/wp-json\/wp\/v2\/types\/product"}],"replies":[{"embeddable":true,"href":"https:\/\/abinox-chr-clim.com\/index.php\/wp-json\/wp\/v2\/comments?post=69128"}],"wp:featuredmedia":[{"embeddable":true,"href":"https:\/\/abinox-chr-clim.com\/index.php\/wp-json\/wp\/v2\/media\/103542"}],"wp:attachment":[{"href":"https:\/\/abinox-chr-clim.com\/index.php\/wp-json\/wp\/v2\/media?parent=69128"}],"wp:term":[{"taxonomy":"product_brand","embeddable":true,"href":"https:\/\/abinox-chr-clim.com\/index.php\/wp-json\/wp\/v2\/product_brand?post=69128"},{"taxonomy":"product_cat","embeddable":true,"href":"https:\/\/abinox-chr-clim.com\/index.php\/wp-json\/wp\/v2\/product_cat?post=69128"},{"taxonomy":"product_tag","embeddable":true,"href":"https:\/\/abinox-chr-clim.com\/index.php\/wp-json\/wp\/v2\/product_tag?post=69128"}],"curies":[{"name":"wp","href":"https:\/\/api.w.org\/{rel}","templated":true}]}}