{"id":69126,"date":"2024-03-22T16:22:04","date_gmt":"2024-03-22T15:22:04","guid":{"rendered":"https:\/\/abinox-chr-clim.com\/index.php\/product\/mixeur-avec-turbo-blender-dynamic-master-mx120uk\/"},"modified":"2026-04-02T09:27:17","modified_gmt":"2026-04-02T07:27:17","slug":"mixeur-avec-turbo-blender-dynamic-master-mx120uk","status":"publish","type":"product","link":"https:\/\/abinox-chr-clim.com\/index.php\/product\/mixeur-avec-turbo-blender-dynamic-master-mx120uk\/","title":{"rendered":"Mixeur avec turbo blender Dynamic Master MX120UK"},"content":{"rendered":"<p>Appareil turbo blender. Gain de temps jusqu&rsquo;\u00e0 3 fois plus vite par rapport \u00e0 un couteau classique.Une finesse de texture in\u00e9gal\u00e9e. R\u00e9f\u00e9rence soumise \u00e0 une Eco-participation mobilier de 0.27\u20ac par unit\u00e9 vendue. Dispositif silencieux. Conforme aux recommandations HACCP. Plus besoin de passer les pr\u00e9parations au chinois. Pas de lame, manipulation sans risque de coupure. Marteau-broyeur triangulaire en inox, rev\u00eatement Titanium. Pied et cloche 100% inox. Poids adapt\u00e9 pour un confort de travail, silencieux. Appareil turbo blender.<\/p>\n<p>Caract\u00e9ristiques :<br \/> Dimensions : 720(H) x 122(L) x 122(P) mm.<br \/> Mati\u00e8re : Acier inoxydable.<br \/> Sortie : 600W.<br \/> Vitesse : 3000 \u00e0 9500 tr\/mn.<br \/> Voltage : 230V.<br \/> Couleur : Orange.<br \/> Puissance : 600 W.<\/p>\n","protected":false},"excerpt":{"rendered":"<div><img decoding=\"async\" src=\"https:\/\/abinox-chr-clim.com\/wp-content\/uploads\/2024\/03\/abinox-garantie-1-an.webp\" width=\"150px\"\/><\/div>\n<p>Mixeur avec turbo blender Dynamic Master MX120UK<\/p>\n","protected":false},"featured_media":84696,"comment_status":"closed","ping_status":"closed","template":"","meta":[],"product_brand":[],"product_cat":[1161,1160,1163,1297],"product_tag":[],"class_list":{"0":"post-69126","1":"product","2":"type-product","3":"status-publish","4":"has-post-thumbnail","6":"product_cat-blenders-et-mixeurs-plongeants","7":"product_cat-materiel-electrique-et-de-cuisson","8":"product_cat-mixeurs-plongeants","9":"product_cat-non-palettisable","10":"product_shipping_class-free-shipping","12":"first","13":"outofstock","14":"featured","15":"taxable","16":"shipping-taxable","17":"purchasable","18":"product-type-simple"},"_links":{"self":[{"href":"https:\/\/abinox-chr-clim.com\/index.php\/wp-json\/wp\/v2\/product\/69126","targetHints":{"allow":["GET"]}}],"collection":[{"href":"https:\/\/abinox-chr-clim.com\/index.php\/wp-json\/wp\/v2\/product"}],"about":[{"href":"https:\/\/abinox-chr-clim.com\/index.php\/wp-json\/wp\/v2\/types\/product"}],"replies":[{"embeddable":true,"href":"https:\/\/abinox-chr-clim.com\/index.php\/wp-json\/wp\/v2\/comments?post=69126"}],"wp:featuredmedia":[{"embeddable":true,"href":"https:\/\/abinox-chr-clim.com\/index.php\/wp-json\/wp\/v2\/media\/84696"}],"wp:attachment":[{"href":"https:\/\/abinox-chr-clim.com\/index.php\/wp-json\/wp\/v2\/media?parent=69126"}],"wp:term":[{"taxonomy":"product_brand","embeddable":true,"href":"https:\/\/abinox-chr-clim.com\/index.php\/wp-json\/wp\/v2\/product_brand?post=69126"},{"taxonomy":"product_cat","embeddable":true,"href":"https:\/\/abinox-chr-clim.com\/index.php\/wp-json\/wp\/v2\/product_cat?post=69126"},{"taxonomy":"product_tag","embeddable":true,"href":"https:\/\/abinox-chr-clim.com\/index.php\/wp-json\/wp\/v2\/product_tag?post=69126"}],"curies":[{"name":"wp","href":"https:\/\/api.w.org\/{rel}","templated":true}]}}