{"id":69125,"date":"2024-03-22T16:22:02","date_gmt":"2024-03-22T15:22:02","guid":{"rendered":"https:\/\/abinox-chr-clim.com\/index.php\/product\/mixeur-avec-pied-blender-dynamic-dynamix-mx100uk\/"},"modified":"2026-04-02T09:27:16","modified_gmt":"2026-04-02T07:27:16","slug":"mixeur-avec-pied-blender-dynamic-dynamix-mx100uk","status":"publish","type":"product","link":"https:\/\/abinox-chr-clim.com\/index.php\/product\/mixeur-avec-pied-blender-dynamic-dynamix-mx100uk\/","title":{"rendered":"Mixeur avec pied blender Dynamic Dynamix MX100UK"},"content":{"rendered":"<p>Mini mixeur professionnel pour vos petites pr\u00e9parations (soupes, pur\u00e9es et sauces). CF257  contient les \u00e9l\u00e9ments du pack et un pied d\u00e9tachable facile \u00e0 nettoyer pouvant \u00eatre remplac\u00e9 par le pied blender (GL450 &#8211; vendu s\u00e9par\u00e9ment). CM235 est fourni avec le pied blender permettant d&rsquo;\u00e9mulsionner vos pr\u00e9parations en un temps record.<br \/>Le pied cloche blender offre une finesse de texture in\u00e9gal\u00e9e. Gain de temps &#8211; jusqu&rsquo;\u00e0 3 fois plus rapide par rapport \u00e0 un couteau classique. Poids adapt\u00e9 au volume \u00e0 travailler pour un parfait confort de travail. R\u00e9f\u00e9rence soumise \u00e0 une Eco-participation mobilier de 0.08\u20ac par unit\u00e9 vendue. Conforme aux exigences HACCP. La tr\u00e8s haute performance \u00e9limine le besoin de passer la pr\u00e9paration au chinois. Marteau-broyeur triangulaire en inox, rev\u00eatement titanium.Fonctionnement silencieux et s\u00fbr &#8211; la conception de la t\u00eate r\u00e9duit le risque de coupures. Le pied cloche blender offre une finesse de texture in\u00e9gal\u00e9e.<\/p>\n<p>Caract\u00e9ristiques :<br \/> Capacit\u00e9 : 4 L.<br \/> Dimensions : 111(H) x 70(\u00d8) mm.<br \/> Mati\u00e8re : Lame et axe en inox\/ poign\u00e9e en caoutchouc.<br \/> Sortie : 220W.<br \/> Vitesse : 0 \u00e0 13000 tr\/mn.<br \/> Voltage : 220-240V.<br \/> Couleur : Orange.<br \/> Puissance : 220 W.<\/p>\n","protected":false},"excerpt":{"rendered":"<div><img decoding=\"async\" src=\"https:\/\/abinox-chr-clim.com\/wp-content\/uploads\/2024\/03\/abinox-garantie-1-an.webp\" width=\"150px\"\/><\/div>\n<p>Mixeur avec pied blender Dynamic Dynamix MX100UK<\/p>\n","protected":false},"featured_media":84689,"comment_status":"closed","ping_status":"closed","template":"","meta":[],"product_brand":[],"product_cat":[1161,1160,1163,1297],"product_tag":[],"class_list":{"0":"post-69125","1":"product","2":"type-product","3":"status-publish","4":"has-post-thumbnail","6":"product_cat-blenders-et-mixeurs-plongeants","7":"product_cat-materiel-electrique-et-de-cuisson","8":"product_cat-mixeurs-plongeants","9":"product_cat-non-palettisable","10":"product_shipping_class-free-shipping","12":"first","13":"instock","14":"featured","15":"taxable","16":"shipping-taxable","17":"purchasable","18":"product-type-simple"},"_links":{"self":[{"href":"https:\/\/abinox-chr-clim.com\/index.php\/wp-json\/wp\/v2\/product\/69125","targetHints":{"allow":["GET"]}}],"collection":[{"href":"https:\/\/abinox-chr-clim.com\/index.php\/wp-json\/wp\/v2\/product"}],"about":[{"href":"https:\/\/abinox-chr-clim.com\/index.php\/wp-json\/wp\/v2\/types\/product"}],"replies":[{"embeddable":true,"href":"https:\/\/abinox-chr-clim.com\/index.php\/wp-json\/wp\/v2\/comments?post=69125"}],"wp:featuredmedia":[{"embeddable":true,"href":"https:\/\/abinox-chr-clim.com\/index.php\/wp-json\/wp\/v2\/media\/84689"}],"wp:attachment":[{"href":"https:\/\/abinox-chr-clim.com\/index.php\/wp-json\/wp\/v2\/media?parent=69125"}],"wp:term":[{"taxonomy":"product_brand","embeddable":true,"href":"https:\/\/abinox-chr-clim.com\/index.php\/wp-json\/wp\/v2\/product_brand?post=69125"},{"taxonomy":"product_cat","embeddable":true,"href":"https:\/\/abinox-chr-clim.com\/index.php\/wp-json\/wp\/v2\/product_cat?post=69125"},{"taxonomy":"product_tag","embeddable":true,"href":"https:\/\/abinox-chr-clim.com\/index.php\/wp-json\/wp\/v2\/product_tag?post=69125"}],"curies":[{"name":"wp","href":"https:\/\/api.w.org\/{rel}","templated":true}]}}