{"id":69123,"date":"2024-03-22T16:22:01","date_gmt":"2024-03-22T15:22:01","guid":{"rendered":"https:\/\/abinox-chr-clim.com\/index.php\/product\/pack-dynamic-dynashake-mx054\/"},"modified":"2026-04-02T09:12:38","modified_gmt":"2026-04-02T07:12:38","slug":"pack-dynamic-dynashake-mx054","status":"publish","type":"product","link":"https:\/\/abinox-chr-clim.com\/index.php\/product\/pack-dynamic-dynashake-mx054\/","title":{"rendered":"Pack Dynamic Dynashake MX054"},"content":{"rendered":"<p>Le pack Dynashake, gr\u00e2ce \u00e0 son bol \u00e9tanche, vous permettra de r\u00e9aliser vos pr\u00e9parations instantan\u00e9es, telles que smoothies, milkshakes, coktails. avec une facilit\u00e9 et rapidit\u00e9 d\u00e9concertantes. Le pack Dynashake comprend quatre accessoires : un couteau standard, un couteau \u00e9mulsionneur 4 lames, un disque batteur ainsi qu&rsquo;un bol gradu\u00e9 d&rsquo;1L. Pied d\u00e9montable pour un nettoyage facile.<br \/>Puissance maxi : 200 W.  R\u00e9f\u00e9rence soumise \u00e0 une Eco-participation mobilier de 0.1\u20ac par unit\u00e9 vendue. Vitesse variable de 0 \u00e0 13000tr\/min. Pied en acier inoxydable de 190 mm.2 disques et 2 couteaux. Etanche pour \u00e9viter les \u00e9claboussures.Couteau \u00e9mulsionneur.Pied jupe \u00e9tanche. Id\u00e9al pour les smoothies et cocktails.R\u00e9f\u00e9rence soumise \u00e0 une Eco-participation DEEE de 0,08\u20ac par unit\u00e9 vendue. Puissance maxi : 200 W. .<br \/> Caract\u00e9ristiques :<br \/> Capacit\u00e9 : 1 &#8211; 4 L.<br \/> Dimensions : 395(H) x 70(\u00d8) mm.<br \/> Mati\u00e8re : Lame et axe en inox\/ poign\u00e9e en caoutchouc.<br \/> Vitesse : 0 \u00e0 13000 tr\/mn.<br \/> Voltage : 230V.<br \/> Couleur : Orange.<\/p>\n","protected":false},"excerpt":{"rendered":"<div><img decoding=\"async\" src=\"https:\/\/abinox-chr-clim.com\/wp-content\/uploads\/2024\/03\/abinox-garantie-1-an.webp\" width=\"150px\"\/><\/div>\n<p>Pack Dynamic Dynashake MX054<\/p>\n","protected":false},"featured_media":82679,"comment_status":"closed","ping_status":"closed","template":"","meta":[],"product_brand":[],"product_cat":[1161,1160,1163,1297],"product_tag":[],"class_list":{"0":"post-69123","1":"product","2":"type-product","3":"status-publish","4":"has-post-thumbnail","6":"product_cat-blenders-et-mixeurs-plongeants","7":"product_cat-materiel-electrique-et-de-cuisson","8":"product_cat-mixeurs-plongeants","9":"product_cat-non-palettisable","10":"product_shipping_class-free-shipping","12":"first","13":"instock","14":"featured","15":"taxable","16":"shipping-taxable","17":"purchasable","18":"product-type-simple"},"_links":{"self":[{"href":"https:\/\/abinox-chr-clim.com\/index.php\/wp-json\/wp\/v2\/product\/69123","targetHints":{"allow":["GET"]}}],"collection":[{"href":"https:\/\/abinox-chr-clim.com\/index.php\/wp-json\/wp\/v2\/product"}],"about":[{"href":"https:\/\/abinox-chr-clim.com\/index.php\/wp-json\/wp\/v2\/types\/product"}],"replies":[{"embeddable":true,"href":"https:\/\/abinox-chr-clim.com\/index.php\/wp-json\/wp\/v2\/comments?post=69123"}],"wp:featuredmedia":[{"embeddable":true,"href":"https:\/\/abinox-chr-clim.com\/index.php\/wp-json\/wp\/v2\/media\/82679"}],"wp:attachment":[{"href":"https:\/\/abinox-chr-clim.com\/index.php\/wp-json\/wp\/v2\/media?parent=69123"}],"wp:term":[{"taxonomy":"product_brand","embeddable":true,"href":"https:\/\/abinox-chr-clim.com\/index.php\/wp-json\/wp\/v2\/product_brand?post=69123"},{"taxonomy":"product_cat","embeddable":true,"href":"https:\/\/abinox-chr-clim.com\/index.php\/wp-json\/wp\/v2\/product_cat?post=69123"},{"taxonomy":"product_tag","embeddable":true,"href":"https:\/\/abinox-chr-clim.com\/index.php\/wp-json\/wp\/v2\/product_tag?post=69123"}],"curies":[{"name":"wp","href":"https:\/\/api.w.org\/{rel}","templated":true}]}}