{"id":69122,"date":"2024-03-22T16:22:01","date_gmt":"2024-03-22T15:22:01","guid":{"rendered":"https:\/\/abinox-chr-clim.com\/index.php\/product\/pack-dynamic-dynamix-mx052\/"},"modified":"2026-04-02T09:12:37","modified_gmt":"2026-04-02T07:12:37","slug":"pack-dynamic-dynamix-mx052","status":"publish","type":"product","link":"https:\/\/abinox-chr-clim.com\/index.php\/product\/pack-dynamic-dynamix-mx052\/","title":{"rendered":"Pack Dynamic Dynamix MX052"},"content":{"rendered":"<p>Mini mixeur professionnel pour vos petites pr\u00e9parations (soupes, pur\u00e9es et sauces). CF257  contient les \u00e9l\u00e9ments du pack et un pied d\u00e9tachable facile \u00e0 nettoyer pouvant \u00eatre remplac\u00e9 par le pied blender (GL450 &#8211; vendu s\u00e9par\u00e9ment). CM235 est fourni avec le pied blender permettant d&rsquo;\u00e9mulsionner vos pr\u00e9parations en un temps record.<br \/>Puissance maxi : 220W.Vitesse variable allant de 0 \u00e0 13000 tr\/min.Pied en acier inoxydable de 160 mm.R\u00e9f\u00e9rence soumise \u00e0 une Eco-participation mobilier de 0.09\u20ac par unit\u00e9 vendue. Diam\u00e8tre bloc moteur : 70mm. L\u00e9ger. Le pied d\u00e9montable permet un nettoyage facile et une plus grande flexibilit\u00e9 du mixeur. Lames recouvertes de titane. M\u00e9lange de 1 \u00e0 4 litres en une seule op\u00e9ration. R\u00e9f\u00e9rence soumise \u00e0 une Eco-participation DEEE de 0,08\u20ac par unit\u00e9 vendue. Puissance maxi : 220W. .<br \/> Caract\u00e9ristiques :<br \/> Capacit\u00e9 : 4 L.<br \/> Dimensions : 111(H) x 70(\u00d8) mm.<br \/> Mati\u00e8re : Lame et axe en inox\/ poign\u00e9e en caoutchouc.<br \/> Vitesse : 0 \u00e0 13000 tr\/mn.<br \/> Voltage : 220-240V.<br \/> Couleur : Orange.<\/p>\n","protected":false},"excerpt":{"rendered":"<div><img decoding=\"async\" src=\"https:\/\/abinox-chr-clim.com\/wp-content\/uploads\/2024\/03\/abinox-garantie-1-an.webp\" width=\"150px\"\/><\/div>\n<p>Pack Dynamic Dynamix MX052<\/p>\n","protected":false},"featured_media":82671,"comment_status":"closed","ping_status":"closed","template":"","meta":[],"product_brand":[],"product_cat":[1161,1160,1163,1297],"product_tag":[],"class_list":{"0":"post-69122","1":"product","2":"type-product","3":"status-publish","4":"has-post-thumbnail","6":"product_cat-blenders-et-mixeurs-plongeants","7":"product_cat-materiel-electrique-et-de-cuisson","8":"product_cat-mixeurs-plongeants","9":"product_cat-non-palettisable","10":"product_shipping_class-free-shipping","12":"first","13":"instock","14":"featured","15":"taxable","16":"shipping-taxable","17":"purchasable","18":"product-type-simple"},"_links":{"self":[{"href":"https:\/\/abinox-chr-clim.com\/index.php\/wp-json\/wp\/v2\/product\/69122","targetHints":{"allow":["GET"]}}],"collection":[{"href":"https:\/\/abinox-chr-clim.com\/index.php\/wp-json\/wp\/v2\/product"}],"about":[{"href":"https:\/\/abinox-chr-clim.com\/index.php\/wp-json\/wp\/v2\/types\/product"}],"replies":[{"embeddable":true,"href":"https:\/\/abinox-chr-clim.com\/index.php\/wp-json\/wp\/v2\/comments?post=69122"}],"wp:featuredmedia":[{"embeddable":true,"href":"https:\/\/abinox-chr-clim.com\/index.php\/wp-json\/wp\/v2\/media\/82671"}],"wp:attachment":[{"href":"https:\/\/abinox-chr-clim.com\/index.php\/wp-json\/wp\/v2\/media?parent=69122"}],"wp:term":[{"taxonomy":"product_brand","embeddable":true,"href":"https:\/\/abinox-chr-clim.com\/index.php\/wp-json\/wp\/v2\/product_brand?post=69122"},{"taxonomy":"product_cat","embeddable":true,"href":"https:\/\/abinox-chr-clim.com\/index.php\/wp-json\/wp\/v2\/product_cat?post=69122"},{"taxonomy":"product_tag","embeddable":true,"href":"https:\/\/abinox-chr-clim.com\/index.php\/wp-json\/wp\/v2\/product_tag?post=69122"}],"curies":[{"name":"wp","href":"https:\/\/api.w.org\/{rel}","templated":true}]}}