{"id":69121,"date":"2024-03-22T16:22:00","date_gmt":"2024-03-22T15:22:00","guid":{"rendered":"https:\/\/abinox-chr-clim.com\/index.php\/product\/presse-puree-electrique-dynamic-pp-97-plus\/"},"modified":"2026-04-02T09:12:36","modified_gmt":"2026-04-02T07:12:36","slug":"presse-puree-electrique-dynamic-pp-97-plus","status":"publish","type":"product","link":"https:\/\/abinox-chr-clim.com\/index.php\/product\/presse-puree-electrique-dynamic-pp-97-plus\/","title":{"rendered":"Presse-pur\u00e9e \u00e9lectrique Dynamic PP 97 Plus"},"content":{"rendered":"<p>Les fruits et l\u00e9gumes cuits sont r\u00e9duits en pur\u00e9e en quelques minutes &#8211; par  passage forc\u00e9 des aliments dans de petits trous &#8211; pour un r\u00e9sultat sans morceaux. Mod\u00e8les \u00e0 pied fixe et vitesse unique ou \u00e0 pied d\u00e9tachable et vitesse variable.<br \/>Longueur de l&rsquo;arbre 570mm. 650W Moteur. Grille et lame de coupe faciles \u00e0\u00a0 enlever pour le nettoyage. Pur\u00e9e de l\u00e9gumes sans grumeaux \u00e0\u00a0 chaque fois. Acier inoxydable. Acier inoxydable. R\u00e9f\u00e9rence soumise \u00e0 une Eco-participation DEEE de 0,18\u20ac par unit\u00e9 vendue. Longueur de l&rsquo;arbre 570mm.<\/p>\n<p>Caract\u00e9ristiques :<br \/> Dimensions : 870(H) x 110(\u00d8) mm.<br \/> Mati\u00e8re : Lame et axe en inox\/ poign\u00e9e en caoutchouc.<br \/> Vitesse : 100 \u00e0 500 tr\/mn.<br \/> Voltage : 230V.<br \/> Couleur : Orange.<\/p>\n","protected":false},"excerpt":{"rendered":"<div><img decoding=\"async\" src=\"https:\/\/abinox-chr-clim.com\/wp-content\/uploads\/2024\/03\/abinox-garantie-1-an.webp\" width=\"150px\"\/><\/div>\n<p>Presse-pur\u00e9e \u00e9lectrique Dynamic PP 97 Plus<\/p>\n","protected":false},"featured_media":82667,"comment_status":"closed","ping_status":"closed","template":"","meta":[],"product_brand":[],"product_cat":[1161,1160,1163,1297],"product_tag":[],"class_list":{"0":"post-69121","1":"product","2":"type-product","3":"status-publish","4":"has-post-thumbnail","6":"product_cat-blenders-et-mixeurs-plongeants","7":"product_cat-materiel-electrique-et-de-cuisson","8":"product_cat-mixeurs-plongeants","9":"product_cat-non-palettisable","10":"product_shipping_class-free-shipping","12":"first","13":"instock","14":"featured","15":"taxable","16":"shipping-taxable","17":"purchasable","18":"product-type-simple"},"_links":{"self":[{"href":"https:\/\/abinox-chr-clim.com\/index.php\/wp-json\/wp\/v2\/product\/69121","targetHints":{"allow":["GET"]}}],"collection":[{"href":"https:\/\/abinox-chr-clim.com\/index.php\/wp-json\/wp\/v2\/product"}],"about":[{"href":"https:\/\/abinox-chr-clim.com\/index.php\/wp-json\/wp\/v2\/types\/product"}],"replies":[{"embeddable":true,"href":"https:\/\/abinox-chr-clim.com\/index.php\/wp-json\/wp\/v2\/comments?post=69121"}],"wp:featuredmedia":[{"embeddable":true,"href":"https:\/\/abinox-chr-clim.com\/index.php\/wp-json\/wp\/v2\/media\/82667"}],"wp:attachment":[{"href":"https:\/\/abinox-chr-clim.com\/index.php\/wp-json\/wp\/v2\/media?parent=69121"}],"wp:term":[{"taxonomy":"product_brand","embeddable":true,"href":"https:\/\/abinox-chr-clim.com\/index.php\/wp-json\/wp\/v2\/product_brand?post=69121"},{"taxonomy":"product_cat","embeddable":true,"href":"https:\/\/abinox-chr-clim.com\/index.php\/wp-json\/wp\/v2\/product_cat?post=69121"},{"taxonomy":"product_tag","embeddable":true,"href":"https:\/\/abinox-chr-clim.com\/index.php\/wp-json\/wp\/v2\/product_tag?post=69121"}],"curies":[{"name":"wp","href":"https:\/\/api.w.org\/{rel}","templated":true}]}}