{"id":69120,"date":"2024-03-22T16:22:00","date_gmt":"2024-03-22T15:22:00","guid":{"rendered":"https:\/\/abinox-chr-clim.com\/index.php\/product\/mixeur-dynamic-master-mdh2000\/"},"modified":"2026-04-02T09:12:36","modified_gmt":"2026-04-02T07:12:36","slug":"mixeur-dynamic-master-mdh2000","status":"publish","type":"product","link":"https:\/\/abinox-chr-clim.com\/index.php\/product\/mixeur-dynamic-master-mdh2000\/","title":{"rendered":"Mixeur Dynamic Master MDH2000"},"content":{"rendered":"<p>La gamme Master permet de mixer jusqu&rsquo;\u00e0 100L, de travailler au fouet jusqu&rsquo;\u00e0 20L et de r\u00e9duire en pur\u00e9e jusqu&rsquo;\u00e0 30kg sans aucun probl\u00e8me. Fouets \u00e9jectables et pied et presse-pur\u00e9e d\u00e9montables pour un nettoyage facile. Mixeur seul (CF014) ou mixeur et fouet (CF015) ou mixeur-fouet et presse-pur\u00e9e (CF016).<br \/>Puissance maxi : 500W. Voyant lumineux pour indiquer que la machine est sous tension et pr\u00eate \u00e0 fonctionner. Pied d\u00e9montable pour un entretien facile.R\u00e9f\u00e9rence soumise \u00e0 une Eco-participation mobilier de 0.22\u20ac par unit\u00e9 vendue. Design ergonomique. Accessoires interchangeables. Bouton pour un travail par impulsion ou en continu. D\u00e9montable. Pour une utilisation intensive. Fabriqu\u00e9 \u00e0 partir de mat\u00e9riaux durables de haute qualit\u00e9.  R\u00e9f\u00e9rence soumise \u00e0 une Eco-participation DEEE de 0,15\u20ac par unit\u00e9 vendue. Puissance maxi : 500W.<\/p>\n<p>Caract\u00e9ristiques :<br \/> Capacit\u00e9 : 40-100 litres.<br \/> Dimensions : 720(H) x 410(\u00d8) mm.<br \/> Mati\u00e8re : Lame et axe en inox\/ poign\u00e9e en caoutchouc.<br \/> Vitesse : 3000 \u00e0 9500 tr\/mn.<br \/> Voltage : 230V<\/p>\n","protected":false},"excerpt":{"rendered":"<div><img decoding=\"async\" src=\"https:\/\/abinox-chr-clim.com\/wp-content\/uploads\/2024\/03\/abinox-garantie-1-an.webp\" width=\"150px\"\/><\/div>\n<p>Mixeur Dynamic Master MDH2000<\/p>\n","protected":false},"featured_media":82460,"comment_status":"closed","ping_status":"closed","template":"","meta":[],"product_brand":[],"product_cat":[1161,1160,1163,1297],"product_tag":[],"class_list":{"0":"post-69120","1":"product","2":"type-product","3":"status-publish","4":"has-post-thumbnail","6":"product_cat-blenders-et-mixeurs-plongeants","7":"product_cat-materiel-electrique-et-de-cuisson","8":"product_cat-mixeurs-plongeants","9":"product_cat-non-palettisable","10":"product_shipping_class-free-shipping","12":"first","13":"instock","14":"featured","15":"taxable","16":"shipping-taxable","17":"purchasable","18":"product-type-simple"},"_links":{"self":[{"href":"https:\/\/abinox-chr-clim.com\/index.php\/wp-json\/wp\/v2\/product\/69120","targetHints":{"allow":["GET"]}}],"collection":[{"href":"https:\/\/abinox-chr-clim.com\/index.php\/wp-json\/wp\/v2\/product"}],"about":[{"href":"https:\/\/abinox-chr-clim.com\/index.php\/wp-json\/wp\/v2\/types\/product"}],"replies":[{"embeddable":true,"href":"https:\/\/abinox-chr-clim.com\/index.php\/wp-json\/wp\/v2\/comments?post=69120"}],"wp:featuredmedia":[{"embeddable":true,"href":"https:\/\/abinox-chr-clim.com\/index.php\/wp-json\/wp\/v2\/media\/82460"}],"wp:attachment":[{"href":"https:\/\/abinox-chr-clim.com\/index.php\/wp-json\/wp\/v2\/media?parent=69120"}],"wp:term":[{"taxonomy":"product_brand","embeddable":true,"href":"https:\/\/abinox-chr-clim.com\/index.php\/wp-json\/wp\/v2\/product_brand?post=69120"},{"taxonomy":"product_cat","embeddable":true,"href":"https:\/\/abinox-chr-clim.com\/index.php\/wp-json\/wp\/v2\/product_cat?post=69120"},{"taxonomy":"product_tag","embeddable":true,"href":"https:\/\/abinox-chr-clim.com\/index.php\/wp-json\/wp\/v2\/product_tag?post=69120"}],"curies":[{"name":"wp","href":"https:\/\/api.w.org\/{rel}","templated":true}]}}