{"id":69119,"date":"2024-03-22T16:22:00","date_gmt":"2024-03-22T15:22:00","guid":{"rendered":"https:\/\/abinox-chr-clim.com\/index.php\/product\/mixeur-plongeant-dynamic-master-dyna-speed-mx030uk\/"},"modified":"2026-04-02T09:12:35","modified_gmt":"2026-04-02T07:12:35","slug":"mixeur-plongeant-dynamic-master-dyna-speed-mx030uk","status":"publish","type":"product","link":"https:\/\/abinox-chr-clim.com\/index.php\/product\/mixeur-plongeant-dynamic-master-dyna-speed-mx030uk\/","title":{"rendered":"Mixeur plongeant Dynamic Master Dyna Speed MX030UK"},"content":{"rendered":"<p>Puissant mixeur \u00e9quip\u00e9 du contr\u00f4le de vitesse variable intelligent Dynaspeed pour adapter la vitesse \u00e0 la texture des m\u00e9langes.<br \/>Commande permettant de faire tourner le moteur en continu ou par impulsions. Voyant lumineux pour indiquer que la machine est sous tension et pr\u00eate \u00e0 fonctionner. Poign\u00e9e ergonomique. R\u00e9f\u00e9rence soumise \u00e0 une Eco-participation mobilier de 0.22\u20ac par unit\u00e9 vendue.  Le mod\u00e8le CF013 est \u00e9quip\u00e9 du contr\u00f4le de vitesse variable intelligent Dynaspeed pour adapter la vitesse \u00e0 la texture des m\u00e9langes. R\u00e9f\u00e9rence soumise \u00e0 une Eco-participation DEEE de 0,14\u20ac par unit\u00e9 vendue. Commande permettant de faire tourner le moteur en continu ou par impulsions.<\/p>\n<p>Caract\u00e9ristiques :<br \/> Capacit\u00e9 : 40-100 litres.<br \/> Dimensions : 720(H) x 122(\u00d8) mm.<br \/> Mati\u00e8re : .<br \/> Vitesse : 3000 \u00e0 9000 tr\/mn.<br \/> Voltage : 230V.<br \/> Couleur : Orange.<\/p>\n","protected":false},"excerpt":{"rendered":"<div><img decoding=\"async\" src=\"https:\/\/abinox-chr-clim.com\/wp-content\/uploads\/2024\/03\/abinox-garantie-1-an.webp\" width=\"150px\"\/><\/div>\n<p>Mixeur plongeant Dynamic Master Dyna Speed MX030UK<\/p>\n","protected":false},"featured_media":82452,"comment_status":"closed","ping_status":"closed","template":"","meta":[],"product_brand":[],"product_cat":[1161,1160,1163,1297],"product_tag":[],"class_list":{"0":"post-69119","1":"product","2":"type-product","3":"status-publish","4":"has-post-thumbnail","6":"product_cat-blenders-et-mixeurs-plongeants","7":"product_cat-materiel-electrique-et-de-cuisson","8":"product_cat-mixeurs-plongeants","9":"product_cat-non-palettisable","10":"product_shipping_class-free-shipping","12":"first","13":"instock","14":"featured","15":"taxable","16":"shipping-taxable","17":"purchasable","18":"product-type-simple"},"_links":{"self":[{"href":"https:\/\/abinox-chr-clim.com\/index.php\/wp-json\/wp\/v2\/product\/69119","targetHints":{"allow":["GET"]}}],"collection":[{"href":"https:\/\/abinox-chr-clim.com\/index.php\/wp-json\/wp\/v2\/product"}],"about":[{"href":"https:\/\/abinox-chr-clim.com\/index.php\/wp-json\/wp\/v2\/types\/product"}],"replies":[{"embeddable":true,"href":"https:\/\/abinox-chr-clim.com\/index.php\/wp-json\/wp\/v2\/comments?post=69119"}],"wp:featuredmedia":[{"embeddable":true,"href":"https:\/\/abinox-chr-clim.com\/index.php\/wp-json\/wp\/v2\/media\/82452"}],"wp:attachment":[{"href":"https:\/\/abinox-chr-clim.com\/index.php\/wp-json\/wp\/v2\/media?parent=69119"}],"wp:term":[{"taxonomy":"product_brand","embeddable":true,"href":"https:\/\/abinox-chr-clim.com\/index.php\/wp-json\/wp\/v2\/product_brand?post=69119"},{"taxonomy":"product_cat","embeddable":true,"href":"https:\/\/abinox-chr-clim.com\/index.php\/wp-json\/wp\/v2\/product_cat?post=69119"},{"taxonomy":"product_tag","embeddable":true,"href":"https:\/\/abinox-chr-clim.com\/index.php\/wp-json\/wp\/v2\/product_tag?post=69119"}],"curies":[{"name":"wp","href":"https:\/\/api.w.org\/{rel}","templated":true}]}}