{"id":69118,"date":"2024-03-22T16:21:59","date_gmt":"2024-03-22T15:21:59","guid":{"rendered":"https:\/\/abinox-chr-clim.com\/index.php\/product\/mixeur-plongeant-dynamic-master-mx004uk\/"},"modified":"2026-04-02T09:12:34","modified_gmt":"2026-04-02T07:12:34","slug":"mixeur-plongeant-dynamic-master-mx004uk","status":"publish","type":"product","link":"https:\/\/abinox-chr-clim.com\/index.php\/product\/mixeur-plongeant-dynamic-master-mx004uk\/","title":{"rendered":"Mixeur plongeant Dynamic Master MX004UK"},"content":{"rendered":"<p>La gamme Dynamic Master est super-puissante et disponible en version vitesse fixe ou contr\u00f4le de vitesse intelligent \u00ab\u00a0Dynaspeed\u00a0\u00bb.  Permet de mixer sans probl\u00e8me jusqu&rsquo;\u00e0 100L dans un seul r\u00e9cipient.<br \/>Commande permettant de faire tourner le moteur en continu ou par impulsions. Voyant lumineux pour indiquer que la machine est sous tension et pr\u00eate \u00e0 fonctionner. Poign\u00e9e ergonomique. R\u00e9f\u00e9rence soumise \u00e0 une Eco-participation mobilier de 0.21\u20ac par unit\u00e9 vendue.  R\u00e9f\u00e9rence soumise \u00e0 une Eco-participation DEEE de 0,13\u20ac par unit\u00e9 vendue. Commande permettant de faire tourner le moteur en continu ou par impulsions.<\/p>\n<p>Caract\u00e9ristiques :<br \/> Capacit\u00e9 : 40-100L.<br \/> Dimensions : 720(H) x 122(\u00d8) mm.<br \/> Mati\u00e8re : .<br \/> Vitesse : 9500 tr\/mn.<br \/> Voltage : 220-240V.<br \/> Couleur : Orange.<\/p>\n","protected":false},"excerpt":{"rendered":"<div><img decoding=\"async\" src=\"https:\/\/abinox-chr-clim.com\/wp-content\/uploads\/2024\/03\/abinox-garantie-1-an.webp\" width=\"150px\"\/><\/div>\n<p>Mixeur plongeant Dynamic Master MX004UK<\/p>\n","protected":false},"featured_media":82451,"comment_status":"closed","ping_status":"closed","template":"","meta":[],"product_brand":[],"product_cat":[1161,1160,1163,1297],"product_tag":[],"class_list":{"0":"post-69118","1":"product","2":"type-product","3":"status-publish","4":"has-post-thumbnail","6":"product_cat-blenders-et-mixeurs-plongeants","7":"product_cat-materiel-electrique-et-de-cuisson","8":"product_cat-mixeurs-plongeants","9":"product_cat-non-palettisable","10":"product_shipping_class-free-shipping","12":"first","13":"instock","14":"featured","15":"taxable","16":"shipping-taxable","17":"purchasable","18":"product-type-simple"},"_links":{"self":[{"href":"https:\/\/abinox-chr-clim.com\/index.php\/wp-json\/wp\/v2\/product\/69118","targetHints":{"allow":["GET"]}}],"collection":[{"href":"https:\/\/abinox-chr-clim.com\/index.php\/wp-json\/wp\/v2\/product"}],"about":[{"href":"https:\/\/abinox-chr-clim.com\/index.php\/wp-json\/wp\/v2\/types\/product"}],"replies":[{"embeddable":true,"href":"https:\/\/abinox-chr-clim.com\/index.php\/wp-json\/wp\/v2\/comments?post=69118"}],"wp:featuredmedia":[{"embeddable":true,"href":"https:\/\/abinox-chr-clim.com\/index.php\/wp-json\/wp\/v2\/media\/82451"}],"wp:attachment":[{"href":"https:\/\/abinox-chr-clim.com\/index.php\/wp-json\/wp\/v2\/media?parent=69118"}],"wp:term":[{"taxonomy":"product_brand","embeddable":true,"href":"https:\/\/abinox-chr-clim.com\/index.php\/wp-json\/wp\/v2\/product_brand?post=69118"},{"taxonomy":"product_cat","embeddable":true,"href":"https:\/\/abinox-chr-clim.com\/index.php\/wp-json\/wp\/v2\/product_cat?post=69118"},{"taxonomy":"product_tag","embeddable":true,"href":"https:\/\/abinox-chr-clim.com\/index.php\/wp-json\/wp\/v2\/product_tag?post=69118"}],"curies":[{"name":"wp","href":"https:\/\/api.w.org\/{rel}","templated":true}]}}