{"id":69117,"date":"2024-03-22T16:21:59","date_gmt":"2024-03-22T15:21:59","guid":{"rendered":"https:\/\/abinox-chr-clim.com\/index.php\/product\/fouet-dynamic-master-ft97\/"},"modified":"2026-04-02T09:12:33","modified_gmt":"2026-04-02T07:12:33","slug":"fouet-dynamic-master-ft97","status":"publish","type":"product","link":"https:\/\/abinox-chr-clim.com\/index.php\/product\/fouet-dynamic-master-ft97\/","title":{"rendered":"Fouet Dynamic Master FT97"},"content":{"rendered":"<p>Mixeur puissant id\u00e9al pour les soupes, potages, sauces et mayonnaise jusqu&rsquo;\u00e0 20 litres.<br \/>Le puissant moteur de 600 W permet de fouetter des quantit\u00e9s importantes ou lourdes.M\u00e9langes de grandes quantit\u00e9s comprises entre 5 et 10 litres. L&rsquo;interrupteur de s\u00e9curit\u00e9 emp\u00eache tout fonctionnement accidentel. Fouet non d\u00e9tachable facile \u00e0 nettoyer. Laver en immergeant les lames dans l&rsquo;eau et en faisant tourner la machine pendant 3 secondes.Vitesse variable &#8211; 300-900 tr\/min. Fouettez \u00e0 la vitesse souhait\u00e9e. Lames de fouet en acier inoxydable solides et durables. Bouton de fonctionnement en continu apportant du confort lors des pr\u00e9parations longues. R\u00e9f\u00e9rence soumise \u00e0 une Eco-participation DEEE de 0,14\u20ac par unit\u00e9 vendue. Le puissant moteur de 600 W permet de fouetter des quantit\u00e9s importantes ou lourdes.<\/p>\n<p>Caract\u00e9ristiques :<br \/> Capacit\u00e9 : 200L.<br \/> Dimensions : 860(H) x 125(\u00d8)mm.<br \/> Mati\u00e8re : Lame et axe en inox\/ poign\u00e9e en caoutchouc.<br \/> Vitesse : 300-900 tr\/mn.<br \/> Voltage : 230V.<br \/> Couleur : Orange.<\/p>\n","protected":false},"excerpt":{"rendered":"<div><img decoding=\"async\" src=\"https:\/\/abinox-chr-clim.com\/wp-content\/uploads\/2024\/03\/abinox-garantie-1-an.webp\" width=\"150px\"\/><\/div>\n<p>Fouet Dynamic Master FT97<\/p>\n","protected":false},"featured_media":82442,"comment_status":"closed","ping_status":"closed","template":"","meta":[],"product_brand":[],"product_cat":[1161,1160,1163,1297],"product_tag":[],"class_list":{"0":"post-69117","1":"product","2":"type-product","3":"status-publish","4":"has-post-thumbnail","6":"product_cat-blenders-et-mixeurs-plongeants","7":"product_cat-materiel-electrique-et-de-cuisson","8":"product_cat-mixeurs-plongeants","9":"product_cat-non-palettisable","10":"product_shipping_class-free-shipping","12":"first","13":"instock","14":"featured","15":"taxable","16":"shipping-taxable","17":"purchasable","18":"product-type-simple"},"_links":{"self":[{"href":"https:\/\/abinox-chr-clim.com\/index.php\/wp-json\/wp\/v2\/product\/69117","targetHints":{"allow":["GET"]}}],"collection":[{"href":"https:\/\/abinox-chr-clim.com\/index.php\/wp-json\/wp\/v2\/product"}],"about":[{"href":"https:\/\/abinox-chr-clim.com\/index.php\/wp-json\/wp\/v2\/types\/product"}],"replies":[{"embeddable":true,"href":"https:\/\/abinox-chr-clim.com\/index.php\/wp-json\/wp\/v2\/comments?post=69117"}],"wp:featuredmedia":[{"embeddable":true,"href":"https:\/\/abinox-chr-clim.com\/index.php\/wp-json\/wp\/v2\/media\/82442"}],"wp:attachment":[{"href":"https:\/\/abinox-chr-clim.com\/index.php\/wp-json\/wp\/v2\/media?parent=69117"}],"wp:term":[{"taxonomy":"product_brand","embeddable":true,"href":"https:\/\/abinox-chr-clim.com\/index.php\/wp-json\/wp\/v2\/product_brand?post=69117"},{"taxonomy":"product_cat","embeddable":true,"href":"https:\/\/abinox-chr-clim.com\/index.php\/wp-json\/wp\/v2\/product_cat?post=69117"},{"taxonomy":"product_tag","embeddable":true,"href":"https:\/\/abinox-chr-clim.com\/index.php\/wp-json\/wp\/v2\/product_tag?post=69117"}],"curies":[{"name":"wp","href":"https:\/\/api.w.org\/{rel}","templated":true}]}}